{"id":3771,"date":"2025-09-12T16:14:48","date_gmt":"2025-09-12T15:14:48","guid":{"rendered":"https:\/\/lesaffre-wa.com\/cd\/?page_id=3771"},"modified":"2025-12-02T11:46:00","modified_gmt":"2025-12-02T10:46:00","slug":"utilisation-des-cookies","status":"publish","type":"page","link":"https:\/\/lesaffre-wa.com\/cd\/utilisation-des-cookies","title":{"rendered":"Utilisation des cookies"},"content":{"rendered":"\n<p>This Cet avis sur les cookies a \u00e9t\u00e9 mis \u00e0 jour pour la derni\u00e8re fois le 25\/02\/2025<\/p>\n\n\n\n<p>Le pr\u00e9sent Avis sur les cookies s&rsquo;applique au site Internet de la SOCIETE INDUSTRIELLE LESAFFRE disponible \u00e0 l&rsquo;adresse <a href=\"https:\/\/lesaffre-wa.com\/fr\/page-daccueil\">www.lesaffre-wa.com<\/a> (le \u00ab <strong>Site Internet<\/strong> \u00bb). Vous pouvez acc\u00e9der \u00e0 vos pr\u00e9f\u00e9rences en mati\u00e8re de cookies et les modifier \u00e0 tout moment en cliquant ici.\u00a0<\/p>\n\n\n\n<h2 class=\"wp-block-heading\">1- Que sont les cookies ?<\/h2>\n\n\n\n<ol class=\"wp-block-list\"><\/ol>\n\n\n\n<p>Lesaffre International (\u00e9galement d\u00e9nomm\u00e9 \u00ab Lesaffre \u00bb<strong> <\/strong>ou \u00ab <strong>nous<\/strong> \u00bb) utilise des cookies sur le Site. Un cookie est un tr\u00e8s petit document texte, qui comprend souvent un identifiant unique anonyme. Les cookies sont cr\u00e9\u00e9s lorsque votre navigateur charge un site Web particulier. Le site web envoie des informations au navigateur qui cr\u00e9e ensuite un fichier texte. Chaque fois que l&rsquo;utilisateur revient sur le m\u00eame site web, le navigateur r\u00e9cup\u00e8re et envoie ce fichier au serveur du site web. En savoir plus sur l&rsquo;utilisation des cookies sur <a href=\"http:\/\/www.allaboutcookies.org\">www.allaboutcookies.org<\/a>.&nbsp;<\/p>\n\n\n\n<p>Nous utilisons \u00e9galement d&rsquo;autres formes de technologie (telles que des balises Web ou des pixels invisibles) qui ont un objectif similaire \u00e0 celui des cookies et qui nous permettent de surveiller et d&rsquo;am\u00e9liorer notre site Web. Lorsque nous parlons de cookies dans le pr\u00e9sent Avis sur les cookies, ce terme inclut ces technologies similaires. Si la finalit\u00e9 du traitement des donn\u00e9es personnelles est modifi\u00e9e de mani\u00e8re significative, la PDPL des \u00c9mirats arabes unis exige un nouveau consentement de l&rsquo;utilisateur. Ce consentement doit \u00eatre obtenu de l&rsquo;Utilisateur de mani\u00e8re claire, simple et non ambigu\u00eb et ce consentement doit \u00eatre enregistr\u00e9 et le Responsable du traitement doit \u00eatre en mesure de prouver que ce consentement a \u00e9t\u00e9 obtenu. Si vous souhaitez obtenir plus d&rsquo;informations sur nos pratiques en mati\u00e8re de confidentialit\u00e9, veuillez consulter notre page de <a href=\"\/fr\/politique-de-confidentialite\">politique de confidentialit\u00e9<\/a>.<\/p>\n\n\n\n<h2 class=\"wp-block-heading\">2- Quels cookies utilisons-nous, quelles informations collectent-ils et combien de temps sont-ils stock\u00e9s ?<\/h2>\n\n\n\n<ol start=\"2\" class=\"wp-block-list\"><\/ol>\n\n\n\n<p>Vous pouvez trouver plus d&rsquo;informations sur les autres cookies individuels que nous utilisons et les raisons pour lesquelles nous les utilisons dans le tableau ci-dessous :<\/p>\n\n\n\n<figure class=\"wp-block-table\"><table class=\"has-fixed-layout\"><tbody><tr><td><strong>Type de cookie<\/strong><\/td><td><strong>But<\/strong><\/td><td><strong>Dur\u00e9e jusqu&rsquo;\u00e0 l&rsquo;expiration<\/strong><\/td><\/tr><tr><td><strong>Cookies strictement n\u00e9cessaires<\/strong><\/td><td>Ces cookies sont n\u00e9cessaires pour activer les fonctionnalit\u00e9s de base. Sans ces cookies, il ne serait pas possible d&rsquo;enregistrer votre consentement ou votre refus concernant l&rsquo;utilisation des cookies sur le site Web.<\/td><td>13 mois<\/td><\/tr><tr><td><strong>Cookies analytiques<\/strong><\/td><td>Ces cookies nous aident \u00e0 am\u00e9liorer ou \u00e0 optimiser l&rsquo;exp\u00e9rience que nous offrons. Ils nous permettent de mesurer la fa\u00e7on dont les visiteurs interagissent avec notre site Web et nous utilisons ces informations pour am\u00e9liorer l&rsquo;exp\u00e9rience utilisateur et les performances du site Web.Ces cookies sont utilis\u00e9s pour collecter des informations techniques telles que le dernier site Web visit\u00e9, le nombre de pages visit\u00e9es, les parties de notre site Web sur lesquelles on clique et le temps \u00e9coul\u00e9 entre les clics.<\/td><td>13 mois<\/td><\/tr><tr><td><strong>Cookies fonctionnels<\/strong><\/td><td>Nous pouvons utiliser des cookies qui ne sont pas essentiels, mais qui activent diverses fonctionnalit\u00e9s utiles sur notre site Web.Par exemple, ces cookies collectent des informations sur votre interaction avec les services fournis sur le site Web et peuvent \u00eatre utilis\u00e9s sur notre site Web pour m\u00e9moriser vos pr\u00e9f\u00e9rences (telles que votre pr\u00e9f\u00e9rence linguistique). Nous vous demanderons votre consentement pour utiliser ces cookies lorsque vous demanderez le service concern\u00e9.&nbsp;<\/td><td>24h<\/td><\/tr><tr><td><strong>Cookies de m\u00e9dias sociaux<\/strong><\/td><td>Ces cookies sont utilis\u00e9s lorsque vous partagez des informations \u00e0 l&rsquo;aide d&rsquo;un bouton de partage de m\u00e9dias sociaux ou d&rsquo;un bouton \u00ab J&rsquo;aime \u00bb sur notre site Web, ou lorsque vous interagissez avec notre contenu sur ou via un site social tel que Facebook ou Twitter. Ces cookies collectent des informations sur votre interaction sur les r\u00e9seaux sociaux avec le site Web, par exemple si vous avez ou non un compte sur le site de m\u00e9dias sociaux et si vous y \u00eates connect\u00e9 lorsque vous interagissez avec le contenu de notre site Web. Ces informations peuvent \u00eatre li\u00e9es \u00e0 des activit\u00e9s de ciblage\/publicit\u00e9.<\/td><td>Youtube 18 mois<a href=\"https:\/\/policies.google.com\/technologies\/retention?hl=en&amp;gl=en\">Comment Google conserve les donn\u00e9es que nous collectons \u2013 Confidentialit\u00e9 et conditions d&rsquo;utilisation \u2013 Google<\/a>\u00a0<br>Instagram &#8211; 3 mois<br>Facebook &#8211; 3 mois <a href=\"https:\/\/www.facebook.com\/privacy\/policies\/cookies\">https:\/\/www.facebook.com\/privacy\/policies\/cookies<\/a><\/td><\/tr><\/tbody><\/table><\/figure>\n\n\n\n<h2 class=\"wp-block-heading\">3- Tiers<\/h2>\n\n\n\n<ol start=\"3\" class=\"wp-block-list\"><\/ol>\n\n\n\n<p>Votre utilisation du site Web peut entra\u00eener le stockage de certains cookies qui ne sont pas contr\u00f4l\u00e9s par nous. Cela peut se produire lorsque la partie du site Web que vous visitez utilise des analyses tierces ou inclut du contenu affich\u00e9 \u00e0 partir d&rsquo;un site Web tiers, par exemple, YouTube. Vous devez consulter les avis de confidentialit\u00e9 et les avis sur les cookies de ces services pour savoir comment ces tiers utilisent les cookies et si vos donn\u00e9es de cookies seront transf\u00e9r\u00e9es vers un pays tiers. Une liste des tiers qui placent des cookies sur le site Web peut \u00eatre trouv\u00e9e : Empirik, Blaaaz, Shift In, Google Tag Manager, Youtube, Meta.<\/p>\n\n\n\n<p>Certains cookies peuvent impliquer le transfert de vos donn\u00e9es en dehors de la juridiction applicable, y compris vers des pays qui peuvent ne pas offrir le m\u00eame niveau de protection des donn\u00e9es que celui requis par les lois applicables. Pour assurer la s\u00e9curit\u00e9 et la confidentialit\u00e9 de vos donn\u00e9es, nous mettons en place des garanties robustes dans le respect de la r\u00e9glementation applicable. Ces mesures comprennent des engagements contractuels avec les prestataires avec lesquels Lesaffre travaille.&nbsp;&nbsp;<\/p>\n\n\n\n<h2 class=\"wp-block-heading\">4- Droits de l&rsquo;utilisateur<\/h2>\n\n\n\n<ol start=\"4\" class=\"wp-block-list\"><\/ol>\n\n\n\n<p>En vertu de la loi applicable, vous disposez d&rsquo;un droit d&rsquo;acc\u00e8s, de rectification\/modification ou de suppression des donn\u00e9es personnelles que nous traitons par le biais des cookies. Vous pouvez \u00e9galement vous opposer ou retirer votre consentement aux cookies non essentiels \u00e0 tout moment. Pour exercer ces droits, veuillez nous contacter \u00e0 l&rsquo;adresse suivante : SOCIETE INDUSTRIELLE LESAFFRE &#8211; Direction Marketing R\u00e9gion MEA \u2013 137 rue Gabriel P\u00e9ri 59700 MARCQ-EN-BAROEUL<\/p>\n\n\n\n<p>De plus, vous pouvez utiliser notre outil de pr\u00e9f\u00e9rences en mati\u00e8re de cookies pour :<\/p>\n\n\n\n<ol class=\"wp-block-list\">\n<li>Voir les types de cookies que nous utilisons.<\/li>\n\n\n\n<li>Accepter ou refuser des cat\u00e9gories de cookies sp\u00e9cifiques.<\/li>\n\n\n\n<li>Retirer votre consentement pour les cookies non essentiels \u00e0 tout moment.<\/li>\n<\/ol>\n\n\n\n<h2 class=\"wp-block-heading\">5- Comment g\u00e9rez-vous ces technologies ?<\/h2>\n\n\n\n<ol start=\"5\" class=\"wp-block-list\"><\/ol>\n\n\n\n<p>Vous pouvez modifier, \u00e0 tout moment, vos pr\u00e9f\u00e9rences en mati\u00e8re de cookies <em>ici<\/em>.<\/p>\n\n\n\n<p>La plupart des navigateurs Internet vous permettent de g\u00e9rer les param\u00e8tres des cookies ou de les supprimer. Les m\u00e9thodes varient pour ce faire, mais vous pouvez trouver des informations sur la gestion des cookies en cliquant sur les liens suivants :<\/p>\n\n\n\n<ul class=\"wp-block-list\">\n<li><a href=\"https:\/\/support.google.com\/chrome\/answer\/95647\" target=\"_blank\" rel=\"noreferrer noopener\">Google Chrome<\/a>\u00a0<\/li>\n\n\n\n<li><a href=\"https:\/\/support.mozilla.org\/en-US\/kb\/enhanced-tracking-protection-firefox-desktop\" target=\"_blank\" rel=\"noreferrer noopener\">Mozilla Firefox<\/a><\/li>\n\n\n\n<li><a href=\"https:\/\/support.apple.com\/en-gb\/guide\/safari\/sfri11471\/mac\" target=\"_blank\" rel=\"noreferrer noopener\">Apple Safari<\/a><\/li>\n\n\n\n<li><a href=\"https:\/\/support.microsoft.com\/en-gb\/windows\/microsoft-edge-browsing-data-and-privacy-bb8174ba-9d73-dcf2-9b4a-c582b4e640dd\" target=\"_blank\" rel=\"noreferrer noopener\">Bord Microsoft<\/a><\/li>\n<\/ul>\n\n\n\n<h2 class=\"wp-block-heading\">6- Contactez-nous<\/h2>\n\n\n\n<ol start=\"6\" class=\"wp-block-list\"><\/ol>\n\n\n\n<p>L&rsquo;entit\u00e9 responsable est Lesaffre International. Si vous avez des questions sur cet Avis sur les cookies ou si vous souhaitez nous contacter pour une raison quelconque en relation avec notre utilisation des cookies, veuillez nous contacter \u00e0 l&rsquo;adresse suivante : SOCIETE INDUSTRIELLE LESAFFRE &#8211; D\u00e9partement Marketing R\u00e9gion MEA \u2013 137 rue Gabriel P\u00e9ri 59700 MARCQ-EN-BAROEUL \u2013 Tel : +33 +(0)3 20 81 61 00 \u2013 Email : <a href=\"mailto:lesaffrewa@lesaffre.com\">lesaffrewa@lesaffre.com<\/a><a id=\"_msocom_1\"><\/a><\/p>\n","protected":false},"excerpt":{"rendered":"<p>This Cet avis sur les cookies a \u00e9t\u00e9 mis \u00e0 jour pour la derni\u00e8re fois le 25\/02\/2025 Le pr\u00e9sent Avis sur les cookies s&rsquo;applique au site Internet de la SOCIETE INDUSTRIELLE LESAFFRE disponible \u00e0 l&rsquo;adresse www.lesaffre-wa.com (le \u00ab Site Internet \u00bb). Vous pouvez acc\u00e9der \u00e0 vos pr\u00e9f\u00e9rences en mati\u00e8re de cookies et les modifier \u00e0 [&hellip;]<\/p>\n","protected":false},"author":1,"featured_media":0,"parent":0,"menu_order":0,"comment_status":"closed","ping_status":"closed","template":"templates\/misc-pages.php","meta":{"_acf_changed":false,"footnotes":""},"class_list":["post-3771","page","type-page","status-publish","hentry"],"acf":[],"yoast_head":"<!-- This site is optimized with the Yoast SEO plugin v27.0 - https:\/\/yoast.com\/product\/yoast-seo-wordpress\/ -->\n<title>Utilisation des cookies - Lesaffre WA - RDC<\/title>\n<meta name=\"description\" content=\"This Cet avis sur les cookies a \u00e9t\u00e9 mis \u00e0 jour pour la derni\u00e8re fois le 25\/02\/2025 Le pr\u00e9sent Avis sur les cookies s&#039;applique au site Internet de la\" \/>\n<meta name=\"robots\" content=\"index, follow, max-snippet:-1, max-image-preview:large, max-video-preview:-1\" \/>\n<link rel=\"canonical\" href=\"https:\/\/lesaffre-wa.com\/cd\/utilisation-des-cookies\" \/>\n<meta property=\"og:locale\" content=\"fr_FR\" \/>\n<meta property=\"og:type\" content=\"article\" \/>\n<meta property=\"og:title\" content=\"Utilisation des cookies - Lesaffre WA - RDC\" \/>\n<meta property=\"og:description\" content=\"This Cet avis sur les cookies a \u00e9t\u00e9 mis \u00e0 jour pour la derni\u00e8re fois le 25\/02\/2025 Le pr\u00e9sent Avis sur les cookies s&#039;applique au site Internet de la\" \/>\n<meta property=\"og:url\" content=\"https:\/\/lesaffre-wa.com\/cd\/utilisation-des-cookies\" \/>\n<meta property=\"og:site_name\" content=\"Lesaffre WA - RDC\" \/>\n<meta property=\"article:modified_time\" content=\"2025-12-02T10:46:00+00:00\" \/>\n<meta name=\"twitter:card\" content=\"summary_large_image\" \/>\n<meta name=\"twitter:label1\" content=\"Dur\u00e9e de lecture estim\u00e9e\" \/>\n\t<meta name=\"twitter:data1\" content=\"5 minutes\" \/>\n<script type=\"application\/ld+json\" class=\"yoast-schema-graph\">{\"@context\":\"https:\/\/schema.org\",\"@graph\":[{\"@type\":\"WebPage\",\"@id\":\"https:\/\/lesaffre-wa.com\/cd\/utilisation-des-cookies\",\"url\":\"https:\/\/lesaffre-wa.com\/cd\/utilisation-des-cookies\",\"name\":\"Utilisation des cookies - Lesaffre WA - RDC\",\"isPartOf\":{\"@id\":\"https:\/\/lesaffre-wa.com\/cd\/#website\"},\"datePublished\":\"2025-09-12T15:14:48+00:00\",\"dateModified\":\"2025-12-02T10:46:00+00:00\",\"description\":\"This Cet avis sur les cookies a \u00e9t\u00e9 mis \u00e0 jour pour la derni\u00e8re fois le 25\/02\/2025 Le pr\u00e9sent Avis sur les cookies s'applique au site Internet de la\",\"breadcrumb\":{\"@id\":\"https:\/\/lesaffre-wa.com\/cd\/utilisation-des-cookies#breadcrumb\"},\"inLanguage\":\"fr-FR\",\"potentialAction\":[{\"@type\":\"ReadAction\",\"target\":[\"https:\/\/lesaffre-wa.com\/cd\/utilisation-des-cookies\"]}]},{\"@type\":\"BreadcrumbList\",\"@id\":\"https:\/\/lesaffre-wa.com\/cd\/utilisation-des-cookies#breadcrumb\",\"itemListElement\":[{\"@type\":\"ListItem\",\"position\":1,\"name\":\"Accueil\",\"item\":\"https:\/\/lesaffre-wa.com\/cd\/en\/homepage\"},{\"@type\":\"ListItem\",\"position\":2,\"name\":\"Utilisation des cookies\"}]},{\"@type\":\"WebSite\",\"@id\":\"https:\/\/lesaffre-wa.com\/cd\/#website\",\"url\":\"https:\/\/lesaffre-wa.com\/cd\/\",\"name\":\"Lesaffre Meea\",\"description\":\"RDC\",\"publisher\":{\"@id\":\"https:\/\/lesaffre-wa.com\/cd\/#organization\"},\"alternateName\":\"Lesaffre\",\"potentialAction\":[{\"@type\":\"SearchAction\",\"target\":{\"@type\":\"EntryPoint\",\"urlTemplate\":\"https:\/\/lesaffre-wa.com\/cd\/?s={search_term_string}\"},\"query-input\":{\"@type\":\"PropertyValueSpecification\",\"valueRequired\":true,\"valueName\":\"search_term_string\"}}],\"inLanguage\":\"fr-FR\"},{\"@type\":\"Organization\",\"@id\":\"https:\/\/lesaffre-wa.com\/cd\/#organization\",\"name\":\"Lesaffre\",\"url\":\"https:\/\/lesaffre-wa.com\/cd\/\",\"logo\":{\"@type\":\"ImageObject\",\"inLanguage\":\"fr-FR\",\"@id\":\"https:\/\/lesaffre-wa.com\/cd\/#\/schema\/logo\/image\/\",\"url\":\"https:\/\/lesaffre-wa.com\/cd\/wp-content\/uploads\/sites\/39\/2024\/09\/Logo_SVG.svg\",\"contentUrl\":\"https:\/\/lesaffre-wa.com\/cd\/wp-content\/uploads\/sites\/39\/2024\/09\/Logo_SVG.svg\",\"width\":148,\"height\":147,\"caption\":\"Lesaffre\"},\"image\":{\"@id\":\"https:\/\/lesaffre-wa.com\/cd\/#\/schema\/logo\/image\/\"}}]}<\/script>\n<!-- \/ Yoast SEO plugin. -->","yoast_head_json":{"title":"Utilisation des cookies - Lesaffre WA - RDC","description":"This Cet avis sur les cookies a \u00e9t\u00e9 mis \u00e0 jour pour la derni\u00e8re fois le 25\/02\/2025 Le pr\u00e9sent Avis sur les cookies s'applique au site Internet de la","robots":{"index":"index","follow":"follow","max-snippet":"max-snippet:-1","max-image-preview":"max-image-preview:large","max-video-preview":"max-video-preview:-1"},"canonical":"https:\/\/lesaffre-wa.com\/cd\/utilisation-des-cookies","og_locale":"fr_FR","og_type":"article","og_title":"Utilisation des cookies - Lesaffre WA - RDC","og_description":"This Cet avis sur les cookies a \u00e9t\u00e9 mis \u00e0 jour pour la derni\u00e8re fois le 25\/02\/2025 Le pr\u00e9sent Avis sur les cookies s'applique au site Internet de la","og_url":"https:\/\/lesaffre-wa.com\/cd\/utilisation-des-cookies","og_site_name":"Lesaffre WA - RDC","article_modified_time":"2025-12-02T10:46:00+00:00","twitter_card":"summary_large_image","twitter_misc":{"Dur\u00e9e de lecture estim\u00e9e":"5 minutes"},"schema":{"@context":"https:\/\/schema.org","@graph":[{"@type":"WebPage","@id":"https:\/\/lesaffre-wa.com\/cd\/utilisation-des-cookies","url":"https:\/\/lesaffre-wa.com\/cd\/utilisation-des-cookies","name":"Utilisation des cookies - Lesaffre WA - RDC","isPartOf":{"@id":"https:\/\/lesaffre-wa.com\/cd\/#website"},"datePublished":"2025-09-12T15:14:48+00:00","dateModified":"2025-12-02T10:46:00+00:00","description":"This Cet avis sur les cookies a \u00e9t\u00e9 mis \u00e0 jour pour la derni\u00e8re fois le 25\/02\/2025 Le pr\u00e9sent Avis sur les cookies s'applique au site Internet de la","breadcrumb":{"@id":"https:\/\/lesaffre-wa.com\/cd\/utilisation-des-cookies#breadcrumb"},"inLanguage":"fr-FR","potentialAction":[{"@type":"ReadAction","target":["https:\/\/lesaffre-wa.com\/cd\/utilisation-des-cookies"]}]},{"@type":"BreadcrumbList","@id":"https:\/\/lesaffre-wa.com\/cd\/utilisation-des-cookies#breadcrumb","itemListElement":[{"@type":"ListItem","position":1,"name":"Accueil","item":"https:\/\/lesaffre-wa.com\/cd\/en\/homepage"},{"@type":"ListItem","position":2,"name":"Utilisation des cookies"}]},{"@type":"WebSite","@id":"https:\/\/lesaffre-wa.com\/cd\/#website","url":"https:\/\/lesaffre-wa.com\/cd\/","name":"Lesaffre Meea","description":"RDC","publisher":{"@id":"https:\/\/lesaffre-wa.com\/cd\/#organization"},"alternateName":"Lesaffre","potentialAction":[{"@type":"SearchAction","target":{"@type":"EntryPoint","urlTemplate":"https:\/\/lesaffre-wa.com\/cd\/?s={search_term_string}"},"query-input":{"@type":"PropertyValueSpecification","valueRequired":true,"valueName":"search_term_string"}}],"inLanguage":"fr-FR"},{"@type":"Organization","@id":"https:\/\/lesaffre-wa.com\/cd\/#organization","name":"Lesaffre","url":"https:\/\/lesaffre-wa.com\/cd\/","logo":{"@type":"ImageObject","inLanguage":"fr-FR","@id":"https:\/\/lesaffre-wa.com\/cd\/#\/schema\/logo\/image\/","url":"https:\/\/lesaffre-wa.com\/cd\/wp-content\/uploads\/sites\/39\/2024\/09\/Logo_SVG.svg","contentUrl":"https:\/\/lesaffre-wa.com\/cd\/wp-content\/uploads\/sites\/39\/2024\/09\/Logo_SVG.svg","width":148,"height":147,"caption":"Lesaffre"},"image":{"@id":"https:\/\/lesaffre-wa.com\/cd\/#\/schema\/logo\/image\/"}}]}},"lang":"fr","translations":{"fr":3771,"en":21},"pll_sync_post":[],"_links":{"self":[{"href":"https:\/\/lesaffre-wa.com\/cd\/wp-json\/wp\/v2\/pages\/3771","targetHints":{"allow":["GET"]}}],"collection":[{"href":"https:\/\/lesaffre-wa.com\/cd\/wp-json\/wp\/v2\/pages"}],"about":[{"href":"https:\/\/lesaffre-wa.com\/cd\/wp-json\/wp\/v2\/types\/page"}],"author":[{"embeddable":true,"href":"https:\/\/lesaffre-wa.com\/cd\/wp-json\/wp\/v2\/users\/1"}],"replies":[{"embeddable":true,"href":"https:\/\/lesaffre-wa.com\/cd\/wp-json\/wp\/v2\/comments?post=3771"}],"version-history":[{"count":3,"href":"https:\/\/lesaffre-wa.com\/cd\/wp-json\/wp\/v2\/pages\/3771\/revisions"}],"predecessor-version":[{"id":4780,"href":"https:\/\/lesaffre-wa.com\/cd\/wp-json\/wp\/v2\/pages\/3771\/revisions\/4780"}],"wp:attachment":[{"href":"https:\/\/lesaffre-wa.com\/cd\/wp-json\/wp\/v2\/media?parent=3771"}],"curies":[{"name":"wp","href":"https:\/\/api.w.org\/{rel}","templated":true}]}}