{"id":4288,"date":"2025-11-12T15:21:41","date_gmt":"2025-11-12T14:21:41","guid":{"rendered":"https:\/\/lesaffre-wa.com\/ci\/?post_type=product&#038;p=4288"},"modified":"2026-03-06T12:00:32","modified_gmt":"2026-03-06T11:00:32","slug":"magimix-vert-clair","status":"publish","type":"product","link":"https:\/\/lesaffre-wa.com\/ci\/nos-produits\/magimix-vert-clair","title":{"rendered":"MAGIMIX\u00ae VERT CLAIR"},"content":{"rendered":"","protected":false},"excerpt":{"rendered":"<p>Magimix\u00ae Vert Clair est am\u00e9liorant sp\u00e9cialement con\u00e7u pour la fabrication de viennoiseries.<\/p>\n","protected":false},"featured_media":4285,"template":"","meta":{"_acf_changed":false},"product_brand":[],"product_cat":[834],"product_tag":[],"class_list":{"0":"post-4288","1":"product","2":"type-product","3":"status-publish","4":"has-post-thumbnail","6":"product_cat-ameliorant","8":"first","9":"instock","10":"shipping-taxable","11":"product-type-simple"},"acf":[],"yoast_head":"<!-- This site is optimized with the Yoast SEO plugin v27.0 - https:\/\/yoast.com\/product\/yoast-seo-wordpress\/ -->\n<title>MAGIMIX\u00ae VERT CLAIR - Lesaffre WA - C\u00f4te d&#039;Ivoire<\/title>\n<meta name=\"description\" content=\"Magimix\u00ae Vert Clair est am\u00e9liorant sp\u00e9cialement con\u00e7u pour la fabrication de viennoiseries.\" \/>\n<meta name=\"robots\" content=\"index, follow, max-snippet:-1, max-image-preview:large, max-video-preview:-1\" \/>\n<link rel=\"canonical\" href=\"https:\/\/lesaffre-wa.com\/ci\/nos-produits\/magimix-vert-clair\" \/>\n<meta property=\"og:locale\" content=\"fr_FR\" \/>\n<meta property=\"og:type\" content=\"article\" \/>\n<meta property=\"og:title\" content=\"MAGIMIX\u00ae VERT CLAIR - Lesaffre WA - C\u00f4te d&#039;Ivoire\" \/>\n<meta property=\"og:description\" content=\"Magimix\u00ae Vert Clair est am\u00e9liorant sp\u00e9cialement con\u00e7u pour la fabrication de viennoiseries.\" \/>\n<meta property=\"og:url\" content=\"https:\/\/lesaffre-wa.com\/ci\/nos-produits\/magimix-vert-clair\" \/>\n<meta property=\"og:site_name\" content=\"Lesaffre WA - C\u00f4te d&#039;Ivoire\" \/>\n<meta property=\"article:modified_time\" content=\"2026-03-06T11:00:32+00:00\" \/>\n<meta property=\"og:image\" content=\"https:\/\/lesaffre-wa.com\/ci\/wp-content\/uploads\/sites\/28\/2024\/10\/Magimix-Vert-Clair-500g.png\" \/>\n\t<meta property=\"og:image:width\" content=\"600\" \/>\n\t<meta property=\"og:image:height\" content=\"600\" \/>\n\t<meta property=\"og:image:type\" content=\"image\/png\" \/>\n<meta name=\"twitter:card\" content=\"summary_large_image\" \/>\n<meta name=\"twitter:label1\" content=\"Dur\u00e9e de lecture estim\u00e9e\" \/>\n\t<meta name=\"twitter:data1\" content=\"1 minute\" \/>\n<script type=\"application\/ld+json\" class=\"yoast-schema-graph\">{\"@context\":\"https:\/\/schema.org\",\"@graph\":[{\"@type\":\"WebPage\",\"@id\":\"https:\/\/lesaffre-wa.com\/ci\/nos-produits\/magimix-vert-clair\",\"url\":\"https:\/\/lesaffre-wa.com\/ci\/nos-produits\/magimix-vert-clair\",\"name\":\"MAGIMIX\u00ae VERT CLAIR - Lesaffre WA - C\u00f4te d&#039;Ivoire\",\"isPartOf\":{\"@id\":\"https:\/\/lesaffre-wa.com\/ci\/#website\"},\"primaryImageOfPage\":{\"@id\":\"https:\/\/lesaffre-wa.com\/ci\/nos-produits\/magimix-vert-clair#primaryimage\"},\"image\":{\"@id\":\"https:\/\/lesaffre-wa.com\/ci\/nos-produits\/magimix-vert-clair#primaryimage\"},\"thumbnailUrl\":\"https:\/\/lesaffre-wa.com\/ci\/wp-content\/uploads\/sites\/28\/2024\/10\/Magimix-Vert-Clair-500g.png\",\"datePublished\":\"2025-11-12T14:21:41+00:00\",\"dateModified\":\"2026-03-06T11:00:32+00:00\",\"description\":\"Magimix\u00ae Vert Clair est am\u00e9liorant sp\u00e9cialement con\u00e7u pour la fabrication de viennoiseries.\",\"breadcrumb\":{\"@id\":\"https:\/\/lesaffre-wa.com\/ci\/nos-produits\/magimix-vert-clair#breadcrumb\"},\"inLanguage\":\"fr-FR\",\"potentialAction\":[{\"@type\":\"ReadAction\",\"target\":[\"https:\/\/lesaffre-wa.com\/ci\/nos-produits\/magimix-vert-clair\"]}]},{\"@type\":\"ImageObject\",\"inLanguage\":\"fr-FR\",\"@id\":\"https:\/\/lesaffre-wa.com\/ci\/nos-produits\/magimix-vert-clair#primaryimage\",\"url\":\"https:\/\/lesaffre-wa.com\/ci\/wp-content\/uploads\/sites\/28\/2024\/10\/Magimix-Vert-Clair-500g.png\",\"contentUrl\":\"https:\/\/lesaffre-wa.com\/ci\/wp-content\/uploads\/sites\/28\/2024\/10\/Magimix-Vert-Clair-500g.png\",\"width\":600,\"height\":600},{\"@type\":\"BreadcrumbList\",\"@id\":\"https:\/\/lesaffre-wa.com\/ci\/nos-produits\/magimix-vert-clair#breadcrumb\",\"itemListElement\":[{\"@type\":\"ListItem\",\"position\":1,\"name\":\"Accueil\",\"item\":\"https:\/\/lesaffre-wa.com\/ci\/en\/homepage\"},{\"@type\":\"ListItem\",\"position\":2,\"name\":\"Nos produits\",\"item\":\"https:\/\/lesaffre-wa.com\/ci\/nos-produits\"},{\"@type\":\"ListItem\",\"position\":3,\"name\":\"MAGIMIX\u00ae VERT CLAIR\"}]},{\"@type\":\"WebSite\",\"@id\":\"https:\/\/lesaffre-wa.com\/ci\/#website\",\"url\":\"https:\/\/lesaffre-wa.com\/ci\/\",\"name\":\"Lesaffre Meea\",\"description\":\"C\u00f4te d&#039;Ivoire\",\"publisher\":{\"@id\":\"https:\/\/lesaffre-wa.com\/ci\/#organization\"},\"alternateName\":\"Lesaffre\",\"potentialAction\":[{\"@type\":\"SearchAction\",\"target\":{\"@type\":\"EntryPoint\",\"urlTemplate\":\"https:\/\/lesaffre-wa.com\/ci\/?s={search_term_string}\"},\"query-input\":{\"@type\":\"PropertyValueSpecification\",\"valueRequired\":true,\"valueName\":\"search_term_string\"}}],\"inLanguage\":\"fr-FR\"},{\"@type\":\"Organization\",\"@id\":\"https:\/\/lesaffre-wa.com\/ci\/#organization\",\"name\":\"Lesaffre\",\"url\":\"https:\/\/lesaffre-wa.com\/ci\/\",\"logo\":{\"@type\":\"ImageObject\",\"inLanguage\":\"fr-FR\",\"@id\":\"https:\/\/lesaffre-wa.com\/ci\/#\/schema\/logo\/image\/\",\"url\":\"https:\/\/lesaffre-wa.com\/ci\/wp-content\/uploads\/sites\/28\/2024\/09\/Logo_SVG.svg\",\"contentUrl\":\"https:\/\/lesaffre-wa.com\/ci\/wp-content\/uploads\/sites\/28\/2024\/09\/Logo_SVG.svg\",\"width\":148,\"height\":147,\"caption\":\"Lesaffre\"},\"image\":{\"@id\":\"https:\/\/lesaffre-wa.com\/ci\/#\/schema\/logo\/image\/\"}}]}<\/script>\n<!-- \/ Yoast SEO plugin. -->","yoast_head_json":{"title":"MAGIMIX\u00ae VERT CLAIR - Lesaffre WA - C\u00f4te d&#039;Ivoire","description":"Magimix\u00ae Vert Clair est am\u00e9liorant sp\u00e9cialement con\u00e7u pour la fabrication de viennoiseries.","robots":{"index":"index","follow":"follow","max-snippet":"max-snippet:-1","max-image-preview":"max-image-preview:large","max-video-preview":"max-video-preview:-1"},"canonical":"https:\/\/lesaffre-wa.com\/ci\/nos-produits\/magimix-vert-clair","og_locale":"fr_FR","og_type":"article","og_title":"MAGIMIX\u00ae VERT CLAIR - Lesaffre WA - C\u00f4te d&#039;Ivoire","og_description":"Magimix\u00ae Vert Clair est am\u00e9liorant sp\u00e9cialement con\u00e7u pour la fabrication de viennoiseries.","og_url":"https:\/\/lesaffre-wa.com\/ci\/nos-produits\/magimix-vert-clair","og_site_name":"Lesaffre WA - C\u00f4te d&#039;Ivoire","article_modified_time":"2026-03-06T11:00:32+00:00","og_image":[{"width":600,"height":600,"url":"https:\/\/lesaffre-wa.com\/ci\/wp-content\/uploads\/sites\/28\/2024\/10\/Magimix-Vert-Clair-500g.png","type":"image\/png"}],"twitter_card":"summary_large_image","twitter_misc":{"Dur\u00e9e de lecture estim\u00e9e":"1 minute"},"schema":{"@context":"https:\/\/schema.org","@graph":[{"@type":"WebPage","@id":"https:\/\/lesaffre-wa.com\/ci\/nos-produits\/magimix-vert-clair","url":"https:\/\/lesaffre-wa.com\/ci\/nos-produits\/magimix-vert-clair","name":"MAGIMIX\u00ae VERT CLAIR - Lesaffre WA - C\u00f4te d&#039;Ivoire","isPartOf":{"@id":"https:\/\/lesaffre-wa.com\/ci\/#website"},"primaryImageOfPage":{"@id":"https:\/\/lesaffre-wa.com\/ci\/nos-produits\/magimix-vert-clair#primaryimage"},"image":{"@id":"https:\/\/lesaffre-wa.com\/ci\/nos-produits\/magimix-vert-clair#primaryimage"},"thumbnailUrl":"https:\/\/lesaffre-wa.com\/ci\/wp-content\/uploads\/sites\/28\/2024\/10\/Magimix-Vert-Clair-500g.png","datePublished":"2025-11-12T14:21:41+00:00","dateModified":"2026-03-06T11:00:32+00:00","description":"Magimix\u00ae Vert Clair est am\u00e9liorant sp\u00e9cialement con\u00e7u pour la fabrication de viennoiseries.","breadcrumb":{"@id":"https:\/\/lesaffre-wa.com\/ci\/nos-produits\/magimix-vert-clair#breadcrumb"},"inLanguage":"fr-FR","potentialAction":[{"@type":"ReadAction","target":["https:\/\/lesaffre-wa.com\/ci\/nos-produits\/magimix-vert-clair"]}]},{"@type":"ImageObject","inLanguage":"fr-FR","@id":"https:\/\/lesaffre-wa.com\/ci\/nos-produits\/magimix-vert-clair#primaryimage","url":"https:\/\/lesaffre-wa.com\/ci\/wp-content\/uploads\/sites\/28\/2024\/10\/Magimix-Vert-Clair-500g.png","contentUrl":"https:\/\/lesaffre-wa.com\/ci\/wp-content\/uploads\/sites\/28\/2024\/10\/Magimix-Vert-Clair-500g.png","width":600,"height":600},{"@type":"BreadcrumbList","@id":"https:\/\/lesaffre-wa.com\/ci\/nos-produits\/magimix-vert-clair#breadcrumb","itemListElement":[{"@type":"ListItem","position":1,"name":"Accueil","item":"https:\/\/lesaffre-wa.com\/ci\/en\/homepage"},{"@type":"ListItem","position":2,"name":"Nos produits","item":"https:\/\/lesaffre-wa.com\/ci\/nos-produits"},{"@type":"ListItem","position":3,"name":"MAGIMIX\u00ae VERT CLAIR"}]},{"@type":"WebSite","@id":"https:\/\/lesaffre-wa.com\/ci\/#website","url":"https:\/\/lesaffre-wa.com\/ci\/","name":"Lesaffre Meea","description":"C\u00f4te d&#039;Ivoire","publisher":{"@id":"https:\/\/lesaffre-wa.com\/ci\/#organization"},"alternateName":"Lesaffre","potentialAction":[{"@type":"SearchAction","target":{"@type":"EntryPoint","urlTemplate":"https:\/\/lesaffre-wa.com\/ci\/?s={search_term_string}"},"query-input":{"@type":"PropertyValueSpecification","valueRequired":true,"valueName":"search_term_string"}}],"inLanguage":"fr-FR"},{"@type":"Organization","@id":"https:\/\/lesaffre-wa.com\/ci\/#organization","name":"Lesaffre","url":"https:\/\/lesaffre-wa.com\/ci\/","logo":{"@type":"ImageObject","inLanguage":"fr-FR","@id":"https:\/\/lesaffre-wa.com\/ci\/#\/schema\/logo\/image\/","url":"https:\/\/lesaffre-wa.com\/ci\/wp-content\/uploads\/sites\/28\/2024\/09\/Logo_SVG.svg","contentUrl":"https:\/\/lesaffre-wa.com\/ci\/wp-content\/uploads\/sites\/28\/2024\/09\/Logo_SVG.svg","width":148,"height":147,"caption":"Lesaffre"},"image":{"@id":"https:\/\/lesaffre-wa.com\/ci\/#\/schema\/logo\/image\/"}}]}},"lang":"fr","translations":{"fr":4288,"en":469},"pll_sync_post":[],"_links":{"self":[{"href":"https:\/\/lesaffre-wa.com\/ci\/wp-json\/wp\/v2\/product\/4288","targetHints":{"allow":["GET"]}}],"collection":[{"href":"https:\/\/lesaffre-wa.com\/ci\/wp-json\/wp\/v2\/product"}],"about":[{"href":"https:\/\/lesaffre-wa.com\/ci\/wp-json\/wp\/v2\/types\/product"}],"wp:featuredmedia":[{"embeddable":true,"href":"https:\/\/lesaffre-wa.com\/ci\/wp-json\/wp\/v2\/media\/4285"}],"wp:attachment":[{"href":"https:\/\/lesaffre-wa.com\/ci\/wp-json\/wp\/v2\/media?parent=4288"}],"wp:term":[{"taxonomy":"product_brand","embeddable":true,"href":"https:\/\/lesaffre-wa.com\/ci\/wp-json\/wp\/v2\/product_brand?post=4288"},{"taxonomy":"product_cat","embeddable":true,"href":"https:\/\/lesaffre-wa.com\/ci\/wp-json\/wp\/v2\/product_cat?post=4288"},{"taxonomy":"product_tag","embeddable":true,"href":"https:\/\/lesaffre-wa.com\/ci\/wp-json\/wp\/v2\/product_tag?post=4288"}],"curies":[{"name":"wp","href":"https:\/\/api.w.org\/{rel}","templated":true}]}}