{"id":4418,"date":"2025-11-17T13:58:19","date_gmt":"2025-11-17T12:58:19","guid":{"rendered":"https:\/\/lesaffre-wa.com\/cm\/?post_type=product&#038;p=4418"},"modified":"2026-03-06T11:56:03","modified_gmt":"2026-03-06T10:56:03","slug":"nevada-450g","status":"publish","type":"product","link":"https:\/\/lesaffre-wa.com\/cm\/nos-produits\/nevada-450g","title":{"rendered":"NEVADA\u00ae 450g"},"content":{"rendered":"","protected":false},"excerpt":{"rendered":"<p>Obtenez une fermentation parfaite \u00e0 chaque fois avec Nevada\u00ae. Notre levure, associ\u00e9e \u00e0 votre expertise, garantit des r\u00e9sultats constants, ce qui vous permet de vous concentrer sur votre journ\u00e9e bien remplie en toute confiance et en toute tranquillit\u00e9 d&rsquo;esprit.<\/p>\n","protected":false},"featured_media":4539,"template":"","meta":{"_acf_changed":false},"product_brand":[],"product_cat":[567],"product_tag":[],"class_list":{"0":"post-4418","1":"product","2":"type-product","3":"status-publish","4":"has-post-thumbnail","6":"product_cat-levure","8":"first","9":"instock","10":"shipping-taxable","11":"product-type-simple"},"acf":[],"yoast_head":"<!-- This site is optimized with the Yoast SEO plugin v27.0 - https:\/\/yoast.com\/product\/yoast-seo-wordpress\/ -->\n<title>NEVADA\u00ae 450g - Lesaffre WA - Cameroun<\/title>\n<meta name=\"description\" content=\"Obtenez une fermentation parfaite \u00e0 chaque fois avec Nevada\u00ae. Notre levure, associ\u00e9e \u00e0 votre expertise, garantit des r\u00e9sultats constants, ce qui vous permet de vous concentrer sur votre journ\u00e9e bien remplie en toute confiance et en toute tranquillit\u00e9 d&#039;esprit.\" \/>\n<meta name=\"robots\" content=\"index, follow, max-snippet:-1, max-image-preview:large, max-video-preview:-1\" \/>\n<link rel=\"canonical\" href=\"https:\/\/lesaffre-wa.com\/cm\/nos-produits\/nevada-450g\" \/>\n<meta property=\"og:locale\" content=\"fr_FR\" \/>\n<meta property=\"og:type\" content=\"article\" \/>\n<meta property=\"og:title\" content=\"NEVADA\u00ae 450g - Lesaffre WA - Cameroun\" \/>\n<meta property=\"og:description\" content=\"Obtenez une fermentation parfaite \u00e0 chaque fois avec Nevada\u00ae. Notre levure, associ\u00e9e \u00e0 votre expertise, garantit des r\u00e9sultats constants, ce qui vous permet de vous concentrer sur votre journ\u00e9e bien remplie en toute confiance et en toute tranquillit\u00e9 d&#039;esprit.\" \/>\n<meta property=\"og:url\" content=\"https:\/\/lesaffre-wa.com\/cm\/nos-produits\/nevada-450g\" \/>\n<meta property=\"og:site_name\" content=\"Lesaffre WA - Cameroun\" \/>\n<meta property=\"article:modified_time\" content=\"2026-03-06T10:56:03+00:00\" \/>\n<meta property=\"og:image\" content=\"https:\/\/lesaffre-wa.com\/cm\/wp-content\/uploads\/sites\/32\/2025\/11\/Nevada-Blue-450g-Overseas.png\" \/>\n\t<meta property=\"og:image:width\" content=\"600\" \/>\n\t<meta property=\"og:image:height\" content=\"600\" \/>\n\t<meta property=\"og:image:type\" content=\"image\/png\" \/>\n<meta name=\"twitter:card\" content=\"summary_large_image\" \/>\n<meta name=\"twitter:label1\" content=\"Dur\u00e9e de lecture estim\u00e9e\" \/>\n\t<meta name=\"twitter:data1\" content=\"1 minute\" \/>\n<script type=\"application\/ld+json\" class=\"yoast-schema-graph\">{\"@context\":\"https:\/\/schema.org\",\"@graph\":[{\"@type\":\"WebPage\",\"@id\":\"https:\/\/lesaffre-wa.com\/cm\/nos-produits\/nevada-450g\",\"url\":\"https:\/\/lesaffre-wa.com\/cm\/nos-produits\/nevada-450g\",\"name\":\"NEVADA\u00ae 450g - Lesaffre WA - Cameroun\",\"isPartOf\":{\"@id\":\"https:\/\/lesaffre-wa.com\/cm\/#website\"},\"primaryImageOfPage\":{\"@id\":\"https:\/\/lesaffre-wa.com\/cm\/nos-produits\/nevada-450g#primaryimage\"},\"image\":{\"@id\":\"https:\/\/lesaffre-wa.com\/cm\/nos-produits\/nevada-450g#primaryimage\"},\"thumbnailUrl\":\"https:\/\/lesaffre-wa.com\/cm\/wp-content\/uploads\/sites\/32\/2025\/11\/Nevada-Blue-450g-Overseas.png\",\"datePublished\":\"2025-11-17T12:58:19+00:00\",\"dateModified\":\"2026-03-06T10:56:03+00:00\",\"description\":\"Obtenez une fermentation parfaite \u00e0 chaque fois avec Nevada\u00ae. Notre levure, associ\u00e9e \u00e0 votre expertise, garantit des r\u00e9sultats constants, ce qui vous permet de vous concentrer sur votre journ\u00e9e bien remplie en toute confiance et en toute tranquillit\u00e9 d'esprit.\",\"breadcrumb\":{\"@id\":\"https:\/\/lesaffre-wa.com\/cm\/nos-produits\/nevada-450g#breadcrumb\"},\"inLanguage\":\"fr-FR\",\"potentialAction\":[{\"@type\":\"ReadAction\",\"target\":[\"https:\/\/lesaffre-wa.com\/cm\/nos-produits\/nevada-450g\"]}]},{\"@type\":\"ImageObject\",\"inLanguage\":\"fr-FR\",\"@id\":\"https:\/\/lesaffre-wa.com\/cm\/nos-produits\/nevada-450g#primaryimage\",\"url\":\"https:\/\/lesaffre-wa.com\/cm\/wp-content\/uploads\/sites\/32\/2025\/11\/Nevada-Blue-450g-Overseas.png\",\"contentUrl\":\"https:\/\/lesaffre-wa.com\/cm\/wp-content\/uploads\/sites\/32\/2025\/11\/Nevada-Blue-450g-Overseas.png\",\"width\":600,\"height\":600},{\"@type\":\"BreadcrumbList\",\"@id\":\"https:\/\/lesaffre-wa.com\/cm\/nos-produits\/nevada-450g#breadcrumb\",\"itemListElement\":[{\"@type\":\"ListItem\",\"position\":1,\"name\":\"Accueil\",\"item\":\"https:\/\/lesaffre-wa.com\/cm\/en\/homepage\"},{\"@type\":\"ListItem\",\"position\":2,\"name\":\"Nos produits\",\"item\":\"https:\/\/lesaffre-wa.com\/cm\/fr\/nos-produits\"},{\"@type\":\"ListItem\",\"position\":3,\"name\":\"NEVADA\u00ae 450g\"}]},{\"@type\":\"WebSite\",\"@id\":\"https:\/\/lesaffre-wa.com\/cm\/#website\",\"url\":\"https:\/\/lesaffre-wa.com\/cm\/\",\"name\":\"Lesaffre Meea\",\"description\":\"Cameroun\",\"publisher\":{\"@id\":\"https:\/\/lesaffre-wa.com\/cm\/#organization\"},\"alternateName\":\"Lesaffre\",\"potentialAction\":[{\"@type\":\"SearchAction\",\"target\":{\"@type\":\"EntryPoint\",\"urlTemplate\":\"https:\/\/lesaffre-wa.com\/cm\/?s={search_term_string}\"},\"query-input\":{\"@type\":\"PropertyValueSpecification\",\"valueRequired\":true,\"valueName\":\"search_term_string\"}}],\"inLanguage\":\"fr-FR\"},{\"@type\":\"Organization\",\"@id\":\"https:\/\/lesaffre-wa.com\/cm\/#organization\",\"name\":\"Lesaffre\",\"url\":\"https:\/\/lesaffre-wa.com\/cm\/\",\"logo\":{\"@type\":\"ImageObject\",\"inLanguage\":\"fr-FR\",\"@id\":\"https:\/\/lesaffre-wa.com\/cm\/#\/schema\/logo\/image\/\",\"url\":\"https:\/\/lesaffre-wa.com\/cm\/wp-content\/uploads\/sites\/32\/2024\/09\/Logo_SVG.svg\",\"contentUrl\":\"https:\/\/lesaffre-wa.com\/cm\/wp-content\/uploads\/sites\/32\/2024\/09\/Logo_SVG.svg\",\"width\":148,\"height\":147,\"caption\":\"Lesaffre\"},\"image\":{\"@id\":\"https:\/\/lesaffre-wa.com\/cm\/#\/schema\/logo\/image\/\"}}]}<\/script>\n<!-- \/ Yoast SEO plugin. -->","yoast_head_json":{"title":"NEVADA\u00ae 450g - Lesaffre WA - Cameroun","description":"Obtenez une fermentation parfaite \u00e0 chaque fois avec Nevada\u00ae. Notre levure, associ\u00e9e \u00e0 votre expertise, garantit des r\u00e9sultats constants, ce qui vous permet de vous concentrer sur votre journ\u00e9e bien remplie en toute confiance et en toute tranquillit\u00e9 d'esprit.","robots":{"index":"index","follow":"follow","max-snippet":"max-snippet:-1","max-image-preview":"max-image-preview:large","max-video-preview":"max-video-preview:-1"},"canonical":"https:\/\/lesaffre-wa.com\/cm\/nos-produits\/nevada-450g","og_locale":"fr_FR","og_type":"article","og_title":"NEVADA\u00ae 450g - Lesaffre WA - Cameroun","og_description":"Obtenez une fermentation parfaite \u00e0 chaque fois avec Nevada\u00ae. Notre levure, associ\u00e9e \u00e0 votre expertise, garantit des r\u00e9sultats constants, ce qui vous permet de vous concentrer sur votre journ\u00e9e bien remplie en toute confiance et en toute tranquillit\u00e9 d'esprit.","og_url":"https:\/\/lesaffre-wa.com\/cm\/nos-produits\/nevada-450g","og_site_name":"Lesaffre WA - Cameroun","article_modified_time":"2026-03-06T10:56:03+00:00","og_image":[{"width":600,"height":600,"url":"https:\/\/lesaffre-wa.com\/cm\/wp-content\/uploads\/sites\/32\/2025\/11\/Nevada-Blue-450g-Overseas.png","type":"image\/png"}],"twitter_card":"summary_large_image","twitter_misc":{"Dur\u00e9e de lecture estim\u00e9e":"1 minute"},"schema":{"@context":"https:\/\/schema.org","@graph":[{"@type":"WebPage","@id":"https:\/\/lesaffre-wa.com\/cm\/nos-produits\/nevada-450g","url":"https:\/\/lesaffre-wa.com\/cm\/nos-produits\/nevada-450g","name":"NEVADA\u00ae 450g - Lesaffre WA - Cameroun","isPartOf":{"@id":"https:\/\/lesaffre-wa.com\/cm\/#website"},"primaryImageOfPage":{"@id":"https:\/\/lesaffre-wa.com\/cm\/nos-produits\/nevada-450g#primaryimage"},"image":{"@id":"https:\/\/lesaffre-wa.com\/cm\/nos-produits\/nevada-450g#primaryimage"},"thumbnailUrl":"https:\/\/lesaffre-wa.com\/cm\/wp-content\/uploads\/sites\/32\/2025\/11\/Nevada-Blue-450g-Overseas.png","datePublished":"2025-11-17T12:58:19+00:00","dateModified":"2026-03-06T10:56:03+00:00","description":"Obtenez une fermentation parfaite \u00e0 chaque fois avec Nevada\u00ae. Notre levure, associ\u00e9e \u00e0 votre expertise, garantit des r\u00e9sultats constants, ce qui vous permet de vous concentrer sur votre journ\u00e9e bien remplie en toute confiance et en toute tranquillit\u00e9 d'esprit.","breadcrumb":{"@id":"https:\/\/lesaffre-wa.com\/cm\/nos-produits\/nevada-450g#breadcrumb"},"inLanguage":"fr-FR","potentialAction":[{"@type":"ReadAction","target":["https:\/\/lesaffre-wa.com\/cm\/nos-produits\/nevada-450g"]}]},{"@type":"ImageObject","inLanguage":"fr-FR","@id":"https:\/\/lesaffre-wa.com\/cm\/nos-produits\/nevada-450g#primaryimage","url":"https:\/\/lesaffre-wa.com\/cm\/wp-content\/uploads\/sites\/32\/2025\/11\/Nevada-Blue-450g-Overseas.png","contentUrl":"https:\/\/lesaffre-wa.com\/cm\/wp-content\/uploads\/sites\/32\/2025\/11\/Nevada-Blue-450g-Overseas.png","width":600,"height":600},{"@type":"BreadcrumbList","@id":"https:\/\/lesaffre-wa.com\/cm\/nos-produits\/nevada-450g#breadcrumb","itemListElement":[{"@type":"ListItem","position":1,"name":"Accueil","item":"https:\/\/lesaffre-wa.com\/cm\/en\/homepage"},{"@type":"ListItem","position":2,"name":"Nos produits","item":"https:\/\/lesaffre-wa.com\/cm\/fr\/nos-produits"},{"@type":"ListItem","position":3,"name":"NEVADA\u00ae 450g"}]},{"@type":"WebSite","@id":"https:\/\/lesaffre-wa.com\/cm\/#website","url":"https:\/\/lesaffre-wa.com\/cm\/","name":"Lesaffre Meea","description":"Cameroun","publisher":{"@id":"https:\/\/lesaffre-wa.com\/cm\/#organization"},"alternateName":"Lesaffre","potentialAction":[{"@type":"SearchAction","target":{"@type":"EntryPoint","urlTemplate":"https:\/\/lesaffre-wa.com\/cm\/?s={search_term_string}"},"query-input":{"@type":"PropertyValueSpecification","valueRequired":true,"valueName":"search_term_string"}}],"inLanguage":"fr-FR"},{"@type":"Organization","@id":"https:\/\/lesaffre-wa.com\/cm\/#organization","name":"Lesaffre","url":"https:\/\/lesaffre-wa.com\/cm\/","logo":{"@type":"ImageObject","inLanguage":"fr-FR","@id":"https:\/\/lesaffre-wa.com\/cm\/#\/schema\/logo\/image\/","url":"https:\/\/lesaffre-wa.com\/cm\/wp-content\/uploads\/sites\/32\/2024\/09\/Logo_SVG.svg","contentUrl":"https:\/\/lesaffre-wa.com\/cm\/wp-content\/uploads\/sites\/32\/2024\/09\/Logo_SVG.svg","width":148,"height":147,"caption":"Lesaffre"},"image":{"@id":"https:\/\/lesaffre-wa.com\/cm\/#\/schema\/logo\/image\/"}}]}},"lang":"fr","translations":{"fr":4418,"en":4415},"pll_sync_post":[],"_links":{"self":[{"href":"https:\/\/lesaffre-wa.com\/cm\/wp-json\/wp\/v2\/product\/4418","targetHints":{"allow":["GET"]}}],"collection":[{"href":"https:\/\/lesaffre-wa.com\/cm\/wp-json\/wp\/v2\/product"}],"about":[{"href":"https:\/\/lesaffre-wa.com\/cm\/wp-json\/wp\/v2\/types\/product"}],"wp:featuredmedia":[{"embeddable":true,"href":"https:\/\/lesaffre-wa.com\/cm\/wp-json\/wp\/v2\/media\/4539"}],"wp:attachment":[{"href":"https:\/\/lesaffre-wa.com\/cm\/wp-json\/wp\/v2\/media?parent=4418"}],"wp:term":[{"taxonomy":"product_brand","embeddable":true,"href":"https:\/\/lesaffre-wa.com\/cm\/wp-json\/wp\/v2\/product_brand?post=4418"},{"taxonomy":"product_cat","embeddable":true,"href":"https:\/\/lesaffre-wa.com\/cm\/wp-json\/wp\/v2\/product_cat?post=4418"},{"taxonomy":"product_tag","embeddable":true,"href":"https:\/\/lesaffre-wa.com\/cm\/wp-json\/wp\/v2\/product_tag?post=4418"}],"curies":[{"name":"wp","href":"https:\/\/api.w.org\/{rel}","templated":true}]}}