{"id":4813,"date":"2025-11-19T09:24:45","date_gmt":"2025-11-19T08:24:45","guid":{"rendered":"https:\/\/lesaffre-wa.com\/cm\/our-products\/xtendlife"},"modified":"2026-03-06T11:50:03","modified_gmt":"2026-03-06T10:50:03","slug":"xtendlife","status":"publish","type":"product","link":"https:\/\/lesaffre-wa.com\/cm\/nos-produits\/xtendlife","title":{"rendered":"XTENDLIFE\u00ae"},"content":{"rendered":"","protected":false},"excerpt":{"rendered":"<p>XtendLife\u00ae est une solution innovante de Lesaffre pour prolonger la dur\u00e9e de conservation des produits de boulangerie emball\u00e9s, tout en pr\u00e9servant leur moelleux et leur fra\u00eecheur. Elle r\u00e9pond aux exigeances de r\u00e9duction des invendus et d&rsquo;\u00e9tiquetage simplifi\u00e9.<\/p>\n","protected":false},"featured_media":4534,"template":"","meta":{"_acf_changed":false},"product_brand":[],"product_cat":[573],"product_tag":[],"class_list":{"0":"post-4813","1":"product","2":"type-product","3":"status-publish","4":"has-post-thumbnail","6":"product_cat-ameliorant","8":"first","9":"instock","10":"shipping-taxable","11":"product-type-simple"},"acf":[],"yoast_head":"<!-- This site is optimized with the Yoast SEO plugin v27.0 - https:\/\/yoast.com\/product\/yoast-seo-wordpress\/ -->\n<title>XTENDLIFE\u00ae - Lesaffre WA - Cameroun<\/title>\n<meta name=\"description\" content=\"XtendLife\u00ae est une solution innovante de Lesaffre pour prolonger la dur\u00e9e de conservation des produits de boulangerie emball\u00e9s, tout en pr\u00e9servant leur moelleux et leur fra\u00eecheur. Elle r\u00e9pond aux exigeances de r\u00e9duction des invendus et d&#039;\u00e9tiquetage simplifi\u00e9.\" \/>\n<meta name=\"robots\" content=\"index, follow, max-snippet:-1, max-image-preview:large, max-video-preview:-1\" \/>\n<link rel=\"canonical\" href=\"https:\/\/lesaffre-wa.com\/cm\/nos-produits\/xtendlife\" \/>\n<meta property=\"og:locale\" content=\"fr_FR\" \/>\n<meta property=\"og:type\" content=\"article\" \/>\n<meta property=\"og:title\" content=\"XTENDLIFE\u00ae - Lesaffre WA - Cameroun\" \/>\n<meta property=\"og:description\" content=\"XtendLife\u00ae est une solution innovante de Lesaffre pour prolonger la dur\u00e9e de conservation des produits de boulangerie emball\u00e9s, tout en pr\u00e9servant leur moelleux et leur fra\u00eecheur. Elle r\u00e9pond aux exigeances de r\u00e9duction des invendus et d&#039;\u00e9tiquetage simplifi\u00e9.\" \/>\n<meta property=\"og:url\" content=\"https:\/\/lesaffre-wa.com\/cm\/nos-produits\/xtendlife\" \/>\n<meta property=\"og:site_name\" content=\"Lesaffre WA - Cameroun\" \/>\n<meta property=\"article:modified_time\" content=\"2026-03-06T10:50:03+00:00\" \/>\n<meta property=\"og:image\" content=\"https:\/\/lesaffre-wa.com\/cm\/wp-content\/uploads\/sites\/32\/2025\/11\/xtendlife.png\" \/>\n\t<meta property=\"og:image:width\" content=\"600\" \/>\n\t<meta property=\"og:image:height\" content=\"600\" \/>\n\t<meta property=\"og:image:type\" content=\"image\/png\" \/>\n<meta name=\"twitter:card\" content=\"summary_large_image\" \/>\n<meta name=\"twitter:label1\" content=\"Dur\u00e9e de lecture estim\u00e9e\" \/>\n\t<meta name=\"twitter:data1\" content=\"1 minute\" \/>\n<script type=\"application\/ld+json\" class=\"yoast-schema-graph\">{\"@context\":\"https:\/\/schema.org\",\"@graph\":[{\"@type\":\"WebPage\",\"@id\":\"https:\/\/lesaffre-wa.com\/cm\/nos-produits\/xtendlife\",\"url\":\"https:\/\/lesaffre-wa.com\/cm\/nos-produits\/xtendlife\",\"name\":\"XTENDLIFE\u00ae - Lesaffre WA - Cameroun\",\"isPartOf\":{\"@id\":\"https:\/\/lesaffre-wa.com\/cm\/#website\"},\"primaryImageOfPage\":{\"@id\":\"https:\/\/lesaffre-wa.com\/cm\/nos-produits\/xtendlife#primaryimage\"},\"image\":{\"@id\":\"https:\/\/lesaffre-wa.com\/cm\/nos-produits\/xtendlife#primaryimage\"},\"thumbnailUrl\":\"https:\/\/lesaffre-wa.com\/cm\/wp-content\/uploads\/sites\/32\/2025\/11\/xtendlife.png\",\"datePublished\":\"2025-11-19T08:24:45+00:00\",\"dateModified\":\"2026-03-06T10:50:03+00:00\",\"description\":\"XtendLife\u00ae est une solution innovante de Lesaffre pour prolonger la dur\u00e9e de conservation des produits de boulangerie emball\u00e9s, tout en pr\u00e9servant leur moelleux et leur fra\u00eecheur. Elle r\u00e9pond aux exigeances de r\u00e9duction des invendus et d'\u00e9tiquetage simplifi\u00e9.\",\"breadcrumb\":{\"@id\":\"https:\/\/lesaffre-wa.com\/cm\/nos-produits\/xtendlife#breadcrumb\"},\"inLanguage\":\"fr-FR\",\"potentialAction\":[{\"@type\":\"ReadAction\",\"target\":[\"https:\/\/lesaffre-wa.com\/cm\/nos-produits\/xtendlife\"]}]},{\"@type\":\"ImageObject\",\"inLanguage\":\"fr-FR\",\"@id\":\"https:\/\/lesaffre-wa.com\/cm\/nos-produits\/xtendlife#primaryimage\",\"url\":\"https:\/\/lesaffre-wa.com\/cm\/wp-content\/uploads\/sites\/32\/2025\/11\/xtendlife.png\",\"contentUrl\":\"https:\/\/lesaffre-wa.com\/cm\/wp-content\/uploads\/sites\/32\/2025\/11\/xtendlife.png\",\"width\":600,\"height\":600},{\"@type\":\"BreadcrumbList\",\"@id\":\"https:\/\/lesaffre-wa.com\/cm\/nos-produits\/xtendlife#breadcrumb\",\"itemListElement\":[{\"@type\":\"ListItem\",\"position\":1,\"name\":\"Accueil\",\"item\":\"https:\/\/lesaffre-wa.com\/cm\/en\/homepage\"},{\"@type\":\"ListItem\",\"position\":2,\"name\":\"Nos produits\",\"item\":\"https:\/\/lesaffre-wa.com\/cm\/fr\/nos-produits\"},{\"@type\":\"ListItem\",\"position\":3,\"name\":\"XTENDLIFE\u00ae\"}]},{\"@type\":\"WebSite\",\"@id\":\"https:\/\/lesaffre-wa.com\/cm\/#website\",\"url\":\"https:\/\/lesaffre-wa.com\/cm\/\",\"name\":\"Lesaffre Meea\",\"description\":\"Cameroun\",\"publisher\":{\"@id\":\"https:\/\/lesaffre-wa.com\/cm\/#organization\"},\"alternateName\":\"Lesaffre\",\"potentialAction\":[{\"@type\":\"SearchAction\",\"target\":{\"@type\":\"EntryPoint\",\"urlTemplate\":\"https:\/\/lesaffre-wa.com\/cm\/?s={search_term_string}\"},\"query-input\":{\"@type\":\"PropertyValueSpecification\",\"valueRequired\":true,\"valueName\":\"search_term_string\"}}],\"inLanguage\":\"fr-FR\"},{\"@type\":\"Organization\",\"@id\":\"https:\/\/lesaffre-wa.com\/cm\/#organization\",\"name\":\"Lesaffre\",\"url\":\"https:\/\/lesaffre-wa.com\/cm\/\",\"logo\":{\"@type\":\"ImageObject\",\"inLanguage\":\"fr-FR\",\"@id\":\"https:\/\/lesaffre-wa.com\/cm\/#\/schema\/logo\/image\/\",\"url\":\"https:\/\/lesaffre-wa.com\/cm\/wp-content\/uploads\/sites\/32\/2024\/09\/Logo_SVG.svg\",\"contentUrl\":\"https:\/\/lesaffre-wa.com\/cm\/wp-content\/uploads\/sites\/32\/2024\/09\/Logo_SVG.svg\",\"width\":148,\"height\":147,\"caption\":\"Lesaffre\"},\"image\":{\"@id\":\"https:\/\/lesaffre-wa.com\/cm\/#\/schema\/logo\/image\/\"}}]}<\/script>\n<!-- \/ Yoast SEO plugin. -->","yoast_head_json":{"title":"XTENDLIFE\u00ae - Lesaffre WA - Cameroun","description":"XtendLife\u00ae est une solution innovante de Lesaffre pour prolonger la dur\u00e9e de conservation des produits de boulangerie emball\u00e9s, tout en pr\u00e9servant leur moelleux et leur fra\u00eecheur. Elle r\u00e9pond aux exigeances de r\u00e9duction des invendus et d'\u00e9tiquetage simplifi\u00e9.","robots":{"index":"index","follow":"follow","max-snippet":"max-snippet:-1","max-image-preview":"max-image-preview:large","max-video-preview":"max-video-preview:-1"},"canonical":"https:\/\/lesaffre-wa.com\/cm\/nos-produits\/xtendlife","og_locale":"fr_FR","og_type":"article","og_title":"XTENDLIFE\u00ae - Lesaffre WA - Cameroun","og_description":"XtendLife\u00ae est une solution innovante de Lesaffre pour prolonger la dur\u00e9e de conservation des produits de boulangerie emball\u00e9s, tout en pr\u00e9servant leur moelleux et leur fra\u00eecheur. Elle r\u00e9pond aux exigeances de r\u00e9duction des invendus et d'\u00e9tiquetage simplifi\u00e9.","og_url":"https:\/\/lesaffre-wa.com\/cm\/nos-produits\/xtendlife","og_site_name":"Lesaffre WA - Cameroun","article_modified_time":"2026-03-06T10:50:03+00:00","og_image":[{"width":600,"height":600,"url":"https:\/\/lesaffre-wa.com\/cm\/wp-content\/uploads\/sites\/32\/2025\/11\/xtendlife.png","type":"image\/png"}],"twitter_card":"summary_large_image","twitter_misc":{"Dur\u00e9e de lecture estim\u00e9e":"1 minute"},"schema":{"@context":"https:\/\/schema.org","@graph":[{"@type":"WebPage","@id":"https:\/\/lesaffre-wa.com\/cm\/nos-produits\/xtendlife","url":"https:\/\/lesaffre-wa.com\/cm\/nos-produits\/xtendlife","name":"XTENDLIFE\u00ae - Lesaffre WA - Cameroun","isPartOf":{"@id":"https:\/\/lesaffre-wa.com\/cm\/#website"},"primaryImageOfPage":{"@id":"https:\/\/lesaffre-wa.com\/cm\/nos-produits\/xtendlife#primaryimage"},"image":{"@id":"https:\/\/lesaffre-wa.com\/cm\/nos-produits\/xtendlife#primaryimage"},"thumbnailUrl":"https:\/\/lesaffre-wa.com\/cm\/wp-content\/uploads\/sites\/32\/2025\/11\/xtendlife.png","datePublished":"2025-11-19T08:24:45+00:00","dateModified":"2026-03-06T10:50:03+00:00","description":"XtendLife\u00ae est une solution innovante de Lesaffre pour prolonger la dur\u00e9e de conservation des produits de boulangerie emball\u00e9s, tout en pr\u00e9servant leur moelleux et leur fra\u00eecheur. Elle r\u00e9pond aux exigeances de r\u00e9duction des invendus et d'\u00e9tiquetage simplifi\u00e9.","breadcrumb":{"@id":"https:\/\/lesaffre-wa.com\/cm\/nos-produits\/xtendlife#breadcrumb"},"inLanguage":"fr-FR","potentialAction":[{"@type":"ReadAction","target":["https:\/\/lesaffre-wa.com\/cm\/nos-produits\/xtendlife"]}]},{"@type":"ImageObject","inLanguage":"fr-FR","@id":"https:\/\/lesaffre-wa.com\/cm\/nos-produits\/xtendlife#primaryimage","url":"https:\/\/lesaffre-wa.com\/cm\/wp-content\/uploads\/sites\/32\/2025\/11\/xtendlife.png","contentUrl":"https:\/\/lesaffre-wa.com\/cm\/wp-content\/uploads\/sites\/32\/2025\/11\/xtendlife.png","width":600,"height":600},{"@type":"BreadcrumbList","@id":"https:\/\/lesaffre-wa.com\/cm\/nos-produits\/xtendlife#breadcrumb","itemListElement":[{"@type":"ListItem","position":1,"name":"Accueil","item":"https:\/\/lesaffre-wa.com\/cm\/en\/homepage"},{"@type":"ListItem","position":2,"name":"Nos produits","item":"https:\/\/lesaffre-wa.com\/cm\/fr\/nos-produits"},{"@type":"ListItem","position":3,"name":"XTENDLIFE\u00ae"}]},{"@type":"WebSite","@id":"https:\/\/lesaffre-wa.com\/cm\/#website","url":"https:\/\/lesaffre-wa.com\/cm\/","name":"Lesaffre Meea","description":"Cameroun","publisher":{"@id":"https:\/\/lesaffre-wa.com\/cm\/#organization"},"alternateName":"Lesaffre","potentialAction":[{"@type":"SearchAction","target":{"@type":"EntryPoint","urlTemplate":"https:\/\/lesaffre-wa.com\/cm\/?s={search_term_string}"},"query-input":{"@type":"PropertyValueSpecification","valueRequired":true,"valueName":"search_term_string"}}],"inLanguage":"fr-FR"},{"@type":"Organization","@id":"https:\/\/lesaffre-wa.com\/cm\/#organization","name":"Lesaffre","url":"https:\/\/lesaffre-wa.com\/cm\/","logo":{"@type":"ImageObject","inLanguage":"fr-FR","@id":"https:\/\/lesaffre-wa.com\/cm\/#\/schema\/logo\/image\/","url":"https:\/\/lesaffre-wa.com\/cm\/wp-content\/uploads\/sites\/32\/2024\/09\/Logo_SVG.svg","contentUrl":"https:\/\/lesaffre-wa.com\/cm\/wp-content\/uploads\/sites\/32\/2024\/09\/Logo_SVG.svg","width":148,"height":147,"caption":"Lesaffre"},"image":{"@id":"https:\/\/lesaffre-wa.com\/cm\/#\/schema\/logo\/image\/"}}]}},"lang":"fr","translations":{"fr":4813,"en":4941},"pll_sync_post":[],"_links":{"self":[{"href":"https:\/\/lesaffre-wa.com\/cm\/wp-json\/wp\/v2\/product\/4813","targetHints":{"allow":["GET"]}}],"collection":[{"href":"https:\/\/lesaffre-wa.com\/cm\/wp-json\/wp\/v2\/product"}],"about":[{"href":"https:\/\/lesaffre-wa.com\/cm\/wp-json\/wp\/v2\/types\/product"}],"wp:featuredmedia":[{"embeddable":true,"href":"https:\/\/lesaffre-wa.com\/cm\/wp-json\/wp\/v2\/media\/4534"}],"wp:attachment":[{"href":"https:\/\/lesaffre-wa.com\/cm\/wp-json\/wp\/v2\/media?parent=4813"}],"wp:term":[{"taxonomy":"product_brand","embeddable":true,"href":"https:\/\/lesaffre-wa.com\/cm\/wp-json\/wp\/v2\/product_brand?post=4813"},{"taxonomy":"product_cat","embeddable":true,"href":"https:\/\/lesaffre-wa.com\/cm\/wp-json\/wp\/v2\/product_cat?post=4813"},{"taxonomy":"product_tag","embeddable":true,"href":"https:\/\/lesaffre-wa.com\/cm\/wp-json\/wp\/v2\/product_tag?post=4813"}],"curies":[{"name":"wp","href":"https:\/\/api.w.org\/{rel}","templated":true}]}}