{"id":4390,"date":"2025-11-13T17:13:38","date_gmt":"2025-11-13T16:13:38","guid":{"rendered":"https:\/\/lesaffre-wa.com\/cv\/?post_type=product&#038;p=4390"},"modified":"2026-03-06T11:56:13","modified_gmt":"2026-03-06T10:56:13","slug":"premix-croissant-25","status":"publish","type":"product","link":"https:\/\/lesaffre-wa.com\/cv\/nos-produits\/premix-croissant-25","title":{"rendered":"PREMIX CROISSANT 25%"},"content":{"rendered":"","protected":false},"excerpt":{"rendered":"<p>Inventis\u00ae Premix Croissant est une solution pr\u00eate \u00e0 l&#8217;emploi pour des viennoiseries feuillet\u00e9es et beurr\u00e9es, con\u00e7ue pour les professionnels recherchant un r\u00e9sultat artisanal avec une production rationalis\u00e9e et des co\u00fbts ma\u00eetris\u00e9s.<\/p>\n","protected":false},"featured_media":4389,"template":"","meta":{"_acf_changed":false},"product_brand":[],"product_cat":[571],"product_tag":[],"class_list":{"0":"post-4390","1":"product","2":"type-product","3":"status-publish","4":"has-post-thumbnail","6":"product_cat-mix-premix","8":"first","9":"instock","10":"shipping-taxable","11":"product-type-simple"},"acf":[],"yoast_head":"<!-- This site is optimized with the Yoast SEO plugin v27.0 - https:\/\/yoast.com\/product\/yoast-seo-wordpress\/ -->\n<title>PREMIX CROISSANT 25% - Lesaffre WA - Cap Vert<\/title>\n<meta name=\"description\" content=\"Inventis\u00ae Premix Croissant est une solution pr\u00eate \u00e0 l&#039;emploi pour des viennoiseries feuillet\u00e9es et beurr\u00e9es, con\u00e7ue pour les professionnels recherchant un r\u00e9sultat artisanal avec une production rationalis\u00e9e et des co\u00fbts ma\u00eetris\u00e9s.\" \/>\n<meta name=\"robots\" content=\"index, follow, max-snippet:-1, max-image-preview:large, max-video-preview:-1\" \/>\n<link rel=\"canonical\" href=\"https:\/\/lesaffre-wa.com\/cv\/nos-produits\/premix-croissant-25\" \/>\n<meta property=\"og:locale\" content=\"fr_FR\" \/>\n<meta property=\"og:type\" content=\"article\" \/>\n<meta property=\"og:title\" content=\"PREMIX CROISSANT 25% - Lesaffre WA - Cap Vert\" \/>\n<meta property=\"og:description\" content=\"Inventis\u00ae Premix Croissant est une solution pr\u00eate \u00e0 l&#039;emploi pour des viennoiseries feuillet\u00e9es et beurr\u00e9es, con\u00e7ue pour les professionnels recherchant un r\u00e9sultat artisanal avec une production rationalis\u00e9e et des co\u00fbts ma\u00eetris\u00e9s.\" \/>\n<meta property=\"og:url\" content=\"https:\/\/lesaffre-wa.com\/cv\/nos-produits\/premix-croissant-25\" \/>\n<meta property=\"og:site_name\" content=\"Lesaffre WA - Cap Vert\" \/>\n<meta property=\"article:modified_time\" content=\"2026-03-06T10:56:13+00:00\" \/>\n<meta property=\"og:image\" content=\"https:\/\/lesaffre-wa.com\/cv\/wp-content\/uploads\/sites\/42\/2025\/11\/Premix-Croissant.png\" \/>\n\t<meta property=\"og:image:width\" content=\"600\" \/>\n\t<meta property=\"og:image:height\" content=\"600\" \/>\n\t<meta property=\"og:image:type\" content=\"image\/png\" \/>\n<meta name=\"twitter:card\" content=\"summary_large_image\" \/>\n<meta name=\"twitter:label1\" content=\"Dur\u00e9e de lecture estim\u00e9e\" \/>\n\t<meta name=\"twitter:data1\" content=\"1 minute\" \/>\n<script type=\"application\/ld+json\" class=\"yoast-schema-graph\">{\"@context\":\"https:\/\/schema.org\",\"@graph\":[{\"@type\":\"WebPage\",\"@id\":\"https:\/\/lesaffre-wa.com\/cv\/nos-produits\/premix-croissant-25\",\"url\":\"https:\/\/lesaffre-wa.com\/cv\/nos-produits\/premix-croissant-25\",\"name\":\"PREMIX CROISSANT 25% - Lesaffre WA - Cap Vert\",\"isPartOf\":{\"@id\":\"https:\/\/lesaffre-wa.com\/cv\/#website\"},\"primaryImageOfPage\":{\"@id\":\"https:\/\/lesaffre-wa.com\/cv\/nos-produits\/premix-croissant-25#primaryimage\"},\"image\":{\"@id\":\"https:\/\/lesaffre-wa.com\/cv\/nos-produits\/premix-croissant-25#primaryimage\"},\"thumbnailUrl\":\"https:\/\/lesaffre-wa.com\/cv\/wp-content\/uploads\/sites\/42\/2025\/11\/Premix-Croissant.png\",\"datePublished\":\"2025-11-13T16:13:38+00:00\",\"dateModified\":\"2026-03-06T10:56:13+00:00\",\"description\":\"Inventis\u00ae Premix Croissant est une solution pr\u00eate \u00e0 l'emploi pour des viennoiseries feuillet\u00e9es et beurr\u00e9es, con\u00e7ue pour les professionnels recherchant un r\u00e9sultat artisanal avec une production rationalis\u00e9e et des co\u00fbts ma\u00eetris\u00e9s.\",\"breadcrumb\":{\"@id\":\"https:\/\/lesaffre-wa.com\/cv\/nos-produits\/premix-croissant-25#breadcrumb\"},\"inLanguage\":\"fr-FR\",\"potentialAction\":[{\"@type\":\"ReadAction\",\"target\":[\"https:\/\/lesaffre-wa.com\/cv\/nos-produits\/premix-croissant-25\"]}]},{\"@type\":\"ImageObject\",\"inLanguage\":\"fr-FR\",\"@id\":\"https:\/\/lesaffre-wa.com\/cv\/nos-produits\/premix-croissant-25#primaryimage\",\"url\":\"https:\/\/lesaffre-wa.com\/cv\/wp-content\/uploads\/sites\/42\/2025\/11\/Premix-Croissant.png\",\"contentUrl\":\"https:\/\/lesaffre-wa.com\/cv\/wp-content\/uploads\/sites\/42\/2025\/11\/Premix-Croissant.png\",\"width\":600,\"height\":600},{\"@type\":\"BreadcrumbList\",\"@id\":\"https:\/\/lesaffre-wa.com\/cv\/nos-produits\/premix-croissant-25#breadcrumb\",\"itemListElement\":[{\"@type\":\"ListItem\",\"position\":1,\"name\":\"Accueil\",\"item\":\"https:\/\/lesaffre-wa.com\/cv\/en\/homepage\"},{\"@type\":\"ListItem\",\"position\":2,\"name\":\"Nos produits\",\"item\":\"https:\/\/lesaffre-wa.com\/cv\/fr\/nos-produits\"},{\"@type\":\"ListItem\",\"position\":3,\"name\":\"PREMIX CROISSANT 25%\"}]},{\"@type\":\"WebSite\",\"@id\":\"https:\/\/lesaffre-wa.com\/cv\/#website\",\"url\":\"https:\/\/lesaffre-wa.com\/cv\/\",\"name\":\"Lesaffre Meea\",\"description\":\"Cap Vert\",\"publisher\":{\"@id\":\"https:\/\/lesaffre-wa.com\/cv\/#organization\"},\"alternateName\":\"Lesaffre\",\"potentialAction\":[{\"@type\":\"SearchAction\",\"target\":{\"@type\":\"EntryPoint\",\"urlTemplate\":\"https:\/\/lesaffre-wa.com\/cv\/?s={search_term_string}\"},\"query-input\":{\"@type\":\"PropertyValueSpecification\",\"valueRequired\":true,\"valueName\":\"search_term_string\"}}],\"inLanguage\":\"fr-FR\"},{\"@type\":\"Organization\",\"@id\":\"https:\/\/lesaffre-wa.com\/cv\/#organization\",\"name\":\"Lesaffre\",\"url\":\"https:\/\/lesaffre-wa.com\/cv\/\",\"logo\":{\"@type\":\"ImageObject\",\"inLanguage\":\"fr-FR\",\"@id\":\"https:\/\/lesaffre-wa.com\/cv\/#\/schema\/logo\/image\/\",\"url\":\"https:\/\/lesaffre-wa.com\/cv\/wp-content\/uploads\/sites\/42\/2024\/09\/Logo_SVG.svg\",\"contentUrl\":\"https:\/\/lesaffre-wa.com\/cv\/wp-content\/uploads\/sites\/42\/2024\/09\/Logo_SVG.svg\",\"width\":148,\"height\":147,\"caption\":\"Lesaffre\"},\"image\":{\"@id\":\"https:\/\/lesaffre-wa.com\/cv\/#\/schema\/logo\/image\/\"}}]}<\/script>\n<!-- \/ Yoast SEO plugin. -->","yoast_head_json":{"title":"PREMIX CROISSANT 25% - Lesaffre WA - Cap Vert","description":"Inventis\u00ae Premix Croissant est une solution pr\u00eate \u00e0 l'emploi pour des viennoiseries feuillet\u00e9es et beurr\u00e9es, con\u00e7ue pour les professionnels recherchant un r\u00e9sultat artisanal avec une production rationalis\u00e9e et des co\u00fbts ma\u00eetris\u00e9s.","robots":{"index":"index","follow":"follow","max-snippet":"max-snippet:-1","max-image-preview":"max-image-preview:large","max-video-preview":"max-video-preview:-1"},"canonical":"https:\/\/lesaffre-wa.com\/cv\/nos-produits\/premix-croissant-25","og_locale":"fr_FR","og_type":"article","og_title":"PREMIX CROISSANT 25% - Lesaffre WA - Cap Vert","og_description":"Inventis\u00ae Premix Croissant est une solution pr\u00eate \u00e0 l'emploi pour des viennoiseries feuillet\u00e9es et beurr\u00e9es, con\u00e7ue pour les professionnels recherchant un r\u00e9sultat artisanal avec une production rationalis\u00e9e et des co\u00fbts ma\u00eetris\u00e9s.","og_url":"https:\/\/lesaffre-wa.com\/cv\/nos-produits\/premix-croissant-25","og_site_name":"Lesaffre WA - Cap Vert","article_modified_time":"2026-03-06T10:56:13+00:00","og_image":[{"width":600,"height":600,"url":"https:\/\/lesaffre-wa.com\/cv\/wp-content\/uploads\/sites\/42\/2025\/11\/Premix-Croissant.png","type":"image\/png"}],"twitter_card":"summary_large_image","twitter_misc":{"Dur\u00e9e de lecture estim\u00e9e":"1 minute"},"schema":{"@context":"https:\/\/schema.org","@graph":[{"@type":"WebPage","@id":"https:\/\/lesaffre-wa.com\/cv\/nos-produits\/premix-croissant-25","url":"https:\/\/lesaffre-wa.com\/cv\/nos-produits\/premix-croissant-25","name":"PREMIX CROISSANT 25% - Lesaffre WA - Cap Vert","isPartOf":{"@id":"https:\/\/lesaffre-wa.com\/cv\/#website"},"primaryImageOfPage":{"@id":"https:\/\/lesaffre-wa.com\/cv\/nos-produits\/premix-croissant-25#primaryimage"},"image":{"@id":"https:\/\/lesaffre-wa.com\/cv\/nos-produits\/premix-croissant-25#primaryimage"},"thumbnailUrl":"https:\/\/lesaffre-wa.com\/cv\/wp-content\/uploads\/sites\/42\/2025\/11\/Premix-Croissant.png","datePublished":"2025-11-13T16:13:38+00:00","dateModified":"2026-03-06T10:56:13+00:00","description":"Inventis\u00ae Premix Croissant est une solution pr\u00eate \u00e0 l'emploi pour des viennoiseries feuillet\u00e9es et beurr\u00e9es, con\u00e7ue pour les professionnels recherchant un r\u00e9sultat artisanal avec une production rationalis\u00e9e et des co\u00fbts ma\u00eetris\u00e9s.","breadcrumb":{"@id":"https:\/\/lesaffre-wa.com\/cv\/nos-produits\/premix-croissant-25#breadcrumb"},"inLanguage":"fr-FR","potentialAction":[{"@type":"ReadAction","target":["https:\/\/lesaffre-wa.com\/cv\/nos-produits\/premix-croissant-25"]}]},{"@type":"ImageObject","inLanguage":"fr-FR","@id":"https:\/\/lesaffre-wa.com\/cv\/nos-produits\/premix-croissant-25#primaryimage","url":"https:\/\/lesaffre-wa.com\/cv\/wp-content\/uploads\/sites\/42\/2025\/11\/Premix-Croissant.png","contentUrl":"https:\/\/lesaffre-wa.com\/cv\/wp-content\/uploads\/sites\/42\/2025\/11\/Premix-Croissant.png","width":600,"height":600},{"@type":"BreadcrumbList","@id":"https:\/\/lesaffre-wa.com\/cv\/nos-produits\/premix-croissant-25#breadcrumb","itemListElement":[{"@type":"ListItem","position":1,"name":"Accueil","item":"https:\/\/lesaffre-wa.com\/cv\/en\/homepage"},{"@type":"ListItem","position":2,"name":"Nos produits","item":"https:\/\/lesaffre-wa.com\/cv\/fr\/nos-produits"},{"@type":"ListItem","position":3,"name":"PREMIX CROISSANT 25%"}]},{"@type":"WebSite","@id":"https:\/\/lesaffre-wa.com\/cv\/#website","url":"https:\/\/lesaffre-wa.com\/cv\/","name":"Lesaffre Meea","description":"Cap Vert","publisher":{"@id":"https:\/\/lesaffre-wa.com\/cv\/#organization"},"alternateName":"Lesaffre","potentialAction":[{"@type":"SearchAction","target":{"@type":"EntryPoint","urlTemplate":"https:\/\/lesaffre-wa.com\/cv\/?s={search_term_string}"},"query-input":{"@type":"PropertyValueSpecification","valueRequired":true,"valueName":"search_term_string"}}],"inLanguage":"fr-FR"},{"@type":"Organization","@id":"https:\/\/lesaffre-wa.com\/cv\/#organization","name":"Lesaffre","url":"https:\/\/lesaffre-wa.com\/cv\/","logo":{"@type":"ImageObject","inLanguage":"fr-FR","@id":"https:\/\/lesaffre-wa.com\/cv\/#\/schema\/logo\/image\/","url":"https:\/\/lesaffre-wa.com\/cv\/wp-content\/uploads\/sites\/42\/2024\/09\/Logo_SVG.svg","contentUrl":"https:\/\/lesaffre-wa.com\/cv\/wp-content\/uploads\/sites\/42\/2024\/09\/Logo_SVG.svg","width":148,"height":147,"caption":"Lesaffre"},"image":{"@id":"https:\/\/lesaffre-wa.com\/cv\/#\/schema\/logo\/image\/"}}]}},"lang":"fr","translations":{"fr":4390,"en":4386},"pll_sync_post":[],"_links":{"self":[{"href":"https:\/\/lesaffre-wa.com\/cv\/wp-json\/wp\/v2\/product\/4390","targetHints":{"allow":["GET"]}}],"collection":[{"href":"https:\/\/lesaffre-wa.com\/cv\/wp-json\/wp\/v2\/product"}],"about":[{"href":"https:\/\/lesaffre-wa.com\/cv\/wp-json\/wp\/v2\/types\/product"}],"wp:featuredmedia":[{"embeddable":true,"href":"https:\/\/lesaffre-wa.com\/cv\/wp-json\/wp\/v2\/media\/4389"}],"wp:attachment":[{"href":"https:\/\/lesaffre-wa.com\/cv\/wp-json\/wp\/v2\/media?parent=4390"}],"wp:term":[{"taxonomy":"product_brand","embeddable":true,"href":"https:\/\/lesaffre-wa.com\/cv\/wp-json\/wp\/v2\/product_brand?post=4390"},{"taxonomy":"product_cat","embeddable":true,"href":"https:\/\/lesaffre-wa.com\/cv\/wp-json\/wp\/v2\/product_cat?post=4390"},{"taxonomy":"product_tag","embeddable":true,"href":"https:\/\/lesaffre-wa.com\/cv\/wp-json\/wp\/v2\/product_tag?post=4390"}],"curies":[{"name":"wp","href":"https:\/\/api.w.org\/{rel}","templated":true}]}}