{"id":4476,"date":"2025-11-19T09:13:45","date_gmt":"2025-11-19T08:13:45","guid":{"rendered":"https:\/\/lesaffre-wa.com\/gn\/?post_type=product&#038;p=4476"},"modified":"2026-03-06T11:50:06","modified_gmt":"2026-03-06T10:50:06","slug":"livendo-as75l-5kg","status":"publish","type":"product","link":"https:\/\/lesaffre-wa.com\/gn\/nos-produits\/livendo-as75l-5kg","title":{"rendered":"LIVENDO\u00ae AS75L 5kg"},"content":{"rendered":"","protected":false},"excerpt":{"rendered":"<p>Le Livendo\u00aeAS75L est un acidifiant pour p\u00e2te, destin\u00e9 \u00e0 \u00eatre utilis\u00e9 dans les pr\u00e9parations de produits de boulangerie. Ce produit en conditionnement de 5kg permet de contr\u00f4ler le pH de la p\u00e2te et d&rsquo;obtenir des r\u00e9sultats optimaux.<\/p>\n","protected":false},"featured_media":4449,"template":"","meta":{"_acf_changed":false},"product_brand":[],"product_cat":[569],"product_tag":[],"class_list":{"0":"post-4476","1":"product","2":"type-product","3":"status-publish","4":"has-post-thumbnail","6":"product_cat-levain","8":"first","9":"instock","10":"shipping-taxable","11":"product-type-simple"},"acf":[],"yoast_head":"<!-- This site is optimized with the Yoast SEO plugin v27.0 - https:\/\/yoast.com\/product\/yoast-seo-wordpress\/ -->\n<title>LIVENDO\u00ae AS75L 5kg - Lesaffre WA - Guin\u00e9e<\/title>\n<meta name=\"description\" content=\"Le Livendo\u00aeAS75L est un acidifiant pour p\u00e2te, destin\u00e9 \u00e0 \u00eatre utilis\u00e9 dans les pr\u00e9parations de produits de boulangerie. Ce produit en conditionnement de 5kg permet de contr\u00f4ler le pH de la p\u00e2te et d&#039;obtenir des r\u00e9sultats optimaux.\" \/>\n<meta name=\"robots\" content=\"index, follow, max-snippet:-1, max-image-preview:large, max-video-preview:-1\" \/>\n<link rel=\"canonical\" href=\"https:\/\/lesaffre-wa.com\/gn\/nos-produits\/livendo-as75l-5kg\" \/>\n<meta property=\"og:locale\" content=\"fr_FR\" \/>\n<meta property=\"og:type\" content=\"article\" \/>\n<meta property=\"og:title\" content=\"LIVENDO\u00ae AS75L 5kg - Lesaffre WA - Guin\u00e9e\" \/>\n<meta property=\"og:description\" content=\"Le Livendo\u00aeAS75L est un acidifiant pour p\u00e2te, destin\u00e9 \u00e0 \u00eatre utilis\u00e9 dans les pr\u00e9parations de produits de boulangerie. Ce produit en conditionnement de 5kg permet de contr\u00f4ler le pH de la p\u00e2te et d&#039;obtenir des r\u00e9sultats optimaux.\" \/>\n<meta property=\"og:url\" content=\"https:\/\/lesaffre-wa.com\/gn\/nos-produits\/livendo-as75l-5kg\" \/>\n<meta property=\"og:site_name\" content=\"Lesaffre WA - Guin\u00e9e\" \/>\n<meta property=\"article:modified_time\" content=\"2026-03-06T10:50:06+00:00\" \/>\n<meta property=\"og:image\" content=\"https:\/\/lesaffre-wa.com\/gn\/wp-content\/uploads\/sites\/36\/2025\/11\/Packshot-AS75L.png\" \/>\n\t<meta property=\"og:image:width\" content=\"600\" \/>\n\t<meta property=\"og:image:height\" content=\"600\" \/>\n\t<meta property=\"og:image:type\" content=\"image\/png\" \/>\n<meta name=\"twitter:card\" content=\"summary_large_image\" \/>\n<meta name=\"twitter:label1\" content=\"Dur\u00e9e de lecture estim\u00e9e\" \/>\n\t<meta name=\"twitter:data1\" content=\"1 minute\" \/>\n<script type=\"application\/ld+json\" class=\"yoast-schema-graph\">{\"@context\":\"https:\/\/schema.org\",\"@graph\":[{\"@type\":\"WebPage\",\"@id\":\"https:\/\/lesaffre-wa.com\/gn\/nos-produits\/livendo-as75l-5kg\",\"url\":\"https:\/\/lesaffre-wa.com\/gn\/nos-produits\/livendo-as75l-5kg\",\"name\":\"LIVENDO\u00ae AS75L 5kg - Lesaffre WA - Guin\u00e9e\",\"isPartOf\":{\"@id\":\"https:\/\/lesaffre-wa.com\/gn\/#website\"},\"primaryImageOfPage\":{\"@id\":\"https:\/\/lesaffre-wa.com\/gn\/nos-produits\/livendo-as75l-5kg#primaryimage\"},\"image\":{\"@id\":\"https:\/\/lesaffre-wa.com\/gn\/nos-produits\/livendo-as75l-5kg#primaryimage\"},\"thumbnailUrl\":\"https:\/\/lesaffre-wa.com\/gn\/wp-content\/uploads\/sites\/36\/2025\/11\/Packshot-AS75L.png\",\"datePublished\":\"2025-11-19T08:13:45+00:00\",\"dateModified\":\"2026-03-06T10:50:06+00:00\",\"description\":\"Le Livendo\u00aeAS75L est un acidifiant pour p\u00e2te, destin\u00e9 \u00e0 \u00eatre utilis\u00e9 dans les pr\u00e9parations de produits de boulangerie. Ce produit en conditionnement de 5kg permet de contr\u00f4ler le pH de la p\u00e2te et d'obtenir des r\u00e9sultats optimaux.\",\"breadcrumb\":{\"@id\":\"https:\/\/lesaffre-wa.com\/gn\/nos-produits\/livendo-as75l-5kg#breadcrumb\"},\"inLanguage\":\"fr-FR\",\"potentialAction\":[{\"@type\":\"ReadAction\",\"target\":[\"https:\/\/lesaffre-wa.com\/gn\/nos-produits\/livendo-as75l-5kg\"]}]},{\"@type\":\"ImageObject\",\"inLanguage\":\"fr-FR\",\"@id\":\"https:\/\/lesaffre-wa.com\/gn\/nos-produits\/livendo-as75l-5kg#primaryimage\",\"url\":\"https:\/\/lesaffre-wa.com\/gn\/wp-content\/uploads\/sites\/36\/2025\/11\/Packshot-AS75L.png\",\"contentUrl\":\"https:\/\/lesaffre-wa.com\/gn\/wp-content\/uploads\/sites\/36\/2025\/11\/Packshot-AS75L.png\",\"width\":600,\"height\":600},{\"@type\":\"BreadcrumbList\",\"@id\":\"https:\/\/lesaffre-wa.com\/gn\/nos-produits\/livendo-as75l-5kg#breadcrumb\",\"itemListElement\":[{\"@type\":\"ListItem\",\"position\":1,\"name\":\"Accueil\",\"item\":\"https:\/\/lesaffre-wa.com\/gn\/en\/homepage\"},{\"@type\":\"ListItem\",\"position\":2,\"name\":\"Nos produits\",\"item\":\"https:\/\/lesaffre-wa.com\/gn\/fr\/nos-produits\"},{\"@type\":\"ListItem\",\"position\":3,\"name\":\"LIVENDO\u00ae AS75L 5kg\"}]},{\"@type\":\"WebSite\",\"@id\":\"https:\/\/lesaffre-wa.com\/gn\/#website\",\"url\":\"https:\/\/lesaffre-wa.com\/gn\/\",\"name\":\"Lesaffre Meea\",\"description\":\"Guin\u00e9e\",\"publisher\":{\"@id\":\"https:\/\/lesaffre-wa.com\/gn\/#organization\"},\"alternateName\":\"Lesaffre\",\"potentialAction\":[{\"@type\":\"SearchAction\",\"target\":{\"@type\":\"EntryPoint\",\"urlTemplate\":\"https:\/\/lesaffre-wa.com\/gn\/?s={search_term_string}\"},\"query-input\":{\"@type\":\"PropertyValueSpecification\",\"valueRequired\":true,\"valueName\":\"search_term_string\"}}],\"inLanguage\":\"fr-FR\"},{\"@type\":\"Organization\",\"@id\":\"https:\/\/lesaffre-wa.com\/gn\/#organization\",\"name\":\"Lesaffre\",\"url\":\"https:\/\/lesaffre-wa.com\/gn\/\",\"logo\":{\"@type\":\"ImageObject\",\"inLanguage\":\"fr-FR\",\"@id\":\"https:\/\/lesaffre-wa.com\/gn\/#\/schema\/logo\/image\/\",\"url\":\"https:\/\/lesaffre-wa.com\/gn\/wp-content\/uploads\/sites\/36\/2024\/09\/Logo_SVG.svg\",\"contentUrl\":\"https:\/\/lesaffre-wa.com\/gn\/wp-content\/uploads\/sites\/36\/2024\/09\/Logo_SVG.svg\",\"width\":148,\"height\":147,\"caption\":\"Lesaffre\"},\"image\":{\"@id\":\"https:\/\/lesaffre-wa.com\/gn\/#\/schema\/logo\/image\/\"}}]}<\/script>\n<!-- \/ Yoast SEO plugin. -->","yoast_head_json":{"title":"LIVENDO\u00ae AS75L 5kg - Lesaffre WA - Guin\u00e9e","description":"Le Livendo\u00aeAS75L est un acidifiant pour p\u00e2te, destin\u00e9 \u00e0 \u00eatre utilis\u00e9 dans les pr\u00e9parations de produits de boulangerie. Ce produit en conditionnement de 5kg permet de contr\u00f4ler le pH de la p\u00e2te et d'obtenir des r\u00e9sultats optimaux.","robots":{"index":"index","follow":"follow","max-snippet":"max-snippet:-1","max-image-preview":"max-image-preview:large","max-video-preview":"max-video-preview:-1"},"canonical":"https:\/\/lesaffre-wa.com\/gn\/nos-produits\/livendo-as75l-5kg","og_locale":"fr_FR","og_type":"article","og_title":"LIVENDO\u00ae AS75L 5kg - Lesaffre WA - Guin\u00e9e","og_description":"Le Livendo\u00aeAS75L est un acidifiant pour p\u00e2te, destin\u00e9 \u00e0 \u00eatre utilis\u00e9 dans les pr\u00e9parations de produits de boulangerie. Ce produit en conditionnement de 5kg permet de contr\u00f4ler le pH de la p\u00e2te et d'obtenir des r\u00e9sultats optimaux.","og_url":"https:\/\/lesaffre-wa.com\/gn\/nos-produits\/livendo-as75l-5kg","og_site_name":"Lesaffre WA - Guin\u00e9e","article_modified_time":"2026-03-06T10:50:06+00:00","og_image":[{"width":600,"height":600,"url":"https:\/\/lesaffre-wa.com\/gn\/wp-content\/uploads\/sites\/36\/2025\/11\/Packshot-AS75L.png","type":"image\/png"}],"twitter_card":"summary_large_image","twitter_misc":{"Dur\u00e9e de lecture estim\u00e9e":"1 minute"},"schema":{"@context":"https:\/\/schema.org","@graph":[{"@type":"WebPage","@id":"https:\/\/lesaffre-wa.com\/gn\/nos-produits\/livendo-as75l-5kg","url":"https:\/\/lesaffre-wa.com\/gn\/nos-produits\/livendo-as75l-5kg","name":"LIVENDO\u00ae AS75L 5kg - Lesaffre WA - Guin\u00e9e","isPartOf":{"@id":"https:\/\/lesaffre-wa.com\/gn\/#website"},"primaryImageOfPage":{"@id":"https:\/\/lesaffre-wa.com\/gn\/nos-produits\/livendo-as75l-5kg#primaryimage"},"image":{"@id":"https:\/\/lesaffre-wa.com\/gn\/nos-produits\/livendo-as75l-5kg#primaryimage"},"thumbnailUrl":"https:\/\/lesaffre-wa.com\/gn\/wp-content\/uploads\/sites\/36\/2025\/11\/Packshot-AS75L.png","datePublished":"2025-11-19T08:13:45+00:00","dateModified":"2026-03-06T10:50:06+00:00","description":"Le Livendo\u00aeAS75L est un acidifiant pour p\u00e2te, destin\u00e9 \u00e0 \u00eatre utilis\u00e9 dans les pr\u00e9parations de produits de boulangerie. Ce produit en conditionnement de 5kg permet de contr\u00f4ler le pH de la p\u00e2te et d'obtenir des r\u00e9sultats optimaux.","breadcrumb":{"@id":"https:\/\/lesaffre-wa.com\/gn\/nos-produits\/livendo-as75l-5kg#breadcrumb"},"inLanguage":"fr-FR","potentialAction":[{"@type":"ReadAction","target":["https:\/\/lesaffre-wa.com\/gn\/nos-produits\/livendo-as75l-5kg"]}]},{"@type":"ImageObject","inLanguage":"fr-FR","@id":"https:\/\/lesaffre-wa.com\/gn\/nos-produits\/livendo-as75l-5kg#primaryimage","url":"https:\/\/lesaffre-wa.com\/gn\/wp-content\/uploads\/sites\/36\/2025\/11\/Packshot-AS75L.png","contentUrl":"https:\/\/lesaffre-wa.com\/gn\/wp-content\/uploads\/sites\/36\/2025\/11\/Packshot-AS75L.png","width":600,"height":600},{"@type":"BreadcrumbList","@id":"https:\/\/lesaffre-wa.com\/gn\/nos-produits\/livendo-as75l-5kg#breadcrumb","itemListElement":[{"@type":"ListItem","position":1,"name":"Accueil","item":"https:\/\/lesaffre-wa.com\/gn\/en\/homepage"},{"@type":"ListItem","position":2,"name":"Nos produits","item":"https:\/\/lesaffre-wa.com\/gn\/fr\/nos-produits"},{"@type":"ListItem","position":3,"name":"LIVENDO\u00ae AS75L 5kg"}]},{"@type":"WebSite","@id":"https:\/\/lesaffre-wa.com\/gn\/#website","url":"https:\/\/lesaffre-wa.com\/gn\/","name":"Lesaffre Meea","description":"Guin\u00e9e","publisher":{"@id":"https:\/\/lesaffre-wa.com\/gn\/#organization"},"alternateName":"Lesaffre","potentialAction":[{"@type":"SearchAction","target":{"@type":"EntryPoint","urlTemplate":"https:\/\/lesaffre-wa.com\/gn\/?s={search_term_string}"},"query-input":{"@type":"PropertyValueSpecification","valueRequired":true,"valueName":"search_term_string"}}],"inLanguage":"fr-FR"},{"@type":"Organization","@id":"https:\/\/lesaffre-wa.com\/gn\/#organization","name":"Lesaffre","url":"https:\/\/lesaffre-wa.com\/gn\/","logo":{"@type":"ImageObject","inLanguage":"fr-FR","@id":"https:\/\/lesaffre-wa.com\/gn\/#\/schema\/logo\/image\/","url":"https:\/\/lesaffre-wa.com\/gn\/wp-content\/uploads\/sites\/36\/2024\/09\/Logo_SVG.svg","contentUrl":"https:\/\/lesaffre-wa.com\/gn\/wp-content\/uploads\/sites\/36\/2024\/09\/Logo_SVG.svg","width":148,"height":147,"caption":"Lesaffre"},"image":{"@id":"https:\/\/lesaffre-wa.com\/gn\/#\/schema\/logo\/image\/"}}]}},"lang":"fr","translations":{"fr":4476,"en":4474},"pll_sync_post":[],"_links":{"self":[{"href":"https:\/\/lesaffre-wa.com\/gn\/wp-json\/wp\/v2\/product\/4476","targetHints":{"allow":["GET"]}}],"collection":[{"href":"https:\/\/lesaffre-wa.com\/gn\/wp-json\/wp\/v2\/product"}],"about":[{"href":"https:\/\/lesaffre-wa.com\/gn\/wp-json\/wp\/v2\/types\/product"}],"wp:featuredmedia":[{"embeddable":true,"href":"https:\/\/lesaffre-wa.com\/gn\/wp-json\/wp\/v2\/media\/4449"}],"wp:attachment":[{"href":"https:\/\/lesaffre-wa.com\/gn\/wp-json\/wp\/v2\/media?parent=4476"}],"wp:term":[{"taxonomy":"product_brand","embeddable":true,"href":"https:\/\/lesaffre-wa.com\/gn\/wp-json\/wp\/v2\/product_brand?post=4476"},{"taxonomy":"product_cat","embeddable":true,"href":"https:\/\/lesaffre-wa.com\/gn\/wp-json\/wp\/v2\/product_cat?post=4476"},{"taxonomy":"product_tag","embeddable":true,"href":"https:\/\/lesaffre-wa.com\/gn\/wp-json\/wp\/v2\/product_tag?post=4476"}],"curies":[{"name":"wp","href":"https:\/\/api.w.org\/{rel}","templated":true}]}}