{"id":4412,"date":"2025-11-17T13:48:10","date_gmt":"2025-11-17T12:48:10","guid":{"rendered":"https:\/\/lesaffre-wa.com\/gq\/?post_type=product&#038;p=4412"},"modified":"2026-03-06T11:56:09","modified_gmt":"2026-03-06T10:56:09","slug":"nevada-500g","status":"publish","type":"product","link":"https:\/\/lesaffre-wa.com\/gq\/nos-produits\/nevada-500g","title":{"rendered":"NEVADA\u00ae 500g"},"content":{"rendered":"","protected":false},"excerpt":{"rendered":"<div class=\"ewa-rteLine\">\n<div class=\"ewa-rteLine\">Garantissez une fermentation optimale avec la Nevada\u00ae.<\/div>\n<div class=\"ewa-rteLine\">En combinant notre levure avec votre savoir-faire, vous b\u00e9n\u00e9ficiez d\u2019une fiabilit\u00e9 sans faille.<\/div>\n<div class=\"ewa-rteLine\">Une alliance gagnante qui vous lib\u00e8re l\u2019esprit pour vous consacrer \u00e0 vos activit\u00e9s quotidiennes tout en conservant un contr\u00f4le total sur la qualit\u00e9 de vos r\u00e9alisations.<\/div>\n<\/div>\n","protected":false},"featured_media":2225,"template":"","meta":{"_acf_changed":false},"product_brand":[],"product_cat":[567],"product_tag":[],"class_list":{"0":"post-4412","1":"product","2":"type-product","3":"status-publish","4":"has-post-thumbnail","6":"product_cat-levure","8":"first","9":"instock","10":"shipping-taxable","11":"product-type-simple"},"acf":[],"yoast_head":"<!-- This site is optimized with the Yoast SEO plugin v27.0 - https:\/\/yoast.com\/product\/yoast-seo-wordpress\/ -->\n<title>NEVADA\u00ae 500g - Lesaffre WA - Guin\u00e9e Equatoriale<\/title>\n<meta name=\"description\" content=\"Garantissez une fermentation optimale avec la Nevada\u00ae. En combinant notre levure avec votre savoir-faire, vous b\u00e9n\u00e9ficiez d\u2019une fiabilit\u00e9 sans faille. Une alliance gagnante qui vous lib\u00e8re l\u2019esprit pour vous consacrer \u00e0 vos activit\u00e9s quotidiennes tout en conservant un contr\u00f4le total sur la qualit\u00e9 de vos r\u00e9alisations.\" \/>\n<meta name=\"robots\" content=\"index, follow, max-snippet:-1, max-image-preview:large, max-video-preview:-1\" \/>\n<link rel=\"canonical\" href=\"https:\/\/lesaffre-wa.com\/gq\/nos-produits\/nevada-500g\" \/>\n<meta property=\"og:locale\" content=\"fr_FR\" \/>\n<meta property=\"og:type\" content=\"article\" \/>\n<meta property=\"og:title\" content=\"NEVADA\u00ae 500g - Lesaffre WA - Guin\u00e9e Equatoriale\" \/>\n<meta property=\"og:description\" content=\"Garantissez une fermentation optimale avec la Nevada\u00ae. En combinant notre levure avec votre savoir-faire, vous b\u00e9n\u00e9ficiez d\u2019une fiabilit\u00e9 sans faille. Une alliance gagnante qui vous lib\u00e8re l\u2019esprit pour vous consacrer \u00e0 vos activit\u00e9s quotidiennes tout en conservant un contr\u00f4le total sur la qualit\u00e9 de vos r\u00e9alisations.\" \/>\n<meta property=\"og:url\" content=\"https:\/\/lesaffre-wa.com\/gq\/nos-produits\/nevada-500g\" \/>\n<meta property=\"og:site_name\" content=\"Lesaffre WA - Guin\u00e9e Equatoriale\" \/>\n<meta property=\"article:modified_time\" content=\"2026-03-06T10:56:09+00:00\" \/>\n<meta property=\"og:image\" content=\"https:\/\/lesaffre-wa.com\/gq\/wp-content\/uploads\/sites\/45\/2025\/03\/1-Nevada-Blue-500g-Overseas.png\" \/>\n\t<meta property=\"og:image:width\" content=\"600\" \/>\n\t<meta property=\"og:image:height\" content=\"600\" \/>\n\t<meta property=\"og:image:type\" content=\"image\/png\" \/>\n<meta name=\"twitter:card\" content=\"summary_large_image\" \/>\n<meta name=\"twitter:label1\" content=\"Dur\u00e9e de lecture estim\u00e9e\" \/>\n\t<meta name=\"twitter:data1\" content=\"1 minute\" \/>\n<script type=\"application\/ld+json\" class=\"yoast-schema-graph\">{\"@context\":\"https:\/\/schema.org\",\"@graph\":[{\"@type\":\"WebPage\",\"@id\":\"https:\/\/lesaffre-wa.com\/gq\/nos-produits\/nevada-500g\",\"url\":\"https:\/\/lesaffre-wa.com\/gq\/nos-produits\/nevada-500g\",\"name\":\"NEVADA\u00ae 500g - Lesaffre WA - Guin\u00e9e Equatoriale\",\"isPartOf\":{\"@id\":\"https:\/\/lesaffre-wa.com\/gq\/#website\"},\"primaryImageOfPage\":{\"@id\":\"https:\/\/lesaffre-wa.com\/gq\/nos-produits\/nevada-500g#primaryimage\"},\"image\":{\"@id\":\"https:\/\/lesaffre-wa.com\/gq\/nos-produits\/nevada-500g#primaryimage\"},\"thumbnailUrl\":\"https:\/\/lesaffre-wa.com\/gq\/wp-content\/uploads\/sites\/45\/2025\/03\/1-Nevada-Blue-500g-Overseas.png\",\"datePublished\":\"2025-11-17T12:48:10+00:00\",\"dateModified\":\"2026-03-06T10:56:09+00:00\",\"description\":\"Garantissez une fermentation optimale avec la Nevada\u00ae. En combinant notre levure avec votre savoir-faire, vous b\u00e9n\u00e9ficiez d\u2019une fiabilit\u00e9 sans faille. Une alliance gagnante qui vous lib\u00e8re l\u2019esprit pour vous consacrer \u00e0 vos activit\u00e9s quotidiennes tout en conservant un contr\u00f4le total sur la qualit\u00e9 de vos r\u00e9alisations.\",\"breadcrumb\":{\"@id\":\"https:\/\/lesaffre-wa.com\/gq\/nos-produits\/nevada-500g#breadcrumb\"},\"inLanguage\":\"fr-FR\",\"potentialAction\":[{\"@type\":\"ReadAction\",\"target\":[\"https:\/\/lesaffre-wa.com\/gq\/nos-produits\/nevada-500g\"]}]},{\"@type\":\"ImageObject\",\"inLanguage\":\"fr-FR\",\"@id\":\"https:\/\/lesaffre-wa.com\/gq\/nos-produits\/nevada-500g#primaryimage\",\"url\":\"https:\/\/lesaffre-wa.com\/gq\/wp-content\/uploads\/sites\/45\/2025\/03\/1-Nevada-Blue-500g-Overseas.png\",\"contentUrl\":\"https:\/\/lesaffre-wa.com\/gq\/wp-content\/uploads\/sites\/45\/2025\/03\/1-Nevada-Blue-500g-Overseas.png\",\"width\":600,\"height\":600},{\"@type\":\"BreadcrumbList\",\"@id\":\"https:\/\/lesaffre-wa.com\/gq\/nos-produits\/nevada-500g#breadcrumb\",\"itemListElement\":[{\"@type\":\"ListItem\",\"position\":1,\"name\":\"Accueil\",\"item\":\"https:\/\/lesaffre-wa.com\/gq\/en\/homepage\"},{\"@type\":\"ListItem\",\"position\":2,\"name\":\"Nos produits\",\"item\":\"https:\/\/lesaffre-wa.com\/gq\/fr\/nos-produits\"},{\"@type\":\"ListItem\",\"position\":3,\"name\":\"NEVADA\u00ae 500g\"}]},{\"@type\":\"WebSite\",\"@id\":\"https:\/\/lesaffre-wa.com\/gq\/#website\",\"url\":\"https:\/\/lesaffre-wa.com\/gq\/\",\"name\":\"Lesaffre Meea\",\"description\":\"Guin\u00e9e Equatoriale\",\"publisher\":{\"@id\":\"https:\/\/lesaffre-wa.com\/gq\/#organization\"},\"alternateName\":\"Lesaffre\",\"potentialAction\":[{\"@type\":\"SearchAction\",\"target\":{\"@type\":\"EntryPoint\",\"urlTemplate\":\"https:\/\/lesaffre-wa.com\/gq\/?s={search_term_string}\"},\"query-input\":{\"@type\":\"PropertyValueSpecification\",\"valueRequired\":true,\"valueName\":\"search_term_string\"}}],\"inLanguage\":\"fr-FR\"},{\"@type\":\"Organization\",\"@id\":\"https:\/\/lesaffre-wa.com\/gq\/#organization\",\"name\":\"Lesaffre\",\"url\":\"https:\/\/lesaffre-wa.com\/gq\/\",\"logo\":{\"@type\":\"ImageObject\",\"inLanguage\":\"fr-FR\",\"@id\":\"https:\/\/lesaffre-wa.com\/gq\/#\/schema\/logo\/image\/\",\"url\":\"https:\/\/lesaffre-wa.com\/gq\/wp-content\/uploads\/sites\/45\/2024\/09\/Logo_SVG.svg\",\"contentUrl\":\"https:\/\/lesaffre-wa.com\/gq\/wp-content\/uploads\/sites\/45\/2024\/09\/Logo_SVG.svg\",\"width\":148,\"height\":147,\"caption\":\"Lesaffre\"},\"image\":{\"@id\":\"https:\/\/lesaffre-wa.com\/gq\/#\/schema\/logo\/image\/\"}}]}<\/script>\n<!-- \/ Yoast SEO plugin. -->","yoast_head_json":{"title":"NEVADA\u00ae 500g - Lesaffre WA - Guin\u00e9e Equatoriale","description":"Garantissez une fermentation optimale avec la Nevada\u00ae. En combinant notre levure avec votre savoir-faire, vous b\u00e9n\u00e9ficiez d\u2019une fiabilit\u00e9 sans faille. Une alliance gagnante qui vous lib\u00e8re l\u2019esprit pour vous consacrer \u00e0 vos activit\u00e9s quotidiennes tout en conservant un contr\u00f4le total sur la qualit\u00e9 de vos r\u00e9alisations.","robots":{"index":"index","follow":"follow","max-snippet":"max-snippet:-1","max-image-preview":"max-image-preview:large","max-video-preview":"max-video-preview:-1"},"canonical":"https:\/\/lesaffre-wa.com\/gq\/nos-produits\/nevada-500g","og_locale":"fr_FR","og_type":"article","og_title":"NEVADA\u00ae 500g - Lesaffre WA - Guin\u00e9e Equatoriale","og_description":"Garantissez une fermentation optimale avec la Nevada\u00ae. En combinant notre levure avec votre savoir-faire, vous b\u00e9n\u00e9ficiez d\u2019une fiabilit\u00e9 sans faille. Une alliance gagnante qui vous lib\u00e8re l\u2019esprit pour vous consacrer \u00e0 vos activit\u00e9s quotidiennes tout en conservant un contr\u00f4le total sur la qualit\u00e9 de vos r\u00e9alisations.","og_url":"https:\/\/lesaffre-wa.com\/gq\/nos-produits\/nevada-500g","og_site_name":"Lesaffre WA - Guin\u00e9e Equatoriale","article_modified_time":"2026-03-06T10:56:09+00:00","og_image":[{"width":600,"height":600,"url":"https:\/\/lesaffre-wa.com\/gq\/wp-content\/uploads\/sites\/45\/2025\/03\/1-Nevada-Blue-500g-Overseas.png","type":"image\/png"}],"twitter_card":"summary_large_image","twitter_misc":{"Dur\u00e9e de lecture estim\u00e9e":"1 minute"},"schema":{"@context":"https:\/\/schema.org","@graph":[{"@type":"WebPage","@id":"https:\/\/lesaffre-wa.com\/gq\/nos-produits\/nevada-500g","url":"https:\/\/lesaffre-wa.com\/gq\/nos-produits\/nevada-500g","name":"NEVADA\u00ae 500g - Lesaffre WA - Guin\u00e9e Equatoriale","isPartOf":{"@id":"https:\/\/lesaffre-wa.com\/gq\/#website"},"primaryImageOfPage":{"@id":"https:\/\/lesaffre-wa.com\/gq\/nos-produits\/nevada-500g#primaryimage"},"image":{"@id":"https:\/\/lesaffre-wa.com\/gq\/nos-produits\/nevada-500g#primaryimage"},"thumbnailUrl":"https:\/\/lesaffre-wa.com\/gq\/wp-content\/uploads\/sites\/45\/2025\/03\/1-Nevada-Blue-500g-Overseas.png","datePublished":"2025-11-17T12:48:10+00:00","dateModified":"2026-03-06T10:56:09+00:00","description":"Garantissez une fermentation optimale avec la Nevada\u00ae. En combinant notre levure avec votre savoir-faire, vous b\u00e9n\u00e9ficiez d\u2019une fiabilit\u00e9 sans faille. Une alliance gagnante qui vous lib\u00e8re l\u2019esprit pour vous consacrer \u00e0 vos activit\u00e9s quotidiennes tout en conservant un contr\u00f4le total sur la qualit\u00e9 de vos r\u00e9alisations.","breadcrumb":{"@id":"https:\/\/lesaffre-wa.com\/gq\/nos-produits\/nevada-500g#breadcrumb"},"inLanguage":"fr-FR","potentialAction":[{"@type":"ReadAction","target":["https:\/\/lesaffre-wa.com\/gq\/nos-produits\/nevada-500g"]}]},{"@type":"ImageObject","inLanguage":"fr-FR","@id":"https:\/\/lesaffre-wa.com\/gq\/nos-produits\/nevada-500g#primaryimage","url":"https:\/\/lesaffre-wa.com\/gq\/wp-content\/uploads\/sites\/45\/2025\/03\/1-Nevada-Blue-500g-Overseas.png","contentUrl":"https:\/\/lesaffre-wa.com\/gq\/wp-content\/uploads\/sites\/45\/2025\/03\/1-Nevada-Blue-500g-Overseas.png","width":600,"height":600},{"@type":"BreadcrumbList","@id":"https:\/\/lesaffre-wa.com\/gq\/nos-produits\/nevada-500g#breadcrumb","itemListElement":[{"@type":"ListItem","position":1,"name":"Accueil","item":"https:\/\/lesaffre-wa.com\/gq\/en\/homepage"},{"@type":"ListItem","position":2,"name":"Nos produits","item":"https:\/\/lesaffre-wa.com\/gq\/fr\/nos-produits"},{"@type":"ListItem","position":3,"name":"NEVADA\u00ae 500g"}]},{"@type":"WebSite","@id":"https:\/\/lesaffre-wa.com\/gq\/#website","url":"https:\/\/lesaffre-wa.com\/gq\/","name":"Lesaffre Meea","description":"Guin\u00e9e Equatoriale","publisher":{"@id":"https:\/\/lesaffre-wa.com\/gq\/#organization"},"alternateName":"Lesaffre","potentialAction":[{"@type":"SearchAction","target":{"@type":"EntryPoint","urlTemplate":"https:\/\/lesaffre-wa.com\/gq\/?s={search_term_string}"},"query-input":{"@type":"PropertyValueSpecification","valueRequired":true,"valueName":"search_term_string"}}],"inLanguage":"fr-FR"},{"@type":"Organization","@id":"https:\/\/lesaffre-wa.com\/gq\/#organization","name":"Lesaffre","url":"https:\/\/lesaffre-wa.com\/gq\/","logo":{"@type":"ImageObject","inLanguage":"fr-FR","@id":"https:\/\/lesaffre-wa.com\/gq\/#\/schema\/logo\/image\/","url":"https:\/\/lesaffre-wa.com\/gq\/wp-content\/uploads\/sites\/45\/2024\/09\/Logo_SVG.svg","contentUrl":"https:\/\/lesaffre-wa.com\/gq\/wp-content\/uploads\/sites\/45\/2024\/09\/Logo_SVG.svg","width":148,"height":147,"caption":"Lesaffre"},"image":{"@id":"https:\/\/lesaffre-wa.com\/gq\/#\/schema\/logo\/image\/"}}]}},"lang":"fr","translations":{"fr":4412,"en":332},"pll_sync_post":[],"_links":{"self":[{"href":"https:\/\/lesaffre-wa.com\/gq\/wp-json\/wp\/v2\/product\/4412","targetHints":{"allow":["GET"]}}],"collection":[{"href":"https:\/\/lesaffre-wa.com\/gq\/wp-json\/wp\/v2\/product"}],"about":[{"href":"https:\/\/lesaffre-wa.com\/gq\/wp-json\/wp\/v2\/types\/product"}],"wp:featuredmedia":[{"embeddable":true,"href":"https:\/\/lesaffre-wa.com\/gq\/wp-json\/wp\/v2\/media\/2225"}],"wp:attachment":[{"href":"https:\/\/lesaffre-wa.com\/gq\/wp-json\/wp\/v2\/media?parent=4412"}],"wp:term":[{"taxonomy":"product_brand","embeddable":true,"href":"https:\/\/lesaffre-wa.com\/gq\/wp-json\/wp\/v2\/product_brand?post=4412"},{"taxonomy":"product_cat","embeddable":true,"href":"https:\/\/lesaffre-wa.com\/gq\/wp-json\/wp\/v2\/product_cat?post=4412"},{"taxonomy":"product_tag","embeddable":true,"href":"https:\/\/lesaffre-wa.com\/gq\/wp-json\/wp\/v2\/product_tag?post=4412"}],"curies":[{"name":"wp","href":"https:\/\/api.w.org\/{rel}","templated":true}]}}