{"id":21,"date":"2025-02-25T14:06:06","date_gmt":"2025-02-25T13:06:06","guid":{"rendered":"https:\/\/lesaffre-wa.com\/gw\/?page_id=21"},"modified":"2026-01-28T11:51:28","modified_gmt":"2026-01-28T10:51:28","slug":"cookie-notice","status":"publish","type":"page","link":"https:\/\/lesaffre-wa.com\/gw\/en\/cookie-notice","title":{"rendered":"Cookie Notice"},"content":{"rendered":"\n<p>This Cookie Notice was last updated on 25\/02\/2025<\/p>\n\n\n\n<p>This Cookie Notice applies to the SOCIETE INDUSTRIELLE LESAFFRE website available at <a href=\"https:\/\/lesaffre-wa.com\/\">www.lesaffre-wa.com<\/a> (the \u00ab\u00a0<strong>Website<\/strong>\u00ab\u00a0). You may access and change your cookie preferences at any time by clicking\u00a0 here.\u00a0<\/p>\n\n\n\n<h2 class=\"wp-block-heading\">1- What are cookies?<\/h2>\n\n\n\n<ol class=\"wp-block-list\">\n<li><\/li>\n<\/ol>\n\n\n\n<p>Lesaffre International (also referred to as the \u201cLesaffre\u00a0\u00bb, \u00ab\u00a0<strong>we<\/strong>\u00a0\u00bb or \u00ab\u00a0<strong>us<\/strong>\u00ab\u00a0) uses cookies on the Website. A cookie is a very small text document, which often includes an anonymous unique identifier. Cookies are created when your browser loads a particular website. The website sends information to the browser which then creates a text file. Every time the user goes back to the same website, the browser retrieves and sends this file to the website&rsquo;s server. Find out more about the use of cookies on <a href=\"http:\/\/www.allaboutcookies.org\">www.allaboutcookies.org<\/a>.&nbsp;<\/p>\n\n\n\n<p>We also use other forms of technology (such as web beacons or pixel tags) which serve a similar purpose to cookies, and which allow us to monitor and improve our Website. When we talk about cookies in this Cookie Notice, this term includes these similar technologies. If the purpose of processing personal data is amended significantly, the UAE PDPL requires a fresh consent from the user. Such consent shall be obtained from the User in a clear, simple and unambiguous manner and such consent must be recorded and the Controller must be able to prove that such consent has been obtained. If you would like more information about our privacy practices, please consult our <a href=\"\/lesaffre-website-privacy-notice\">Privacy Notice<\/a>.<\/p>\n\n\n\n<h2 class=\"wp-block-heading\">2- What cookies do we use, what information to they collect and how long are they stored for?<\/h2>\n\n\n\n<ol start=\"2\" class=\"wp-block-list\">\n<li><\/li>\n<\/ol>\n\n\n\n<p>You can find more information about the other individual cookies we use and the purposes for which we use them in the table below:<\/p>\n\n\n\n<figure class=\"wp-block-table\"><table class=\"has-fixed-layout\"><tbody><tr><td><strong>Type of cookie<\/strong><\/td><td><strong>Purpose<\/strong><\/td><td><strong>Duration until expiry<\/strong><\/td><\/tr><tr><td><strong>Strictly necessary cookies<\/strong><\/td><td>These cookies are required to enable core functionality. Without these cookies, registering your consent or your refusal regarding the utilisation of cookies on the Website would not be possible.<\/td><td>13 months<\/td><\/tr><tr><td><strong>Analytics cookies<\/strong><\/td><td>These cookies help us improve or optimise the experience we provide. They allow us to measure how visitors interact with our Website and we use this information to improve the user experience and performance of Website.These cookies are used to collect technical information such as the last visited Website, the number of pages visited, which parts of our Website are clicked on and the length of time between clicks.<\/td><td>13 months<\/td><\/tr><tr><td><strong>Functional cookies<\/strong><\/td><td>We may use cookies that are not essential but enable various helpful features on our Website.For example, these cookies collect information about your interaction with services provided on the Website and may be used on our Website to remember your preferences (such as your language preference). We will ask for your consent to use these cookies when you request the relevant service.&nbsp;<\/td><td>24h<\/td><\/tr><tr><td><strong>Social media cookies<\/strong><\/td><td>These cookies are used when you share information using a social media sharing button or \u00ab\u00a0like\u00a0\u00bb button on our Website, or when you engage with our content on or through a social site such as Facebook or Twitter. These cookies collect information about your social media interaction with the Website, such as whether or not you have an account with the social media site and whether you are logged into it when you interact with content on our Website. This information may be linked to targeting\/advertising activities.<\/td><td>Youtube 18 months<a href=\"https:\/\/policies.google.com\/technologies\/retention?hl=en&amp;gl=en\">How Google retains data we collect \u2013 Privacy &amp; Terms \u2013 Google<\/a>&nbsp;<br>Instagram &#8211; 3 months<br>Facebook \u2013 3 months <a href=\"https:\/\/www.facebook.com\/privacy\/policies\/cookies\">https:\/\/www.facebook.com\/privacy\/policies\/cookies<\/a><\/td><\/tr><\/tbody><\/table><\/figure>\n\n\n\n<h2 class=\"wp-block-heading\">3- Third parties<\/h2>\n\n\n\n<p>Your use of Website may result in some cookies being stored that are not controlled by us. This may occur when the part of the Website you are visiting makes use of a third-party analytics or includes content displayed from a third-party website, for example, YouTube. You should review the privacy and cookie notices of these services to find out how these third parties use cookies and whether your cookie data will be transferred to a third country. A list of the third parties who place cookies on the Website can be found : Empirik, Blaaaz, Shift In, Google Tag Manager, Youtube, Meta.<\/p>\n\n\n\n<p>Some cookies may involve the transfer of your data outside the applicable jurisdiction, including to countries that may not provide the same level of data protection as required under the applicable laws. To ensure the security and privacy of your data, we implement robust safeguards in compliance with applicable regulations. These measures include contractual commitments with the service providers with which Lesaffre works.&nbsp;&nbsp;<\/p>\n\n\n\n<h2 class=\"wp-block-heading\">4- User rights<\/h2>\n\n\n\n<p>Under the applicable law, you have the right to access, correct\/modify or delete the personal data we process through cookies. You may also object to or withdraw your consent for non-essential cookies at any time. To exercise these rights, please contact us at SOCIETE INDUSTRIELLE LESAFFRE &#8211; Marketing Department MEA Region \u2013 137 rue Gabriel P\u00e9ri 59700 MARCQ-EN-BAROEUL<\/p>\n\n\n\n<p>Further, you can use our Cookie Preferences tool to:<\/p>\n\n\n\n<ol class=\"wp-block-list\">\n<li>View the types of cookies we use.<\/li>\n\n\n\n<li>Accept or reject specific cookie categories.<\/li>\n\n\n\n<li>Withdraw your consent for non-essential cookies at any time.<\/li>\n<\/ol>\n\n\n\n<h2 class=\"wp-block-heading\">5- How do you manage these technologies?<\/h2>\n\n\n\n<p>You may adjust, at any time, your cookie preferences <em>here<\/em>.<\/p>\n\n\n\n<p>Most internet browsers allow you to manage cookie settings or to delete them. Methods vary for doing so, but you can see information about managing cookies at the following links:<\/p>\n\n\n\n<ul class=\"wp-block-list\">\n<li><a href=\"https:\/\/support.google.com\/chrome\/answer\/95647\" target=\"_blank\" rel=\"noreferrer noopener\">Google Chrome<\/a>&nbsp;<\/li>\n\n\n\n<li><a href=\"https:\/\/support.mozilla.org\/en-US\/kb\/enhanced-tracking-protection-firefox-desktop\" target=\"_blank\" rel=\"noreferrer noopener\">Mozilla Firefox<\/a><\/li>\n\n\n\n<li><a href=\"https:\/\/support.apple.com\/en-gb\/guide\/safari\/sfri11471\/mac\" target=\"_blank\" rel=\"noreferrer noopener\">Apple Safari<\/a><\/li>\n\n\n\n<li><a href=\"https:\/\/support.microsoft.com\/en-gb\/windows\/microsoft-edge-browsing-data-and-privacy-bb8174ba-9d73-dcf2-9b4a-c582b4e640dd\" target=\"_blank\" rel=\"noreferrer noopener\">Microsoft Edge<\/a><\/li>\n<\/ul>\n\n\n\n<h2 class=\"wp-block-heading\">6- Contact us<\/h2>\n\n\n\n<p>The responsible entity is Lesaffre International. If you have questions about this Cookie Notice or wish to contact us for any reason in relation to our cookies use, please contact us at SOCIETE INDUSTRIELLE LESAFFRE &#8211; Marketing Department MEA Region \u2013 137 rue Gabriel P\u00e9ri 59700 MARCQ-EN-BAROEUL \u2013 Tel : +33 +(0)3 20 81 61 00 \u2013 Email : <a href=\"mailto:lesaffrewa@lesaffre.com\">lesaffrewa@lesaffre.com<\/a><a id=\"_msocom_1\"><\/a><\/p>\n","protected":false},"excerpt":{"rendered":"<p>This Cookie Notice was last updated on 25\/02\/2025 This Cookie Notice applies to the SOCIETE INDUSTRIELLE LESAFFRE website available at www.lesaffre-wa.com (the \u00ab\u00a0Website\u00ab\u00a0). You may access and change your cookie preferences at any time by clicking\u00a0 here.\u00a0 1- What are cookies? Lesaffre International (also referred to as the \u201cLesaffre\u00a0\u00bb, \u00ab\u00a0we\u00a0\u00bb or \u00ab\u00a0us\u00ab\u00a0) uses cookies on [&hellip;]<\/p>\n","protected":false},"author":1,"featured_media":0,"parent":0,"menu_order":0,"comment_status":"closed","ping_status":"closed","template":"templates\/misc-pages.php","meta":{"_acf_changed":false,"footnotes":""},"class_list":["post-21","page","type-page","status-publish","hentry"],"acf":[],"yoast_head":"<!-- This site is optimized with the Yoast SEO plugin v27.0 - https:\/\/yoast.com\/product\/yoast-seo-wordpress\/ -->\n<title>Cookie Notice - Lesaffre WA - Guin\u00e9e Bissau<\/title>\n<meta name=\"description\" content=\"This Cookie Notice was last updated on 25\/02\/2025 This Cookie Notice applies to the SOCIETE INDUSTRIELLE LESAFFRE website available at www.lesaffre-wa.com\" \/>\n<meta name=\"robots\" content=\"index, follow, max-snippet:-1, max-image-preview:large, max-video-preview:-1\" \/>\n<link rel=\"canonical\" href=\"https:\/\/lesaffre-wa.com\/gw\/en\/cookie-notice\" \/>\n<meta property=\"og:locale\" content=\"fr_FR\" \/>\n<meta property=\"og:type\" content=\"article\" \/>\n<meta property=\"og:title\" content=\"Cookie Notice - Lesaffre WA - Guin\u00e9e Bissau\" \/>\n<meta property=\"og:description\" content=\"This Cookie Notice was last updated on 25\/02\/2025 This Cookie Notice applies to the SOCIETE INDUSTRIELLE LESAFFRE website available at www.lesaffre-wa.com\" \/>\n<meta property=\"og:url\" content=\"https:\/\/lesaffre-wa.com\/gw\/en\/cookie-notice\" \/>\n<meta property=\"og:site_name\" content=\"Lesaffre WA - Guin\u00e9e Bissau\" \/>\n<meta property=\"article:modified_time\" content=\"2026-01-28T10:51:28+00:00\" \/>\n<meta name=\"twitter:card\" content=\"summary_large_image\" \/>\n<meta name=\"twitter:label1\" content=\"Dur\u00e9e de lecture estim\u00e9e\" \/>\n\t<meta name=\"twitter:data1\" content=\"5 minutes\" \/>\n<script type=\"application\/ld+json\" class=\"yoast-schema-graph\">{\"@context\":\"https:\/\/schema.org\",\"@graph\":[{\"@type\":\"WebPage\",\"@id\":\"https:\/\/lesaffre-wa.com\/gw\/en\/cookie-notice\",\"url\":\"https:\/\/lesaffre-wa.com\/gw\/en\/cookie-notice\",\"name\":\"Cookie Notice - Lesaffre WA - Guin\u00e9e Bissau\",\"isPartOf\":{\"@id\":\"https:\/\/lesaffre-wa.com\/gw\/#website\"},\"datePublished\":\"2025-02-25T13:06:06+00:00\",\"dateModified\":\"2026-01-28T10:51:28+00:00\",\"description\":\"This Cookie Notice was last updated on 25\/02\/2025 This Cookie Notice applies to the SOCIETE INDUSTRIELLE LESAFFRE website available at www.lesaffre-wa.com\",\"breadcrumb\":{\"@id\":\"https:\/\/lesaffre-wa.com\/gw\/en\/cookie-notice#breadcrumb\"},\"inLanguage\":\"fr-FR\",\"potentialAction\":[{\"@type\":\"ReadAction\",\"target\":[\"https:\/\/lesaffre-wa.com\/gw\/en\/cookie-notice\"]}]},{\"@type\":\"BreadcrumbList\",\"@id\":\"https:\/\/lesaffre-wa.com\/gw\/en\/cookie-notice#breadcrumb\",\"itemListElement\":[{\"@type\":\"ListItem\",\"position\":1,\"name\":\"Accueil\",\"item\":\"https:\/\/lesaffre-wa.com\/gw\/en\/homepage\"},{\"@type\":\"ListItem\",\"position\":2,\"name\":\"Cookie Notice\"}]},{\"@type\":\"WebSite\",\"@id\":\"https:\/\/lesaffre-wa.com\/gw\/#website\",\"url\":\"https:\/\/lesaffre-wa.com\/gw\/\",\"name\":\"Lesaffre Meea\",\"description\":\"Guin\u00e9e Bissau\",\"publisher\":{\"@id\":\"https:\/\/lesaffre-wa.com\/gw\/#organization\"},\"alternateName\":\"Lesaffre\",\"potentialAction\":[{\"@type\":\"SearchAction\",\"target\":{\"@type\":\"EntryPoint\",\"urlTemplate\":\"https:\/\/lesaffre-wa.com\/gw\/?s={search_term_string}\"},\"query-input\":{\"@type\":\"PropertyValueSpecification\",\"valueRequired\":true,\"valueName\":\"search_term_string\"}}],\"inLanguage\":\"fr-FR\"},{\"@type\":\"Organization\",\"@id\":\"https:\/\/lesaffre-wa.com\/gw\/#organization\",\"name\":\"Lesaffre\",\"url\":\"https:\/\/lesaffre-wa.com\/gw\/\",\"logo\":{\"@type\":\"ImageObject\",\"inLanguage\":\"fr-FR\",\"@id\":\"https:\/\/lesaffre-wa.com\/gw\/#\/schema\/logo\/image\/\",\"url\":\"https:\/\/lesaffre-wa.com\/gw\/wp-content\/uploads\/sites\/47\/2024\/09\/Logo_SVG.svg\",\"contentUrl\":\"https:\/\/lesaffre-wa.com\/gw\/wp-content\/uploads\/sites\/47\/2024\/09\/Logo_SVG.svg\",\"width\":148,\"height\":147,\"caption\":\"Lesaffre\"},\"image\":{\"@id\":\"https:\/\/lesaffre-wa.com\/gw\/#\/schema\/logo\/image\/\"}}]}<\/script>\n<!-- \/ Yoast SEO plugin. -->","yoast_head_json":{"title":"Cookie Notice - Lesaffre WA - Guin\u00e9e Bissau","description":"This Cookie Notice was last updated on 25\/02\/2025 This Cookie Notice applies to the SOCIETE INDUSTRIELLE LESAFFRE website available at www.lesaffre-wa.com","robots":{"index":"index","follow":"follow","max-snippet":"max-snippet:-1","max-image-preview":"max-image-preview:large","max-video-preview":"max-video-preview:-1"},"canonical":"https:\/\/lesaffre-wa.com\/gw\/en\/cookie-notice","og_locale":"fr_FR","og_type":"article","og_title":"Cookie Notice - Lesaffre WA - Guin\u00e9e Bissau","og_description":"This Cookie Notice was last updated on 25\/02\/2025 This Cookie Notice applies to the SOCIETE INDUSTRIELLE LESAFFRE website available at www.lesaffre-wa.com","og_url":"https:\/\/lesaffre-wa.com\/gw\/en\/cookie-notice","og_site_name":"Lesaffre WA - Guin\u00e9e Bissau","article_modified_time":"2026-01-28T10:51:28+00:00","twitter_card":"summary_large_image","twitter_misc":{"Dur\u00e9e de lecture estim\u00e9e":"5 minutes"},"schema":{"@context":"https:\/\/schema.org","@graph":[{"@type":"WebPage","@id":"https:\/\/lesaffre-wa.com\/gw\/en\/cookie-notice","url":"https:\/\/lesaffre-wa.com\/gw\/en\/cookie-notice","name":"Cookie Notice - Lesaffre WA - Guin\u00e9e Bissau","isPartOf":{"@id":"https:\/\/lesaffre-wa.com\/gw\/#website"},"datePublished":"2025-02-25T13:06:06+00:00","dateModified":"2026-01-28T10:51:28+00:00","description":"This Cookie Notice was last updated on 25\/02\/2025 This Cookie Notice applies to the SOCIETE INDUSTRIELLE LESAFFRE website available at www.lesaffre-wa.com","breadcrumb":{"@id":"https:\/\/lesaffre-wa.com\/gw\/en\/cookie-notice#breadcrumb"},"inLanguage":"fr-FR","potentialAction":[{"@type":"ReadAction","target":["https:\/\/lesaffre-wa.com\/gw\/en\/cookie-notice"]}]},{"@type":"BreadcrumbList","@id":"https:\/\/lesaffre-wa.com\/gw\/en\/cookie-notice#breadcrumb","itemListElement":[{"@type":"ListItem","position":1,"name":"Accueil","item":"https:\/\/lesaffre-wa.com\/gw\/en\/homepage"},{"@type":"ListItem","position":2,"name":"Cookie Notice"}]},{"@type":"WebSite","@id":"https:\/\/lesaffre-wa.com\/gw\/#website","url":"https:\/\/lesaffre-wa.com\/gw\/","name":"Lesaffre Meea","description":"Guin\u00e9e Bissau","publisher":{"@id":"https:\/\/lesaffre-wa.com\/gw\/#organization"},"alternateName":"Lesaffre","potentialAction":[{"@type":"SearchAction","target":{"@type":"EntryPoint","urlTemplate":"https:\/\/lesaffre-wa.com\/gw\/?s={search_term_string}"},"query-input":{"@type":"PropertyValueSpecification","valueRequired":true,"valueName":"search_term_string"}}],"inLanguage":"fr-FR"},{"@type":"Organization","@id":"https:\/\/lesaffre-wa.com\/gw\/#organization","name":"Lesaffre","url":"https:\/\/lesaffre-wa.com\/gw\/","logo":{"@type":"ImageObject","inLanguage":"fr-FR","@id":"https:\/\/lesaffre-wa.com\/gw\/#\/schema\/logo\/image\/","url":"https:\/\/lesaffre-wa.com\/gw\/wp-content\/uploads\/sites\/47\/2024\/09\/Logo_SVG.svg","contentUrl":"https:\/\/lesaffre-wa.com\/gw\/wp-content\/uploads\/sites\/47\/2024\/09\/Logo_SVG.svg","width":148,"height":147,"caption":"Lesaffre"},"image":{"@id":"https:\/\/lesaffre-wa.com\/gw\/#\/schema\/logo\/image\/"}}]}},"lang":"en","translations":{"en":21,"fr":3771},"pll_sync_post":[],"_links":{"self":[{"href":"https:\/\/lesaffre-wa.com\/gw\/wp-json\/wp\/v2\/pages\/21","targetHints":{"allow":["GET"]}}],"collection":[{"href":"https:\/\/lesaffre-wa.com\/gw\/wp-json\/wp\/v2\/pages"}],"about":[{"href":"https:\/\/lesaffre-wa.com\/gw\/wp-json\/wp\/v2\/types\/page"}],"author":[{"embeddable":true,"href":"https:\/\/lesaffre-wa.com\/gw\/wp-json\/wp\/v2\/users\/1"}],"replies":[{"embeddable":true,"href":"https:\/\/lesaffre-wa.com\/gw\/wp-json\/wp\/v2\/comments?post=21"}],"version-history":[{"count":3,"href":"https:\/\/lesaffre-wa.com\/gw\/wp-json\/wp\/v2\/pages\/21\/revisions"}],"predecessor-version":[{"id":4826,"href":"https:\/\/lesaffre-wa.com\/gw\/wp-json\/wp\/v2\/pages\/21\/revisions\/4826"}],"wp:attachment":[{"href":"https:\/\/lesaffre-wa.com\/gw\/wp-json\/wp\/v2\/media?parent=21"}],"curies":[{"name":"wp","href":"https:\/\/api.w.org\/{rel}","templated":true}]}}