{"id":3786,"date":"2025-09-12T17:18:47","date_gmt":"2025-09-12T15:18:47","guid":{"rendered":"https:\/\/lesaffre-wa.com\/lr\/?page_id=3786"},"modified":"2025-12-01T17:20:54","modified_gmt":"2025-12-01T16:20:54","slug":"baking-center","status":"publish","type":"page","link":"https:\/\/lesaffre-wa.com\/lr\/baking-center","title":{"rendered":"Baking Center\u2122"},"content":{"rendered":"\n<div class=\"wp-block-lesaffre-blocks-collection-video-block wrap h-py-4xl h-pb-0\"><div class=\"video-block h-bg-beige\"><div class=\"video-block__headings\"><span>D\u00e9couvrez notre Baking Center\u2122 pour <\/span> Lesaffre Afrique de l&rsquo;Ouest et Central <span>situ\u00e9 \u00e0 Abidjan<\/span> <\/div><div class=\"video-block__description\"><\/div><div class=\"video-block__yt\"><div class=\"h-video-responsive\"><iframe width=\"900\" height=\"506\" src=\"https:\/\/www.youtube.com\/embed\/C0pMREVpKBY\"><\/iframe><\/div><\/div><\/div><\/div>\n\n\n\n<div class=\"wp-block-columns wrap h-py-4xl s-help is-layout-flex wp-container-core-columns-is-layout-9d6595d7 wp-block-columns-is-layout-flex\">\n<div class=\"wp-block-column is-layout-flow wp-block-column-is-layout-flow\">\n<figure class=\"wp-block-image size-full\"><img data-dominant-color=\"a39c98\" data-has-transparency=\"false\" style=\"--dominant-color: #a39c98;\" decoding=\"async\" width=\"878\" height=\"585\" sizes=\"(max-width: 878px) 100vw, 878px\" src=\"https:\/\/lesaffre-wa.com\/lr\/wp-content\/uploads\/sites\/48\/2025\/10\/technical-assistance.avif\" alt=\"\" class=\"wp-image-4021 not-transparent\" srcset=\"https:\/\/lesaffre-wa.com\/lr\/wp-content\/uploads\/sites\/48\/2025\/10\/technical-assistance.avif 878w, https:\/\/lesaffre-wa.com\/lr\/wp-content\/uploads\/sites\/48\/2025\/10\/technical-assistance-300x200.avif 300w, https:\/\/lesaffre-wa.com\/lr\/wp-content\/uploads\/sites\/48\/2025\/10\/technical-assistance-150x100.avif 150w, https:\/\/lesaffre-wa.com\/lr\/wp-content\/uploads\/sites\/48\/2025\/10\/technical-assistance-768x512.avif 768w, https:\/\/lesaffre-wa.com\/lr\/wp-content\/uploads\/sites\/48\/2025\/10\/technical-assistance-600x400.avif 600w\" \/><\/figure>\n<\/div>\n\n\n\n<div class=\"wp-block-column is-layout-flow wp-block-column-is-layout-flow\">\n<h3 class=\"wp-block-heading has-text-color has-link-color wp-elements-e41d830145424f99823064217b3b2ecc\" style=\"color:#a17234\">Assistance Technique<\/h3>\n\n\n\n<p class=\"p-max\">Nous vous accompagnons tout au long de votre processus de production, en vous guidant sur tous les param\u00e8tres de fabrication.<\/p>\n\n\n\n<p>Le Baking Center network\u2122 agit comme un catalyseur d\u2019id\u00e9es :<\/p>\n\n\n\n<ul class=\"wp-block-list\">\n<li>Une source constante d\u2019innovation et de perfectionnement des solutions visant \u00e0 am\u00e9liorer les recettes ou les techniques de boulangerie.<\/li>\n\n\n\n<li>Il favorise \u00e9galement la cr\u00e9ation et le d\u00e9veloppement de produits afin d\u2019accro\u00eetre les connaissances et le savoir-faire des boulangers.<\/li>\n<\/ul>\n<\/div>\n<\/div>\n\n\n\n<div class=\"wp-block-lesaffre-blocks-collection-cta-block h-bg-beige s-before-footer\"><div class=\"s-before-footer__content\"><div class=\"s-before-footer__content__title\">BESOIN D\u2019 UNE ASSISTANCE TECHNIQUE ?<\/div><div class=\"s-before-footer__content__cta\"><a href=\"https:\/\/lesaffre-wa.com\/lr\/contactez-nous\" class=\"btn\">Contactez-nous<\/a><\/div><\/div><\/div>\n\n\n\n<p><\/p>\n","protected":false},"excerpt":{"rendered":"<p>Assistance Technique Nous vous accompagnons tout au long de votre processus de production, en vous guidant sur tous les param\u00e8tres de fabrication. Le Baking Center network\u2122 agit comme un catalyseur d\u2019id\u00e9es :<\/p>\n","protected":false},"author":1,"featured_media":1145,"parent":0,"menu_order":0,"comment_status":"closed","ping_status":"closed","template":"templates\/baking-center.php","meta":{"_acf_changed":false,"footnotes":""},"class_list":["post-3786","page","type-page","status-publish","has-post-thumbnail","hentry"],"acf":[],"yoast_head":"<!-- This site is optimized with the Yoast SEO plugin v27.0 - https:\/\/yoast.com\/product\/yoast-seo-wordpress\/ -->\n<title>Baking Center\u2122 \u2013 Soutien et R&amp;D pour les boulangers | Lesaffre<\/title>\n<meta name=\"description\" content=\"D\u00e9couvrez le r\u00e9seau Baking Center\u2122 de Lesaffre : soutien technique, co-d\u00e9veloppement et services de R&amp;D pour les boulangers artisanaux et industriels du monde entier.\" \/>\n<meta name=\"robots\" content=\"index, follow, max-snippet:-1, max-image-preview:large, max-video-preview:-1\" \/>\n<link rel=\"canonical\" href=\"https:\/\/lesaffre-wa.com\/lr\/baking-center\" \/>\n<meta property=\"og:locale\" content=\"fr_FR\" \/>\n<meta property=\"og:type\" content=\"article\" \/>\n<meta property=\"og:title\" content=\"Baking Center\u2122 \u2013 Soutien et R&amp;D pour les boulangers | Lesaffre\" \/>\n<meta property=\"og:description\" content=\"D\u00e9couvrez le r\u00e9seau Baking Center\u2122 de Lesaffre : soutien technique, co-d\u00e9veloppement et services de R&amp;D pour les boulangers artisanaux et industriels du monde entier.\" \/>\n<meta property=\"og:url\" content=\"https:\/\/lesaffre-wa.com\/lr\/baking-center\" \/>\n<meta property=\"og:site_name\" content=\"Lesaffre WA - Liberia\" \/>\n<meta property=\"article:modified_time\" content=\"2025-12-01T16:20:54+00:00\" \/>\n<meta property=\"og:image\" content=\"https:\/\/lesaffre-wa.com\/lr\/wp-content\/uploads\/sites\/48\/2024\/12\/4998e8a2366025da0a7a36d2b4f189a2-optimized.webp\" \/>\n\t<meta property=\"og:image:width\" content=\"1920\" \/>\n\t<meta property=\"og:image:height\" content=\"1280\" \/>\n\t<meta property=\"og:image:type\" content=\"image\/webp\" \/>\n<meta name=\"twitter:card\" content=\"summary_large_image\" \/>\n<meta name=\"twitter:label1\" content=\"Dur\u00e9e de lecture estim\u00e9e\" \/>\n\t<meta name=\"twitter:data1\" content=\"1 minute\" \/>\n<script type=\"application\/ld+json\" class=\"yoast-schema-graph\">{\"@context\":\"https:\/\/schema.org\",\"@graph\":[{\"@type\":\"WebPage\",\"@id\":\"https:\/\/lesaffre-wa.com\/lr\/baking-center\",\"url\":\"https:\/\/lesaffre-wa.com\/lr\/baking-center\",\"name\":\"Baking Center\u2122 \u2013 Soutien et R&D pour les boulangers | Lesaffre\",\"isPartOf\":{\"@id\":\"https:\/\/lesaffre-wa.com\/lr\/#website\"},\"primaryImageOfPage\":{\"@id\":\"https:\/\/lesaffre-wa.com\/lr\/baking-center#primaryimage\"},\"image\":{\"@id\":\"https:\/\/lesaffre-wa.com\/lr\/baking-center#primaryimage\"},\"thumbnailUrl\":\"https:\/\/lesaffre-wa.com\/lr\/wp-content\/uploads\/sites\/48\/2024\/12\/4998e8a2366025da0a7a36d2b4f189a2-optimized.webp\",\"datePublished\":\"2025-09-12T15:18:47+00:00\",\"dateModified\":\"2025-12-01T16:20:54+00:00\",\"description\":\"D\u00e9couvrez le r\u00e9seau Baking Center\u2122 de Lesaffre : soutien technique, co-d\u00e9veloppement et services de R&D pour les boulangers artisanaux et industriels du monde entier.\",\"breadcrumb\":{\"@id\":\"https:\/\/lesaffre-wa.com\/lr\/baking-center#breadcrumb\"},\"inLanguage\":\"fr-FR\",\"potentialAction\":[{\"@type\":\"ReadAction\",\"target\":[\"https:\/\/lesaffre-wa.com\/lr\/baking-center\"]}]},{\"@type\":\"ImageObject\",\"inLanguage\":\"fr-FR\",\"@id\":\"https:\/\/lesaffre-wa.com\/lr\/baking-center#primaryimage\",\"url\":\"https:\/\/lesaffre-wa.com\/lr\/wp-content\/uploads\/sites\/48\/2024\/12\/4998e8a2366025da0a7a36d2b4f189a2-optimized.webp\",\"contentUrl\":\"https:\/\/lesaffre-wa.com\/lr\/wp-content\/uploads\/sites\/48\/2024\/12\/4998e8a2366025da0a7a36d2b4f189a2-optimized.webp\",\"width\":1920,\"height\":1280},{\"@type\":\"BreadcrumbList\",\"@id\":\"https:\/\/lesaffre-wa.com\/lr\/baking-center#breadcrumb\",\"itemListElement\":[{\"@type\":\"ListItem\",\"position\":1,\"name\":\"Accueil\",\"item\":\"https:\/\/lesaffre-wa.com\/lr\/en\/homepage\"},{\"@type\":\"ListItem\",\"position\":2,\"name\":\"Baking Center\u2122\"}]},{\"@type\":\"WebSite\",\"@id\":\"https:\/\/lesaffre-wa.com\/lr\/#website\",\"url\":\"https:\/\/lesaffre-wa.com\/lr\/\",\"name\":\"Lesaffre Meea\",\"description\":\"Liberia\",\"publisher\":{\"@id\":\"https:\/\/lesaffre-wa.com\/lr\/#organization\"},\"alternateName\":\"Lesaffre\",\"potentialAction\":[{\"@type\":\"SearchAction\",\"target\":{\"@type\":\"EntryPoint\",\"urlTemplate\":\"https:\/\/lesaffre-wa.com\/lr\/?s={search_term_string}\"},\"query-input\":{\"@type\":\"PropertyValueSpecification\",\"valueRequired\":true,\"valueName\":\"search_term_string\"}}],\"inLanguage\":\"fr-FR\"},{\"@type\":\"Organization\",\"@id\":\"https:\/\/lesaffre-wa.com\/lr\/#organization\",\"name\":\"Lesaffre\",\"url\":\"https:\/\/lesaffre-wa.com\/lr\/\",\"logo\":{\"@type\":\"ImageObject\",\"inLanguage\":\"fr-FR\",\"@id\":\"https:\/\/lesaffre-wa.com\/lr\/#\/schema\/logo\/image\/\",\"url\":\"https:\/\/lesaffre-wa.com\/lr\/wp-content\/uploads\/sites\/48\/2024\/09\/Logo_SVG.svg\",\"contentUrl\":\"https:\/\/lesaffre-wa.com\/lr\/wp-content\/uploads\/sites\/48\/2024\/09\/Logo_SVG.svg\",\"width\":148,\"height\":147,\"caption\":\"Lesaffre\"},\"image\":{\"@id\":\"https:\/\/lesaffre-wa.com\/lr\/#\/schema\/logo\/image\/\"}}]}<\/script>\n<!-- \/ Yoast SEO plugin. -->","yoast_head_json":{"title":"Baking Center\u2122 \u2013 Soutien et R&D pour les boulangers | Lesaffre","description":"D\u00e9couvrez le r\u00e9seau Baking Center\u2122 de Lesaffre : soutien technique, co-d\u00e9veloppement et services de R&D pour les boulangers artisanaux et industriels du monde entier.","robots":{"index":"index","follow":"follow","max-snippet":"max-snippet:-1","max-image-preview":"max-image-preview:large","max-video-preview":"max-video-preview:-1"},"canonical":"https:\/\/lesaffre-wa.com\/lr\/baking-center","og_locale":"fr_FR","og_type":"article","og_title":"Baking Center\u2122 \u2013 Soutien et R&D pour les boulangers | Lesaffre","og_description":"D\u00e9couvrez le r\u00e9seau Baking Center\u2122 de Lesaffre : soutien technique, co-d\u00e9veloppement et services de R&D pour les boulangers artisanaux et industriels du monde entier.","og_url":"https:\/\/lesaffre-wa.com\/lr\/baking-center","og_site_name":"Lesaffre WA - Liberia","article_modified_time":"2025-12-01T16:20:54+00:00","og_image":[{"width":1920,"height":1280,"url":"https:\/\/lesaffre-wa.com\/lr\/wp-content\/uploads\/sites\/48\/2024\/12\/4998e8a2366025da0a7a36d2b4f189a2-optimized.webp","type":"image\/webp"}],"twitter_card":"summary_large_image","twitter_misc":{"Dur\u00e9e de lecture estim\u00e9e":"1 minute"},"schema":{"@context":"https:\/\/schema.org","@graph":[{"@type":"WebPage","@id":"https:\/\/lesaffre-wa.com\/lr\/baking-center","url":"https:\/\/lesaffre-wa.com\/lr\/baking-center","name":"Baking Center\u2122 \u2013 Soutien et R&D pour les boulangers | Lesaffre","isPartOf":{"@id":"https:\/\/lesaffre-wa.com\/lr\/#website"},"primaryImageOfPage":{"@id":"https:\/\/lesaffre-wa.com\/lr\/baking-center#primaryimage"},"image":{"@id":"https:\/\/lesaffre-wa.com\/lr\/baking-center#primaryimage"},"thumbnailUrl":"https:\/\/lesaffre-wa.com\/lr\/wp-content\/uploads\/sites\/48\/2024\/12\/4998e8a2366025da0a7a36d2b4f189a2-optimized.webp","datePublished":"2025-09-12T15:18:47+00:00","dateModified":"2025-12-01T16:20:54+00:00","description":"D\u00e9couvrez le r\u00e9seau Baking Center\u2122 de Lesaffre : soutien technique, co-d\u00e9veloppement et services de R&D pour les boulangers artisanaux et industriels du monde entier.","breadcrumb":{"@id":"https:\/\/lesaffre-wa.com\/lr\/baking-center#breadcrumb"},"inLanguage":"fr-FR","potentialAction":[{"@type":"ReadAction","target":["https:\/\/lesaffre-wa.com\/lr\/baking-center"]}]},{"@type":"ImageObject","inLanguage":"fr-FR","@id":"https:\/\/lesaffre-wa.com\/lr\/baking-center#primaryimage","url":"https:\/\/lesaffre-wa.com\/lr\/wp-content\/uploads\/sites\/48\/2024\/12\/4998e8a2366025da0a7a36d2b4f189a2-optimized.webp","contentUrl":"https:\/\/lesaffre-wa.com\/lr\/wp-content\/uploads\/sites\/48\/2024\/12\/4998e8a2366025da0a7a36d2b4f189a2-optimized.webp","width":1920,"height":1280},{"@type":"BreadcrumbList","@id":"https:\/\/lesaffre-wa.com\/lr\/baking-center#breadcrumb","itemListElement":[{"@type":"ListItem","position":1,"name":"Accueil","item":"https:\/\/lesaffre-wa.com\/lr\/en\/homepage"},{"@type":"ListItem","position":2,"name":"Baking Center\u2122"}]},{"@type":"WebSite","@id":"https:\/\/lesaffre-wa.com\/lr\/#website","url":"https:\/\/lesaffre-wa.com\/lr\/","name":"Lesaffre Meea","description":"Liberia","publisher":{"@id":"https:\/\/lesaffre-wa.com\/lr\/#organization"},"alternateName":"Lesaffre","potentialAction":[{"@type":"SearchAction","target":{"@type":"EntryPoint","urlTemplate":"https:\/\/lesaffre-wa.com\/lr\/?s={search_term_string}"},"query-input":{"@type":"PropertyValueSpecification","valueRequired":true,"valueName":"search_term_string"}}],"inLanguage":"fr-FR"},{"@type":"Organization","@id":"https:\/\/lesaffre-wa.com\/lr\/#organization","name":"Lesaffre","url":"https:\/\/lesaffre-wa.com\/lr\/","logo":{"@type":"ImageObject","inLanguage":"fr-FR","@id":"https:\/\/lesaffre-wa.com\/lr\/#\/schema\/logo\/image\/","url":"https:\/\/lesaffre-wa.com\/lr\/wp-content\/uploads\/sites\/48\/2024\/09\/Logo_SVG.svg","contentUrl":"https:\/\/lesaffre-wa.com\/lr\/wp-content\/uploads\/sites\/48\/2024\/09\/Logo_SVG.svg","width":148,"height":147,"caption":"Lesaffre"},"image":{"@id":"https:\/\/lesaffre-wa.com\/lr\/#\/schema\/logo\/image\/"}}]}},"lang":"fr","translations":{"fr":3786,"en":1129},"pll_sync_post":[],"_links":{"self":[{"href":"https:\/\/lesaffre-wa.com\/lr\/wp-json\/wp\/v2\/pages\/3786","targetHints":{"allow":["GET"]}}],"collection":[{"href":"https:\/\/lesaffre-wa.com\/lr\/wp-json\/wp\/v2\/pages"}],"about":[{"href":"https:\/\/lesaffre-wa.com\/lr\/wp-json\/wp\/v2\/types\/page"}],"author":[{"embeddable":true,"href":"https:\/\/lesaffre-wa.com\/lr\/wp-json\/wp\/v2\/users\/1"}],"replies":[{"embeddable":true,"href":"https:\/\/lesaffre-wa.com\/lr\/wp-json\/wp\/v2\/comments?post=3786"}],"version-history":[{"count":11,"href":"https:\/\/lesaffre-wa.com\/lr\/wp-json\/wp\/v2\/pages\/3786\/revisions"}],"predecessor-version":[{"id":4742,"href":"https:\/\/lesaffre-wa.com\/lr\/wp-json\/wp\/v2\/pages\/3786\/revisions\/4742"}],"wp:featuredmedia":[{"embeddable":true,"href":"https:\/\/lesaffre-wa.com\/lr\/wp-json\/wp\/v2\/media\/1145"}],"wp:attachment":[{"href":"https:\/\/lesaffre-wa.com\/lr\/wp-json\/wp\/v2\/media?parent=3786"}],"curies":[{"name":"wp","href":"https:\/\/api.w.org\/{rel}","templated":true}]}}