{"id":3788,"date":"2025-09-12T16:19:07","date_gmt":"2025-09-12T15:19:07","guid":{"rendered":"https:\/\/lesaffre-wa.com\/mr\/?page_id=3788"},"modified":"2025-12-01T20:51:38","modified_gmt":"2025-12-01T19:51:38","slug":"lesaffre-moi-application-mobile","status":"publish","type":"page","link":"https:\/\/lesaffre-wa.com\/mr\/services\/lesaffre-moi-application-mobile","title":{"rendered":"Lesaffre &amp; Moi App"},"content":{"rendered":"","protected":false},"excerpt":{"rendered":"","protected":false},"author":1,"featured_media":4579,"parent":3783,"menu_order":0,"comment_status":"closed","ping_status":"closed","template":"templates\/lesaffre-app.php","meta":{"_acf_changed":false,"footnotes":""},"class_list":["post-3788","page","type-page","status-publish","has-post-thumbnail","hentry"],"acf":[],"yoast_head":"<!-- This site is optimized with the Yoast SEO plugin v27.0 - https:\/\/yoast.com\/product\/yoast-seo-wordpress\/ -->\n<title>Lesaffre&amp;Moi - App d&#039;assistance boulang\u00e8re pour les pros<\/title>\n<meta name=\"description\" content=\"Obtenez un soutien technique boulanger en d\u00e9placement avec l&#039;application Lesaffre &amp; Moi. Acc\u00e9dez aux conseils d&#039;experts, aux informations sur les produits et aux outils pour les boulangers artisanaux et industriels.\" \/>\n<meta name=\"robots\" content=\"index, follow, max-snippet:-1, max-image-preview:large, max-video-preview:-1\" \/>\n<link rel=\"canonical\" href=\"https:\/\/lesaffre-wa.com\/mr\/services\/lesaffre-moi-application-mobile\" \/>\n<meta property=\"og:locale\" content=\"fr_FR\" \/>\n<meta property=\"og:type\" content=\"article\" \/>\n<meta property=\"og:title\" content=\"Lesaffre&amp;Moi - App d&#039;assistance boulang\u00e8re pour les pros\" \/>\n<meta property=\"og:description\" content=\"Obtenez un soutien technique boulanger en d\u00e9placement avec l&#039;application Lesaffre &amp; Moi. Acc\u00e9dez aux conseils d&#039;experts, aux informations sur les produits et aux outils pour les boulangers artisanaux et industriels.\" \/>\n<meta property=\"og:url\" content=\"https:\/\/lesaffre-wa.com\/mr\/services\/lesaffre-moi-application-mobile\" \/>\n<meta property=\"og:site_name\" content=\"Lesaffre WA - Mauritanie\" \/>\n<meta property=\"article:modified_time\" content=\"2025-12-01T19:51:38+00:00\" \/>\n<meta name=\"twitter:card\" content=\"summary_large_image\" \/>\n<meta name=\"twitter:label1\" content=\"Dur\u00e9e de lecture estim\u00e9e\" \/>\n\t<meta name=\"twitter:data1\" content=\"1 minute\" \/>\n<script type=\"application\/ld+json\" class=\"yoast-schema-graph\">{\"@context\":\"https:\/\/schema.org\",\"@graph\":[{\"@type\":\"WebPage\",\"@id\":\"https:\/\/lesaffre-wa.com\/mr\/services\/lesaffre-moi-application-mobile\",\"url\":\"https:\/\/lesaffre-wa.com\/mr\/services\/lesaffre-moi-application-mobile\",\"name\":\"Lesaffre&Moi - App d'assistance boulang\u00e8re pour les pros\",\"isPartOf\":{\"@id\":\"https:\/\/lesaffre-wa.com\/mr\/#website\"},\"primaryImageOfPage\":{\"@id\":\"https:\/\/lesaffre-wa.com\/mr\/services\/lesaffre-moi-application-mobile#primaryimage\"},\"image\":{\"@id\":\"https:\/\/lesaffre-wa.com\/mr\/services\/lesaffre-moi-application-mobile#primaryimage\"},\"thumbnailUrl\":\"https:\/\/lesaffre-wa.com\/mr\/wp-content\/uploads\/sites\/40\/2025\/11\/image-52.avif\",\"datePublished\":\"2025-09-12T15:19:07+00:00\",\"dateModified\":\"2025-12-01T19:51:38+00:00\",\"description\":\"Obtenez un soutien technique boulanger en d\u00e9placement avec l'application Lesaffre & Moi. Acc\u00e9dez aux conseils d'experts, aux informations sur les produits et aux outils pour les boulangers artisanaux et industriels.\",\"breadcrumb\":{\"@id\":\"https:\/\/lesaffre-wa.com\/mr\/services\/lesaffre-moi-application-mobile#breadcrumb\"},\"inLanguage\":\"fr-FR\",\"potentialAction\":[{\"@type\":\"ReadAction\",\"target\":[\"https:\/\/lesaffre-wa.com\/mr\/services\/lesaffre-moi-application-mobile\"]}]},{\"@type\":\"ImageObject\",\"inLanguage\":\"fr-FR\",\"@id\":\"https:\/\/lesaffre-wa.com\/mr\/services\/lesaffre-moi-application-mobile#primaryimage\",\"url\":\"https:\/\/lesaffre-wa.com\/mr\/wp-content\/uploads\/sites\/40\/2025\/11\/image-52.avif\",\"contentUrl\":\"https:\/\/lesaffre-wa.com\/mr\/wp-content\/uploads\/sites\/40\/2025\/11\/image-52.avif\",\"width\":1920,\"height\":457},{\"@type\":\"BreadcrumbList\",\"@id\":\"https:\/\/lesaffre-wa.com\/mr\/services\/lesaffre-moi-application-mobile#breadcrumb\",\"itemListElement\":[{\"@type\":\"ListItem\",\"position\":1,\"name\":\"Accueil\",\"item\":\"https:\/\/lesaffre-wa.com\/mr\/en\/homepage\"},{\"@type\":\"ListItem\",\"position\":2,\"name\":\"Services\",\"item\":\"https:\/\/lesaffre-wa.com\/mr\/fr\/services\"},{\"@type\":\"ListItem\",\"position\":3,\"name\":\"Lesaffre &amp; Moi App\"}]},{\"@type\":\"WebSite\",\"@id\":\"https:\/\/lesaffre-wa.com\/mr\/#website\",\"url\":\"https:\/\/lesaffre-wa.com\/mr\/\",\"name\":\"Lesaffre Meea\",\"description\":\"Mauritanie\",\"publisher\":{\"@id\":\"https:\/\/lesaffre-wa.com\/mr\/#organization\"},\"alternateName\":\"Lesaffre\",\"potentialAction\":[{\"@type\":\"SearchAction\",\"target\":{\"@type\":\"EntryPoint\",\"urlTemplate\":\"https:\/\/lesaffre-wa.com\/mr\/?s={search_term_string}\"},\"query-input\":{\"@type\":\"PropertyValueSpecification\",\"valueRequired\":true,\"valueName\":\"search_term_string\"}}],\"inLanguage\":\"fr-FR\"},{\"@type\":\"Organization\",\"@id\":\"https:\/\/lesaffre-wa.com\/mr\/#organization\",\"name\":\"Lesaffre\",\"url\":\"https:\/\/lesaffre-wa.com\/mr\/\",\"logo\":{\"@type\":\"ImageObject\",\"inLanguage\":\"fr-FR\",\"@id\":\"https:\/\/lesaffre-wa.com\/mr\/#\/schema\/logo\/image\/\",\"url\":\"https:\/\/lesaffre-wa.com\/mr\/wp-content\/uploads\/sites\/40\/2024\/09\/Logo_SVG.svg\",\"contentUrl\":\"https:\/\/lesaffre-wa.com\/mr\/wp-content\/uploads\/sites\/40\/2024\/09\/Logo_SVG.svg\",\"width\":148,\"height\":147,\"caption\":\"Lesaffre\"},\"image\":{\"@id\":\"https:\/\/lesaffre-wa.com\/mr\/#\/schema\/logo\/image\/\"}}]}<\/script>\n<!-- \/ Yoast SEO plugin. -->","yoast_head_json":{"title":"Lesaffre&Moi - App d'assistance boulang\u00e8re pour les pros","description":"Obtenez un soutien technique boulanger en d\u00e9placement avec l'application Lesaffre & Moi. Acc\u00e9dez aux conseils d'experts, aux informations sur les produits et aux outils pour les boulangers artisanaux et industriels.","robots":{"index":"index","follow":"follow","max-snippet":"max-snippet:-1","max-image-preview":"max-image-preview:large","max-video-preview":"max-video-preview:-1"},"canonical":"https:\/\/lesaffre-wa.com\/mr\/services\/lesaffre-moi-application-mobile","og_locale":"fr_FR","og_type":"article","og_title":"Lesaffre&Moi - App d'assistance boulang\u00e8re pour les pros","og_description":"Obtenez un soutien technique boulanger en d\u00e9placement avec l'application Lesaffre & Moi. Acc\u00e9dez aux conseils d'experts, aux informations sur les produits et aux outils pour les boulangers artisanaux et industriels.","og_url":"https:\/\/lesaffre-wa.com\/mr\/services\/lesaffre-moi-application-mobile","og_site_name":"Lesaffre WA - Mauritanie","article_modified_time":"2025-12-01T19:51:38+00:00","twitter_card":"summary_large_image","twitter_misc":{"Dur\u00e9e de lecture estim\u00e9e":"1 minute"},"schema":{"@context":"https:\/\/schema.org","@graph":[{"@type":"WebPage","@id":"https:\/\/lesaffre-wa.com\/mr\/services\/lesaffre-moi-application-mobile","url":"https:\/\/lesaffre-wa.com\/mr\/services\/lesaffre-moi-application-mobile","name":"Lesaffre&Moi - App d'assistance boulang\u00e8re pour les pros","isPartOf":{"@id":"https:\/\/lesaffre-wa.com\/mr\/#website"},"primaryImageOfPage":{"@id":"https:\/\/lesaffre-wa.com\/mr\/services\/lesaffre-moi-application-mobile#primaryimage"},"image":{"@id":"https:\/\/lesaffre-wa.com\/mr\/services\/lesaffre-moi-application-mobile#primaryimage"},"thumbnailUrl":"https:\/\/lesaffre-wa.com\/mr\/wp-content\/uploads\/sites\/40\/2025\/11\/image-52.avif","datePublished":"2025-09-12T15:19:07+00:00","dateModified":"2025-12-01T19:51:38+00:00","description":"Obtenez un soutien technique boulanger en d\u00e9placement avec l'application Lesaffre & Moi. Acc\u00e9dez aux conseils d'experts, aux informations sur les produits et aux outils pour les boulangers artisanaux et industriels.","breadcrumb":{"@id":"https:\/\/lesaffre-wa.com\/mr\/services\/lesaffre-moi-application-mobile#breadcrumb"},"inLanguage":"fr-FR","potentialAction":[{"@type":"ReadAction","target":["https:\/\/lesaffre-wa.com\/mr\/services\/lesaffre-moi-application-mobile"]}]},{"@type":"ImageObject","inLanguage":"fr-FR","@id":"https:\/\/lesaffre-wa.com\/mr\/services\/lesaffre-moi-application-mobile#primaryimage","url":"https:\/\/lesaffre-wa.com\/mr\/wp-content\/uploads\/sites\/40\/2025\/11\/image-52.avif","contentUrl":"https:\/\/lesaffre-wa.com\/mr\/wp-content\/uploads\/sites\/40\/2025\/11\/image-52.avif","width":1920,"height":457},{"@type":"BreadcrumbList","@id":"https:\/\/lesaffre-wa.com\/mr\/services\/lesaffre-moi-application-mobile#breadcrumb","itemListElement":[{"@type":"ListItem","position":1,"name":"Accueil","item":"https:\/\/lesaffre-wa.com\/mr\/en\/homepage"},{"@type":"ListItem","position":2,"name":"Services","item":"https:\/\/lesaffre-wa.com\/mr\/fr\/services"},{"@type":"ListItem","position":3,"name":"Lesaffre &amp; Moi App"}]},{"@type":"WebSite","@id":"https:\/\/lesaffre-wa.com\/mr\/#website","url":"https:\/\/lesaffre-wa.com\/mr\/","name":"Lesaffre Meea","description":"Mauritanie","publisher":{"@id":"https:\/\/lesaffre-wa.com\/mr\/#organization"},"alternateName":"Lesaffre","potentialAction":[{"@type":"SearchAction","target":{"@type":"EntryPoint","urlTemplate":"https:\/\/lesaffre-wa.com\/mr\/?s={search_term_string}"},"query-input":{"@type":"PropertyValueSpecification","valueRequired":true,"valueName":"search_term_string"}}],"inLanguage":"fr-FR"},{"@type":"Organization","@id":"https:\/\/lesaffre-wa.com\/mr\/#organization","name":"Lesaffre","url":"https:\/\/lesaffre-wa.com\/mr\/","logo":{"@type":"ImageObject","inLanguage":"fr-FR","@id":"https:\/\/lesaffre-wa.com\/mr\/#\/schema\/logo\/image\/","url":"https:\/\/lesaffre-wa.com\/mr\/wp-content\/uploads\/sites\/40\/2024\/09\/Logo_SVG.svg","contentUrl":"https:\/\/lesaffre-wa.com\/mr\/wp-content\/uploads\/sites\/40\/2024\/09\/Logo_SVG.svg","width":148,"height":147,"caption":"Lesaffre"},"image":{"@id":"https:\/\/lesaffre-wa.com\/mr\/#\/schema\/logo\/image\/"}}]}},"lang":"fr","translations":{"fr":3788,"en":1328},"pll_sync_post":[],"_links":{"self":[{"href":"https:\/\/lesaffre-wa.com\/mr\/wp-json\/wp\/v2\/pages\/3788","targetHints":{"allow":["GET"]}}],"collection":[{"href":"https:\/\/lesaffre-wa.com\/mr\/wp-json\/wp\/v2\/pages"}],"about":[{"href":"https:\/\/lesaffre-wa.com\/mr\/wp-json\/wp\/v2\/types\/page"}],"author":[{"embeddable":true,"href":"https:\/\/lesaffre-wa.com\/mr\/wp-json\/wp\/v2\/users\/1"}],"replies":[{"embeddable":true,"href":"https:\/\/lesaffre-wa.com\/mr\/wp-json\/wp\/v2\/comments?post=3788"}],"version-history":[{"count":17,"href":"https:\/\/lesaffre-wa.com\/mr\/wp-json\/wp\/v2\/pages\/3788\/revisions"}],"predecessor-version":[{"id":4712,"href":"https:\/\/lesaffre-wa.com\/mr\/wp-json\/wp\/v2\/pages\/3788\/revisions\/4712"}],"up":[{"embeddable":true,"href":"https:\/\/lesaffre-wa.com\/mr\/wp-json\/wp\/v2\/pages\/3783"}],"wp:featuredmedia":[{"embeddable":true,"href":"https:\/\/lesaffre-wa.com\/mr\/wp-json\/wp\/v2\/media\/4579"}],"wp:attachment":[{"href":"https:\/\/lesaffre-wa.com\/mr\/wp-json\/wp\/v2\/media?parent=3788"}],"curies":[{"name":"wp","href":"https:\/\/api.w.org\/{rel}","templated":true}]}}