{"id":4931,"date":"2025-11-13T13:12:20","date_gmt":"2025-11-13T12:12:20","guid":{"rendered":"https:\/\/lesaffre-wa.com\/ng\/nos-produits\/premix-rustic-5"},"modified":"2026-03-06T12:08:09","modified_gmt":"2026-03-06T11:08:09","slug":"premix-rustic-5","status":"publish","type":"product","link":"https:\/\/lesaffre-wa.com\/ng\/nos-produits\/premix-rustic-5","title":{"rendered":"PREMIX RUSTIC 5%"},"content":{"rendered":"","protected":false},"excerpt":{"rendered":"<p>Inventis\u00ae Premix Rustic 5% est une solution pr\u00eate \u00e0 l&#8217;emploi pour des pains au caract\u00e8re artisanal, con\u00e7ue pour les professionnels souhaitant allier tradition boulang\u00e8re et productivit\u00e9.<\/p>\n","protected":false},"featured_media":4380,"template":"","meta":{"_acf_changed":false},"product_brand":[],"product_cat":[571],"product_tag":[],"class_list":{"0":"post-4931","1":"product","2":"type-product","3":"status-publish","4":"has-post-thumbnail","6":"product_cat-mix-premix","8":"first","9":"instock","10":"shipping-taxable","11":"product-type-simple"},"acf":[],"yoast_head":"<!-- This site is optimized with the Yoast SEO plugin v27.0 - https:\/\/yoast.com\/product\/yoast-seo-wordpress\/ -->\n<title>PREMIX RUSTIC 5% - Lesaffre WA - Nigeria<\/title>\n<meta name=\"description\" content=\"Inventis\u00ae Premix Rustic 5% est une solution pr\u00eate \u00e0 l&#039;emploi pour des pains au caract\u00e8re artisanal, con\u00e7ue pour les professionnels souhaitant allier tradition boulang\u00e8re et productivit\u00e9.\" \/>\n<meta name=\"robots\" content=\"index, follow, max-snippet:-1, max-image-preview:large, max-video-preview:-1\" \/>\n<link rel=\"canonical\" href=\"https:\/\/lesaffre-wa.com\/ng\/nos-produits\/premix-rustic-5\" \/>\n<meta property=\"og:locale\" content=\"fr_FR\" \/>\n<meta property=\"og:type\" content=\"article\" \/>\n<meta property=\"og:title\" content=\"PREMIX RUSTIC 5% - Lesaffre WA - Nigeria\" \/>\n<meta property=\"og:description\" content=\"Inventis\u00ae Premix Rustic 5% est une solution pr\u00eate \u00e0 l&#039;emploi pour des pains au caract\u00e8re artisanal, con\u00e7ue pour les professionnels souhaitant allier tradition boulang\u00e8re et productivit\u00e9.\" \/>\n<meta property=\"og:url\" content=\"https:\/\/lesaffre-wa.com\/ng\/nos-produits\/premix-rustic-5\" \/>\n<meta property=\"og:site_name\" content=\"Lesaffre WA - Nigeria\" \/>\n<meta property=\"article:modified_time\" content=\"2026-03-06T11:08:09+00:00\" \/>\n<meta property=\"og:image\" content=\"https:\/\/lesaffre-wa.com\/ng\/wp-content\/uploads\/sites\/29\/2025\/11\/Premix-Rustic.png\" \/>\n\t<meta property=\"og:image:width\" content=\"600\" \/>\n\t<meta property=\"og:image:height\" content=\"600\" \/>\n\t<meta property=\"og:image:type\" content=\"image\/png\" \/>\n<meta name=\"twitter:card\" content=\"summary_large_image\" \/>\n<meta name=\"twitter:label1\" content=\"Dur\u00e9e de lecture estim\u00e9e\" \/>\n\t<meta name=\"twitter:data1\" content=\"1 minute\" \/>\n<script type=\"application\/ld+json\" class=\"yoast-schema-graph\">{\"@context\":\"https:\/\/schema.org\",\"@graph\":[{\"@type\":\"WebPage\",\"@id\":\"https:\/\/lesaffre-wa.com\/ng\/nos-produits\/premix-rustic-5\",\"url\":\"https:\/\/lesaffre-wa.com\/ng\/nos-produits\/premix-rustic-5\",\"name\":\"PREMIX RUSTIC 5% - Lesaffre WA - Nigeria\",\"isPartOf\":{\"@id\":\"https:\/\/lesaffre-wa.com\/ng\/#website\"},\"primaryImageOfPage\":{\"@id\":\"https:\/\/lesaffre-wa.com\/ng\/nos-produits\/premix-rustic-5#primaryimage\"},\"image\":{\"@id\":\"https:\/\/lesaffre-wa.com\/ng\/nos-produits\/premix-rustic-5#primaryimage\"},\"thumbnailUrl\":\"https:\/\/lesaffre-wa.com\/ng\/wp-content\/uploads\/sites\/29\/2025\/11\/Premix-Rustic.png\",\"datePublished\":\"2025-11-13T12:12:20+00:00\",\"dateModified\":\"2026-03-06T11:08:09+00:00\",\"description\":\"Inventis\u00ae Premix Rustic 5% est une solution pr\u00eate \u00e0 l'emploi pour des pains au caract\u00e8re artisanal, con\u00e7ue pour les professionnels souhaitant allier tradition boulang\u00e8re et productivit\u00e9.\",\"breadcrumb\":{\"@id\":\"https:\/\/lesaffre-wa.com\/ng\/nos-produits\/premix-rustic-5#breadcrumb\"},\"inLanguage\":\"fr-FR\",\"potentialAction\":[{\"@type\":\"ReadAction\",\"target\":[\"https:\/\/lesaffre-wa.com\/ng\/nos-produits\/premix-rustic-5\"]}]},{\"@type\":\"ImageObject\",\"inLanguage\":\"fr-FR\",\"@id\":\"https:\/\/lesaffre-wa.com\/ng\/nos-produits\/premix-rustic-5#primaryimage\",\"url\":\"https:\/\/lesaffre-wa.com\/ng\/wp-content\/uploads\/sites\/29\/2025\/11\/Premix-Rustic.png\",\"contentUrl\":\"https:\/\/lesaffre-wa.com\/ng\/wp-content\/uploads\/sites\/29\/2025\/11\/Premix-Rustic.png\",\"width\":600,\"height\":600},{\"@type\":\"BreadcrumbList\",\"@id\":\"https:\/\/lesaffre-wa.com\/ng\/nos-produits\/premix-rustic-5#breadcrumb\",\"itemListElement\":[{\"@type\":\"ListItem\",\"position\":1,\"name\":\"Accueil\",\"item\":\"https:\/\/lesaffre-wa.com\/ng\/en\/homepage\"},{\"@type\":\"ListItem\",\"position\":2,\"name\":\"Nos produits\",\"item\":\"https:\/\/lesaffre-wa.com\/ng\/fr\/nos-produits\"},{\"@type\":\"ListItem\",\"position\":3,\"name\":\"PREMIX RUSTIC 5%\"}]},{\"@type\":\"WebSite\",\"@id\":\"https:\/\/lesaffre-wa.com\/ng\/#website\",\"url\":\"https:\/\/lesaffre-wa.com\/ng\/\",\"name\":\"Lesaffre Meea\",\"description\":\"Nigeria\",\"publisher\":{\"@id\":\"https:\/\/lesaffre-wa.com\/ng\/#organization\"},\"alternateName\":\"Lesaffre\",\"potentialAction\":[{\"@type\":\"SearchAction\",\"target\":{\"@type\":\"EntryPoint\",\"urlTemplate\":\"https:\/\/lesaffre-wa.com\/ng\/?s={search_term_string}\"},\"query-input\":{\"@type\":\"PropertyValueSpecification\",\"valueRequired\":true,\"valueName\":\"search_term_string\"}}],\"inLanguage\":\"fr-FR\"},{\"@type\":\"Organization\",\"@id\":\"https:\/\/lesaffre-wa.com\/ng\/#organization\",\"name\":\"Lesaffre\",\"url\":\"https:\/\/lesaffre-wa.com\/ng\/\",\"logo\":{\"@type\":\"ImageObject\",\"inLanguage\":\"fr-FR\",\"@id\":\"https:\/\/lesaffre-wa.com\/ng\/#\/schema\/logo\/image\/\",\"url\":\"https:\/\/lesaffre-wa.com\/ng\/wp-content\/uploads\/sites\/29\/2024\/09\/Logo_SVG.svg\",\"contentUrl\":\"https:\/\/lesaffre-wa.com\/ng\/wp-content\/uploads\/sites\/29\/2024\/09\/Logo_SVG.svg\",\"width\":148,\"height\":147,\"caption\":\"Lesaffre\"},\"image\":{\"@id\":\"https:\/\/lesaffre-wa.com\/ng\/#\/schema\/logo\/image\/\"}}]}<\/script>\n<!-- \/ Yoast SEO plugin. -->","yoast_head_json":{"title":"PREMIX RUSTIC 5% - Lesaffre WA - Nigeria","description":"Inventis\u00ae Premix Rustic 5% est une solution pr\u00eate \u00e0 l'emploi pour des pains au caract\u00e8re artisanal, con\u00e7ue pour les professionnels souhaitant allier tradition boulang\u00e8re et productivit\u00e9.","robots":{"index":"index","follow":"follow","max-snippet":"max-snippet:-1","max-image-preview":"max-image-preview:large","max-video-preview":"max-video-preview:-1"},"canonical":"https:\/\/lesaffre-wa.com\/ng\/nos-produits\/premix-rustic-5","og_locale":"fr_FR","og_type":"article","og_title":"PREMIX RUSTIC 5% - Lesaffre WA - Nigeria","og_description":"Inventis\u00ae Premix Rustic 5% est une solution pr\u00eate \u00e0 l'emploi pour des pains au caract\u00e8re artisanal, con\u00e7ue pour les professionnels souhaitant allier tradition boulang\u00e8re et productivit\u00e9.","og_url":"https:\/\/lesaffre-wa.com\/ng\/nos-produits\/premix-rustic-5","og_site_name":"Lesaffre WA - Nigeria","article_modified_time":"2026-03-06T11:08:09+00:00","og_image":[{"width":600,"height":600,"url":"https:\/\/lesaffre-wa.com\/ng\/wp-content\/uploads\/sites\/29\/2025\/11\/Premix-Rustic.png","type":"image\/png"}],"twitter_card":"summary_large_image","twitter_misc":{"Dur\u00e9e de lecture estim\u00e9e":"1 minute"},"schema":{"@context":"https:\/\/schema.org","@graph":[{"@type":"WebPage","@id":"https:\/\/lesaffre-wa.com\/ng\/nos-produits\/premix-rustic-5","url":"https:\/\/lesaffre-wa.com\/ng\/nos-produits\/premix-rustic-5","name":"PREMIX RUSTIC 5% - Lesaffre WA - Nigeria","isPartOf":{"@id":"https:\/\/lesaffre-wa.com\/ng\/#website"},"primaryImageOfPage":{"@id":"https:\/\/lesaffre-wa.com\/ng\/nos-produits\/premix-rustic-5#primaryimage"},"image":{"@id":"https:\/\/lesaffre-wa.com\/ng\/nos-produits\/premix-rustic-5#primaryimage"},"thumbnailUrl":"https:\/\/lesaffre-wa.com\/ng\/wp-content\/uploads\/sites\/29\/2025\/11\/Premix-Rustic.png","datePublished":"2025-11-13T12:12:20+00:00","dateModified":"2026-03-06T11:08:09+00:00","description":"Inventis\u00ae Premix Rustic 5% est une solution pr\u00eate \u00e0 l'emploi pour des pains au caract\u00e8re artisanal, con\u00e7ue pour les professionnels souhaitant allier tradition boulang\u00e8re et productivit\u00e9.","breadcrumb":{"@id":"https:\/\/lesaffre-wa.com\/ng\/nos-produits\/premix-rustic-5#breadcrumb"},"inLanguage":"fr-FR","potentialAction":[{"@type":"ReadAction","target":["https:\/\/lesaffre-wa.com\/ng\/nos-produits\/premix-rustic-5"]}]},{"@type":"ImageObject","inLanguage":"fr-FR","@id":"https:\/\/lesaffre-wa.com\/ng\/nos-produits\/premix-rustic-5#primaryimage","url":"https:\/\/lesaffre-wa.com\/ng\/wp-content\/uploads\/sites\/29\/2025\/11\/Premix-Rustic.png","contentUrl":"https:\/\/lesaffre-wa.com\/ng\/wp-content\/uploads\/sites\/29\/2025\/11\/Premix-Rustic.png","width":600,"height":600},{"@type":"BreadcrumbList","@id":"https:\/\/lesaffre-wa.com\/ng\/nos-produits\/premix-rustic-5#breadcrumb","itemListElement":[{"@type":"ListItem","position":1,"name":"Accueil","item":"https:\/\/lesaffre-wa.com\/ng\/en\/homepage"},{"@type":"ListItem","position":2,"name":"Nos produits","item":"https:\/\/lesaffre-wa.com\/ng\/fr\/nos-produits"},{"@type":"ListItem","position":3,"name":"PREMIX RUSTIC 5%"}]},{"@type":"WebSite","@id":"https:\/\/lesaffre-wa.com\/ng\/#website","url":"https:\/\/lesaffre-wa.com\/ng\/","name":"Lesaffre Meea","description":"Nigeria","publisher":{"@id":"https:\/\/lesaffre-wa.com\/ng\/#organization"},"alternateName":"Lesaffre","potentialAction":[{"@type":"SearchAction","target":{"@type":"EntryPoint","urlTemplate":"https:\/\/lesaffre-wa.com\/ng\/?s={search_term_string}"},"query-input":{"@type":"PropertyValueSpecification","valueRequired":true,"valueName":"search_term_string"}}],"inLanguage":"fr-FR"},{"@type":"Organization","@id":"https:\/\/lesaffre-wa.com\/ng\/#organization","name":"Lesaffre","url":"https:\/\/lesaffre-wa.com\/ng\/","logo":{"@type":"ImageObject","inLanguage":"fr-FR","@id":"https:\/\/lesaffre-wa.com\/ng\/#\/schema\/logo\/image\/","url":"https:\/\/lesaffre-wa.com\/ng\/wp-content\/uploads\/sites\/29\/2024\/09\/Logo_SVG.svg","contentUrl":"https:\/\/lesaffre-wa.com\/ng\/wp-content\/uploads\/sites\/29\/2024\/09\/Logo_SVG.svg","width":148,"height":147,"caption":"Lesaffre"},"image":{"@id":"https:\/\/lesaffre-wa.com\/ng\/#\/schema\/logo\/image\/"}}]}},"lang":"fr","translations":{"fr":4931,"en":4935},"pll_sync_post":[],"_links":{"self":[{"href":"https:\/\/lesaffre-wa.com\/ng\/wp-json\/wp\/v2\/product\/4931","targetHints":{"allow":["GET"]}}],"collection":[{"href":"https:\/\/lesaffre-wa.com\/ng\/wp-json\/wp\/v2\/product"}],"about":[{"href":"https:\/\/lesaffre-wa.com\/ng\/wp-json\/wp\/v2\/types\/product"}],"wp:featuredmedia":[{"embeddable":true,"href":"https:\/\/lesaffre-wa.com\/ng\/wp-json\/wp\/v2\/media\/4380"}],"wp:attachment":[{"href":"https:\/\/lesaffre-wa.com\/ng\/wp-json\/wp\/v2\/media?parent=4931"}],"wp:term":[{"taxonomy":"product_brand","embeddable":true,"href":"https:\/\/lesaffre-wa.com\/ng\/wp-json\/wp\/v2\/product_brand?post=4931"},{"taxonomy":"product_cat","embeddable":true,"href":"https:\/\/lesaffre-wa.com\/ng\/wp-json\/wp\/v2\/product_cat?post=4931"},{"taxonomy":"product_tag","embeddable":true,"href":"https:\/\/lesaffre-wa.com\/ng\/wp-json\/wp\/v2\/product_tag?post=4931"}],"curies":[{"name":"wp","href":"https:\/\/api.w.org\/{rel}","templated":true}]}}