{"id":3763,"date":"2025-09-12T17:11:14","date_gmt":"2025-09-12T15:11:14","guid":{"rendered":"https:\/\/lesaffre-wa.com\/sl\/?page_id=3763"},"modified":"2026-03-10T15:50:49","modified_gmt":"2026-03-10T14:50:49","slug":"rse","status":"publish","type":"page","link":"https:\/\/lesaffre-wa.com\/sl\/a-propos\/rse","title":{"rendered":"RSE"},"content":{"rendered":"\n<div style=\"height:var(--wp--preset--spacing--80)\" aria-hidden=\"true\" class=\"wp-block-spacer\"><\/div>\n\n\n\n<h2 class=\"wp-block-heading has-text-align-center h25 w1100 has-text-color has-link-color wp-elements-c4e83da66a09225b0dd3f50ba1935919\" style=\"color:#a17234\">Le programme de charit\u00e9 Lesaffre <br><mark style=\"color:#0e288b\" class=\"has-inline-color\">#LesaffreCares<\/mark><\/h2>\n\n\n\n<div style=\"height:61px\" aria-hidden=\"true\" class=\"wp-block-spacer\"><\/div>\n\n\n\n<div class=\"wp-block-columns are-vertically-aligned-center is-layout-flex wp-container-core-columns-is-layout-9d6595d7 wp-block-columns-is-layout-flex\">\n<div class=\"wp-block-column is-vertically-aligned-center is-layout-flow wp-block-column-is-layout-flow\">\n<figure class=\"wp-block-image size-full is-style-default\"><img data-dominant-color=\"c7bdb2\" data-has-transparency=\"false\" style=\"--dominant-color: #c7bdb2;\" decoding=\"async\" width=\"1536\" height=\"1024\" sizes=\"(max-width: 1536px) 100vw, 1536px\" src=\"https:\/\/lesaffre-wa.com\/sl\/wp-content\/uploads\/sites\/50\/2026\/03\/Children-running-in-wheat-field-1536x1024_11zon.jpg\" alt=\"\" class=\"wp-image-4896 not-transparent\" srcset=\"https:\/\/lesaffre-wa.com\/sl\/wp-content\/uploads\/sites\/50\/2026\/03\/Children-running-in-wheat-field-1536x1024_11zon.jpg 1536w, https:\/\/lesaffre-wa.com\/sl\/wp-content\/uploads\/sites\/50\/2026\/03\/Children-running-in-wheat-field-1536x1024_11zon-300x200.jpg 300w, https:\/\/lesaffre-wa.com\/sl\/wp-content\/uploads\/sites\/50\/2026\/03\/Children-running-in-wheat-field-1536x1024_11zon-1024x683.jpg 1024w, https:\/\/lesaffre-wa.com\/sl\/wp-content\/uploads\/sites\/50\/2026\/03\/Children-running-in-wheat-field-1536x1024_11zon-150x100.jpg 150w, https:\/\/lesaffre-wa.com\/sl\/wp-content\/uploads\/sites\/50\/2026\/03\/Children-running-in-wheat-field-1536x1024_11zon-768x512.jpg 768w, https:\/\/lesaffre-wa.com\/sl\/wp-content\/uploads\/sites\/50\/2026\/03\/Children-running-in-wheat-field-1536x1024_11zon-600x400.jpg 600w\" \/><\/figure>\n<\/div>\n\n\n\n<div class=\"wp-block-column is-vertically-aligned-center is-layout-flow wp-block-column-is-layout-flow\">\n<h3 class=\"wp-block-heading has-text-color has-link-color wp-elements-99b819ef4cd5908189f45c25c6ad4920\" style=\"color:#a17234\">Notre politique <mark style=\"color:#0e288b\" class=\"has-inline-color\">caritative ECHO<\/mark>&nbsp;<\/h3>\n\n\n\n<h6 class=\"wp-block-heading\">ECHO, le programme de solidarit\u00e9 de Lesaffre lanc\u00e9 en 2019, est un \u00e9l\u00e9ment cl\u00e9 de notre mission \u00ab&nbsp;Travailler ensemble pour mieux nourrir et prot\u00e9ger la plan\u00e8te&nbsp;\u00bb.<\/h6>\n\n\n\n<p>ECHO nous donne les moyens de contribuer au d\u00e9veloppement des communaut\u00e9s par l\u2019\u00e9ducation, la nutrition et la pr\u00e9servation de l\u2019environnement tout en renfor\u00e7ant notre r\u00f4le d\u2019acteur \u00e9conomique local et responsable.&nbsp;<\/p>\n<\/div>\n<\/div>\n\n\n\n<div style=\"height:var(--wp--preset--spacing--80)\" aria-hidden=\"true\" class=\"wp-block-spacer\"><\/div>\n\n\n\n<div class=\"wp-block-group bg-img-title-card\"><div class=\"wp-block-group__inner-container is-layout-constrained wp-block-group-is-layout-constrained\">\n<figure class=\"wp-block-image size-full\"><img decoding=\"async\" width=\"1500\" height=\"844\" src=\"https:\/\/lesaffre-wa.com\/wp-content\/uploads\/2025\/01\/echo-volunteers.jpg\" alt=\"\" class=\"wp-image-1240\" srcset=\"https:\/\/lesaffre-wa.com\/sl\/wp-content\/uploads\/sites\/50\/2025\/01\/echo-volunteers.jpg 1500w, https:\/\/lesaffre-wa.com\/sl\/wp-content\/uploads\/sites\/50\/2025\/01\/echo-volunteers-300x169.jpg 300w, https:\/\/lesaffre-wa.com\/sl\/wp-content\/uploads\/sites\/50\/2025\/01\/echo-volunteers-1024x576.jpg 1024w, https:\/\/lesaffre-wa.com\/sl\/wp-content\/uploads\/sites\/50\/2025\/01\/echo-volunteers-150x84.jpg 150w, https:\/\/lesaffre-wa.com\/sl\/wp-content\/uploads\/sites\/50\/2025\/01\/echo-volunteers-768x432.jpg 768w, https:\/\/lesaffre-wa.com\/sl\/wp-content\/uploads\/sites\/50\/2025\/01\/echo-volunteers-600x338.jpg 600w\" sizes=\"(max-width: 1500px) 100vw, 1500px\" \/><\/figure>\n\n\n\n<h3 class=\"wp-block-heading\">\u200b\u200b\u200b\u200b\u200b\u200bECHO est plus qu\u2019un simple programme de solidarit\u00e9<\/h3>\n\n\n\n<h6 class=\"wp-block-heading\">ECHO incarne nos valeurs \u00e0 travers des actes de solidarit\u00e9 significatifs et est au c\u0153ur de nos initiatives en mati\u00e8re de <strong>responsabilit\u00e9 sociale d\u2019entreprise (RSE).<\/strong>\u00a0<\/h6>\n\n\n\n<p>Ce programme rassemble toutes les actions de solidarit\u00e9 mondiale de Lesaffre, men\u00e9es par des collaborateurs passionn\u00e9s dans toute l\u2019entreprise.<\/p>\n<\/div><\/div>\n\n\n\n<div style=\"height:var(--wp--preset--spacing--80)\" aria-hidden=\"true\" class=\"wp-block-spacer\"><\/div>\n\n\n\n<h2 class=\"wp-block-heading has-text-align-center h25 w1100 has-text-color has-link-color wp-elements-a627d4285892896de62abe29267c6228\" style=\"color:#a17234\">Avec environ <mark style=\"color:#0e288b\" class=\"has-inline-color\">60 initiatives \u00e0 impact soutenues chaque ann\u00e9e dans le monde entier,<\/mark> ECHO nous permet d\u2019\u00e9tendre notre impact positif sur les communaut\u00e9s et l\u2019environnement.<\/h2>\n\n\n\n<div style=\"height:var(--wp--preset--spacing--80)\" aria-hidden=\"true\" class=\"wp-block-spacer\"><\/div>\n\n\n\n<div class=\"wp-block-columns are-vertically-aligned-center is-layout-flex wp-container-core-columns-is-layout-9d6595d7 wp-block-columns-is-layout-flex\">\n<div class=\"wp-block-column is-vertically-aligned-center is-layout-flow wp-block-column-is-layout-flow\">\n<h3 class=\"wp-block-heading has-text-color has-link-color wp-elements-e605497cf81dd57456b8886c6e15bfa8\" style=\"color:#a17234\">Une forte mobilisation <mark style=\"color:#0e288b\" class=\"has-inline-color\">en interne<\/mark>\u202f&nbsp;<\/h3>\n\n\n\n<h6 class=\"wp-block-heading\">Afin de d\u00e9velopper notre programme caritatif dans tous les pays o\u00f9 sommes pr\u00e9sents, nous avons mis en place une communaut\u00e9 d\u00e9di\u00e9e de<strong> 70 correspondants ECHO.<\/strong>&nbsp;<\/h6>\n\n\n\n<p>Nous avons \u00e9galement lanc\u00e9 un appel \u00e0 projets ax\u00e9 sur le volontariat bas\u00e9 sur les comp\u00e9tences et nous sommes fiers d\u2019organiser une journ\u00e9e annuelle de la solidarit\u00e9, c\u00e9l\u00e9brant les 1 230 volontaires d\u00e9j\u00e0 engag\u00e9s dans diverses actions de solidarit\u00e9.<\/p>\n\n\n\n<div style=\"height:18px\" aria-hidden=\"true\" class=\"wp-block-spacer\"><\/div>\n<\/div>\n\n\n\n<div class=\"wp-block-column is-vertically-aligned-center is-layout-flow wp-block-column-is-layout-flow\">\n<figure class=\"wp-block-image size-full is-style-default\"><img data-dominant-color=\"918476\" data-has-transparency=\"false\" decoding=\"async\" width=\"627\" height=\"418\" sizes=\"(max-width: 627px) 100vw, 627px\" src=\"https:\/\/lesaffre-wa.com\/sl\/wp-content\/uploads\/sites\/50\/2026\/03\/echo-picture-1.jpeg\" alt=\"\" class=\"wp-image-4915 not-transparent\" style=\"--dominant-color: #918476; object-fit:cover\" srcset=\"https:\/\/lesaffre-wa.com\/sl\/wp-content\/uploads\/sites\/50\/2026\/03\/echo-picture-1.jpeg 627w, https:\/\/lesaffre-wa.com\/sl\/wp-content\/uploads\/sites\/50\/2026\/03\/echo-picture-1-300x200.jpeg 300w, https:\/\/lesaffre-wa.com\/sl\/wp-content\/uploads\/sites\/50\/2026\/03\/echo-picture-1-150x100.jpeg 150w, https:\/\/lesaffre-wa.com\/sl\/wp-content\/uploads\/sites\/50\/2026\/03\/echo-picture-1-600x400.jpeg 600w\" \/><\/figure>\n<\/div>\n<\/div>\n\n\n\n<div style=\"height:var(--wp--preset--spacing--80)\" aria-hidden=\"true\" class=\"wp-block-spacer\"><\/div>\n\n\n\n<h2 class=\"wp-block-heading has-text-align-center h25 w1100 has-text-color has-link-color wp-elements-3514e3b3553e0f8a474c61432c6bafe6\" style=\"color:#a17234\">\u00c0 travers le programme ECHO, <mark style=\"color:#0e288b\" class=\"has-inline-color\">nous offrons \u00e0 notre \u00e9quipe de multiples fa\u00e7ons de s\u2019engager.&nbsp;<\/mark><\/h2>\n\n\n\n<div style=\"height:52px\" aria-hidden=\"true\" class=\"wp-block-spacer\"><\/div>\n\n\n\n<div class=\"wp-block-columns is-layout-flex wp-container-core-columns-is-layout-9d6595d7 wp-block-columns-is-layout-flex\">\n<div class=\"wp-block-column is-vertically-aligned-top is-layout-flow wp-block-column-is-layout-flow\">\n<h6 class=\"wp-block-heading large-txt\">Que ce soit en tant qu\u2019ambassadeur, chef de projet ou contributeur, chacun peut choisir son niveau d\u2019implication et de participation en fonction de sa sensibilit\u00e9 et de sa disponibilit\u00e9.<\/h6>\n<\/div>\n\n\n\n<div class=\"wp-block-column is-vertically-aligned-top is-layout-flow wp-block-column-is-layout-flow\">\n<p class=\"large-txt\">Cette flexibilit\u00e9 permet \u00e0 chacun d\u2019avoir un engagement significatif. Les membres de l\u2019\u00e9quipe sont enti\u00e8rement libres de choisir les initiatives de solidarit\u00e9 locale qu\u2019ils souhaitent soutenir dans trois domaines principaux&nbsp;: l\u2019\u00c9ducation, l\u2019Alimentation\/Nutrition et l\u2019Environnement.<\/p>\n<\/div>\n<\/div>\n\n\n\n<div style=\"height:var(--wp--preset--spacing--80)\" aria-hidden=\"true\" class=\"wp-block-spacer\"><\/div>\n","protected":false},"excerpt":{"rendered":"<p>Le programme de charit\u00e9 Lesaffre #LesaffreCares Notre politique caritative ECHO&nbsp; ECHO, le programme de solidarit\u00e9 de Lesaffre lanc\u00e9 en 2019, est un \u00e9l\u00e9ment cl\u00e9 de notre mission \u00ab&nbsp;Travailler ensemble pour mieux nourrir et prot\u00e9ger la plan\u00e8te&nbsp;\u00bb. ECHO nous donne les moyens de contribuer au d\u00e9veloppement des communaut\u00e9s par l\u2019\u00e9ducation, la nutrition et la pr\u00e9servation de [&hellip;]<\/p>\n","protected":false},"author":1,"featured_media":958,"parent":3766,"menu_order":0,"comment_status":"closed","ping_status":"closed","template":"templates\/rse.php","meta":{"_acf_changed":false,"footnotes":""},"class_list":["post-3763","page","type-page","status-publish","has-post-thumbnail","hentry"],"acf":[],"yoast_head":"<!-- This site is optimized with the Yoast SEO plugin v27.0 - https:\/\/yoast.com\/product\/yoast-seo-wordpress\/ -->\n<title>RSE et programme ECHO - L&#039;engagement de Lesaffre envers les communaut\u00e9s<\/title>\n<meta name=\"description\" content=\"D\u00e9couvrez le programme RSE et ECHO de Lesaffre : soutien communautaire, \u00e9ducation, nutrition et durabilit\u00e9 au c\u0153ur de notre mission boulang\u00e8re.\" \/>\n<meta name=\"robots\" content=\"index, follow, max-snippet:-1, max-image-preview:large, max-video-preview:-1\" \/>\n<link rel=\"canonical\" href=\"https:\/\/lesaffre-wa.com\/sl\/a-propos\/rse\" \/>\n<meta property=\"og:locale\" content=\"fr_FR\" \/>\n<meta property=\"og:type\" content=\"article\" \/>\n<meta property=\"og:title\" content=\"RSE et programme ECHO - L&#039;engagement de Lesaffre envers les communaut\u00e9s\" \/>\n<meta property=\"og:description\" content=\"D\u00e9couvrez le programme RSE et ECHO de Lesaffre : soutien communautaire, \u00e9ducation, nutrition et durabilit\u00e9 au c\u0153ur de notre mission boulang\u00e8re.\" \/>\n<meta property=\"og:url\" content=\"https:\/\/lesaffre-wa.com\/sl\/a-propos\/rse\" \/>\n<meta property=\"og:site_name\" content=\"Lesaffre WA - Sierra Leone\" \/>\n<meta property=\"article:modified_time\" content=\"2026-03-10T14:50:49+00:00\" \/>\n<meta property=\"og:image\" content=\"https:\/\/lesaffre-wa.com\/sl\/wp-content\/uploads\/sites\/50\/2024\/11\/ECHO-hands-1.png\" \/>\n\t<meta property=\"og:image:width\" content=\"1920\" \/>\n\t<meta property=\"og:image:height\" content=\"860\" \/>\n\t<meta property=\"og:image:type\" content=\"image\/png\" \/>\n<meta name=\"twitter:card\" content=\"summary_large_image\" \/>\n<meta name=\"twitter:label1\" content=\"Dur\u00e9e de lecture estim\u00e9e\" \/>\n\t<meta name=\"twitter:data1\" content=\"2 minutes\" \/>\n<script type=\"application\/ld+json\" class=\"yoast-schema-graph\">{\"@context\":\"https:\/\/schema.org\",\"@graph\":[{\"@type\":\"WebPage\",\"@id\":\"https:\/\/lesaffre-wa.com\/sl\/a-propos\/rse\",\"url\":\"https:\/\/lesaffre-wa.com\/sl\/a-propos\/rse\",\"name\":\"RSE et programme ECHO - L'engagement de Lesaffre envers les communaut\u00e9s\",\"isPartOf\":{\"@id\":\"https:\/\/lesaffre-wa.com\/sl\/#website\"},\"primaryImageOfPage\":{\"@id\":\"https:\/\/lesaffre-wa.com\/sl\/a-propos\/rse#primaryimage\"},\"image\":{\"@id\":\"https:\/\/lesaffre-wa.com\/sl\/a-propos\/rse#primaryimage\"},\"thumbnailUrl\":\"https:\/\/lesaffre-wa.com\/sl\/wp-content\/uploads\/sites\/50\/2024\/11\/ECHO-hands-1.png\",\"datePublished\":\"2025-09-12T15:11:14+00:00\",\"dateModified\":\"2026-03-10T14:50:49+00:00\",\"description\":\"D\u00e9couvrez le programme RSE et ECHO de Lesaffre : soutien communautaire, \u00e9ducation, nutrition et durabilit\u00e9 au c\u0153ur de notre mission boulang\u00e8re.\",\"breadcrumb\":{\"@id\":\"https:\/\/lesaffre-wa.com\/sl\/a-propos\/rse#breadcrumb\"},\"inLanguage\":\"fr-FR\",\"potentialAction\":[{\"@type\":\"ReadAction\",\"target\":[\"https:\/\/lesaffre-wa.com\/sl\/a-propos\/rse\"]}]},{\"@type\":\"ImageObject\",\"inLanguage\":\"fr-FR\",\"@id\":\"https:\/\/lesaffre-wa.com\/sl\/a-propos\/rse#primaryimage\",\"url\":\"https:\/\/lesaffre-wa.com\/sl\/wp-content\/uploads\/sites\/50\/2024\/11\/ECHO-hands-1.png\",\"contentUrl\":\"https:\/\/lesaffre-wa.com\/sl\/wp-content\/uploads\/sites\/50\/2024\/11\/ECHO-hands-1.png\",\"width\":1920,\"height\":860},{\"@type\":\"BreadcrumbList\",\"@id\":\"https:\/\/lesaffre-wa.com\/sl\/a-propos\/rse#breadcrumb\",\"itemListElement\":[{\"@type\":\"ListItem\",\"position\":1,\"name\":\"Accueil\",\"item\":\"https:\/\/lesaffre-wa.com\/sl\/en\/homepage\"},{\"@type\":\"ListItem\",\"position\":2,\"name\":\"A propos\",\"item\":\"https:\/\/lesaffre-wa.com\/sl\/fr\/a-propos\"},{\"@type\":\"ListItem\",\"position\":3,\"name\":\"RSE\"}]},{\"@type\":\"WebSite\",\"@id\":\"https:\/\/lesaffre-wa.com\/sl\/#website\",\"url\":\"https:\/\/lesaffre-wa.com\/sl\/\",\"name\":\"Lesaffre Meea\",\"description\":\"Sierra Leone\",\"publisher\":{\"@id\":\"https:\/\/lesaffre-wa.com\/sl\/#organization\"},\"alternateName\":\"Lesaffre\",\"potentialAction\":[{\"@type\":\"SearchAction\",\"target\":{\"@type\":\"EntryPoint\",\"urlTemplate\":\"https:\/\/lesaffre-wa.com\/sl\/?s={search_term_string}\"},\"query-input\":{\"@type\":\"PropertyValueSpecification\",\"valueRequired\":true,\"valueName\":\"search_term_string\"}}],\"inLanguage\":\"fr-FR\"},{\"@type\":\"Organization\",\"@id\":\"https:\/\/lesaffre-wa.com\/sl\/#organization\",\"name\":\"Lesaffre\",\"url\":\"https:\/\/lesaffre-wa.com\/sl\/\",\"logo\":{\"@type\":\"ImageObject\",\"inLanguage\":\"fr-FR\",\"@id\":\"https:\/\/lesaffre-wa.com\/sl\/#\/schema\/logo\/image\/\",\"url\":\"https:\/\/lesaffre-wa.com\/sl\/wp-content\/uploads\/sites\/50\/2024\/09\/Logo_SVG.svg\",\"contentUrl\":\"https:\/\/lesaffre-wa.com\/sl\/wp-content\/uploads\/sites\/50\/2024\/09\/Logo_SVG.svg\",\"width\":148,\"height\":147,\"caption\":\"Lesaffre\"},\"image\":{\"@id\":\"https:\/\/lesaffre-wa.com\/sl\/#\/schema\/logo\/image\/\"}}]}<\/script>\n<!-- \/ Yoast SEO plugin. -->","yoast_head_json":{"title":"RSE et programme ECHO - L'engagement de Lesaffre envers les communaut\u00e9s","description":"D\u00e9couvrez le programme RSE et ECHO de Lesaffre : soutien communautaire, \u00e9ducation, nutrition et durabilit\u00e9 au c\u0153ur de notre mission boulang\u00e8re.","robots":{"index":"index","follow":"follow","max-snippet":"max-snippet:-1","max-image-preview":"max-image-preview:large","max-video-preview":"max-video-preview:-1"},"canonical":"https:\/\/lesaffre-wa.com\/sl\/a-propos\/rse","og_locale":"fr_FR","og_type":"article","og_title":"RSE et programme ECHO - L'engagement de Lesaffre envers les communaut\u00e9s","og_description":"D\u00e9couvrez le programme RSE et ECHO de Lesaffre : soutien communautaire, \u00e9ducation, nutrition et durabilit\u00e9 au c\u0153ur de notre mission boulang\u00e8re.","og_url":"https:\/\/lesaffre-wa.com\/sl\/a-propos\/rse","og_site_name":"Lesaffre WA - Sierra Leone","article_modified_time":"2026-03-10T14:50:49+00:00","og_image":[{"width":1920,"height":860,"url":"https:\/\/lesaffre-wa.com\/sl\/wp-content\/uploads\/sites\/50\/2024\/11\/ECHO-hands-1.png","type":"image\/png"}],"twitter_card":"summary_large_image","twitter_misc":{"Dur\u00e9e de lecture estim\u00e9e":"2 minutes"},"schema":{"@context":"https:\/\/schema.org","@graph":[{"@type":"WebPage","@id":"https:\/\/lesaffre-wa.com\/sl\/a-propos\/rse","url":"https:\/\/lesaffre-wa.com\/sl\/a-propos\/rse","name":"RSE et programme ECHO - L'engagement de Lesaffre envers les communaut\u00e9s","isPartOf":{"@id":"https:\/\/lesaffre-wa.com\/sl\/#website"},"primaryImageOfPage":{"@id":"https:\/\/lesaffre-wa.com\/sl\/a-propos\/rse#primaryimage"},"image":{"@id":"https:\/\/lesaffre-wa.com\/sl\/a-propos\/rse#primaryimage"},"thumbnailUrl":"https:\/\/lesaffre-wa.com\/sl\/wp-content\/uploads\/sites\/50\/2024\/11\/ECHO-hands-1.png","datePublished":"2025-09-12T15:11:14+00:00","dateModified":"2026-03-10T14:50:49+00:00","description":"D\u00e9couvrez le programme RSE et ECHO de Lesaffre : soutien communautaire, \u00e9ducation, nutrition et durabilit\u00e9 au c\u0153ur de notre mission boulang\u00e8re.","breadcrumb":{"@id":"https:\/\/lesaffre-wa.com\/sl\/a-propos\/rse#breadcrumb"},"inLanguage":"fr-FR","potentialAction":[{"@type":"ReadAction","target":["https:\/\/lesaffre-wa.com\/sl\/a-propos\/rse"]}]},{"@type":"ImageObject","inLanguage":"fr-FR","@id":"https:\/\/lesaffre-wa.com\/sl\/a-propos\/rse#primaryimage","url":"https:\/\/lesaffre-wa.com\/sl\/wp-content\/uploads\/sites\/50\/2024\/11\/ECHO-hands-1.png","contentUrl":"https:\/\/lesaffre-wa.com\/sl\/wp-content\/uploads\/sites\/50\/2024\/11\/ECHO-hands-1.png","width":1920,"height":860},{"@type":"BreadcrumbList","@id":"https:\/\/lesaffre-wa.com\/sl\/a-propos\/rse#breadcrumb","itemListElement":[{"@type":"ListItem","position":1,"name":"Accueil","item":"https:\/\/lesaffre-wa.com\/sl\/en\/homepage"},{"@type":"ListItem","position":2,"name":"A propos","item":"https:\/\/lesaffre-wa.com\/sl\/fr\/a-propos"},{"@type":"ListItem","position":3,"name":"RSE"}]},{"@type":"WebSite","@id":"https:\/\/lesaffre-wa.com\/sl\/#website","url":"https:\/\/lesaffre-wa.com\/sl\/","name":"Lesaffre Meea","description":"Sierra Leone","publisher":{"@id":"https:\/\/lesaffre-wa.com\/sl\/#organization"},"alternateName":"Lesaffre","potentialAction":[{"@type":"SearchAction","target":{"@type":"EntryPoint","urlTemplate":"https:\/\/lesaffre-wa.com\/sl\/?s={search_term_string}"},"query-input":{"@type":"PropertyValueSpecification","valueRequired":true,"valueName":"search_term_string"}}],"inLanguage":"fr-FR"},{"@type":"Organization","@id":"https:\/\/lesaffre-wa.com\/sl\/#organization","name":"Lesaffre","url":"https:\/\/lesaffre-wa.com\/sl\/","logo":{"@type":"ImageObject","inLanguage":"fr-FR","@id":"https:\/\/lesaffre-wa.com\/sl\/#\/schema\/logo\/image\/","url":"https:\/\/lesaffre-wa.com\/sl\/wp-content\/uploads\/sites\/50\/2024\/09\/Logo_SVG.svg","contentUrl":"https:\/\/lesaffre-wa.com\/sl\/wp-content\/uploads\/sites\/50\/2024\/09\/Logo_SVG.svg","width":148,"height":147,"caption":"Lesaffre"},"image":{"@id":"https:\/\/lesaffre-wa.com\/sl\/#\/schema\/logo\/image\/"}}]}},"lang":"fr","translations":{"fr":3763,"en":704},"pll_sync_post":[],"_links":{"self":[{"href":"https:\/\/lesaffre-wa.com\/sl\/wp-json\/wp\/v2\/pages\/3763","targetHints":{"allow":["GET"]}}],"collection":[{"href":"https:\/\/lesaffre-wa.com\/sl\/wp-json\/wp\/v2\/pages"}],"about":[{"href":"https:\/\/lesaffre-wa.com\/sl\/wp-json\/wp\/v2\/types\/page"}],"author":[{"embeddable":true,"href":"https:\/\/lesaffre-wa.com\/sl\/wp-json\/wp\/v2\/users\/1"}],"replies":[{"embeddable":true,"href":"https:\/\/lesaffre-wa.com\/sl\/wp-json\/wp\/v2\/comments?post=3763"}],"version-history":[{"count":11,"href":"https:\/\/lesaffre-wa.com\/sl\/wp-json\/wp\/v2\/pages\/3763\/revisions"}],"predecessor-version":[{"id":4916,"href":"https:\/\/lesaffre-wa.com\/sl\/wp-json\/wp\/v2\/pages\/3763\/revisions\/4916"}],"up":[{"embeddable":true,"href":"https:\/\/lesaffre-wa.com\/sl\/wp-json\/wp\/v2\/pages\/3766"}],"wp:featuredmedia":[{"embeddable":true,"href":"https:\/\/lesaffre-wa.com\/sl\/wp-json\/wp\/v2\/media\/958"}],"wp:attachment":[{"href":"https:\/\/lesaffre-wa.com\/sl\/wp-json\/wp\/v2\/media?parent=3763"}],"curies":[{"name":"wp","href":"https:\/\/api.w.org\/{rel}","templated":true}]}}