{"id":3768,"date":"2025-09-12T17:12:39","date_gmt":"2025-09-12T15:12:39","guid":{"rendered":"https:\/\/lesaffre-wa.com\/sn\/?page_id=3768"},"modified":"2026-03-10T15:47:34","modified_gmt":"2026-03-10T14:47:34","slug":"notre-histoire","status":"publish","type":"page","link":"https:\/\/lesaffre-wa.com\/sn\/a-propos-2\/notre-histoire","title":{"rendered":"Notre histoire"},"content":{"rendered":"\n<h2 class=\"wp-block-heading has-text-align-center h25 w1100 has-text-color has-link-color wp-elements-59bad3cf4ee4792774b57343a305d53a\" style=\"color:#a17234\">Tout en honorant notre riche h\u00e9ritage, nous demeurons r\u00e9solument engag\u00e9s \u00e0 fa\u00e7onner l&rsquo;avenir avec les m\u00eames normes d&rsquo;excellence et le m\u00eame esprit d&rsquo;innovation.&nbsp;<\/h2>\n\n\n\n<div style=\"height:var(--wp--preset--spacing--60)\" aria-hidden=\"true\" class=\"wp-block-spacer\"><\/div>\n\n\n\n<div class=\"wp-block-columns is-layout-flex wp-container-core-columns-is-layout-9d6595d7 wp-block-columns-is-layout-flex\">\n<div class=\"wp-block-column is-vertically-aligned-center is-layout-flow wp-block-column-is-layout-flow\">\n<h5 class=\"wp-block-heading\">Notre entreprise est n\u00e9e de l\u2019amiti\u00e9 entre <strong>Louis Lesaffre<\/strong> et <strong>Louis Bonduelle en 1853<\/strong>.&nbsp;<\/h5>\n\n\n\n<div style=\"height:var(--wp--preset--spacing--40)\" aria-hidden=\"true\" class=\"wp-block-spacer\"><\/div>\n\n\n\n<p>De ce rapprochement est n\u00e9e la Soci\u00e9t\u00e9 Industrielle Lesaffre, qui s\u2019est progressivement r\u00e9v\u00e9l\u00e9e \u00eatre le moteur de l\u2019essor industriel et commercial du Groupe en levure.<\/p>\n\n\n\n<div style=\"height:var(--wp--preset--spacing--40)\" aria-hidden=\"true\" class=\"wp-block-spacer\"><\/div>\n\n\n\n<figure class=\"wp-block-image size-full\"><img decoding=\"async\" width=\"290\" height=\"174\" sizes=\"(max-width: 290px) 100vw, 290px\" src=\"https:\/\/lesaffre-wa.com\/wp-content\/uploads\/2024\/10\/dfc34e0cdb9991690b985701aa2175c5-1.jpg\" alt=\"\" class=\"wp-image-727\" srcset=\"https:\/\/lesaffre-wa.com\/sn\/wp-content\/uploads\/sites\/31\/2024\/10\/dfc34e0cdb9991690b985701aa2175c5-1.jpg 290w, https:\/\/lesaffre-wa.com\/sn\/wp-content\/uploads\/sites\/31\/2024\/10\/dfc34e0cdb9991690b985701aa2175c5-1-150x90.jpg 150w\" \/><\/figure>\n<\/div>\n\n\n\n<div class=\"wp-block-column is-vertically-aligned-center is-layout-flow wp-block-column-is-layout-flow\">\n<figure class=\"wp-block-image size-full img-block\"><img decoding=\"async\" width=\"1024\" height=\"761\" sizes=\"(max-width: 1024px) 100vw, 1024px\" src=\"https:\/\/lesaffre-wa.com\/wp-content\/uploads\/2024\/10\/1f4e0d011822c3f9cd2327c5d0ff88a0-1.jpg\" alt=\"\" class=\"wp-image-728\" srcset=\"https:\/\/lesaffre-wa.com\/sn\/wp-content\/uploads\/sites\/31\/2024\/10\/1f4e0d011822c3f9cd2327c5d0ff88a0-1.jpg 1024w, https:\/\/lesaffre-wa.com\/sn\/wp-content\/uploads\/sites\/31\/2024\/10\/1f4e0d011822c3f9cd2327c5d0ff88a0-1-300x223.jpg 300w, https:\/\/lesaffre-wa.com\/sn\/wp-content\/uploads\/sites\/31\/2024\/10\/1f4e0d011822c3f9cd2327c5d0ff88a0-1-150x111.jpg 150w, https:\/\/lesaffre-wa.com\/sn\/wp-content\/uploads\/sites\/31\/2024\/10\/1f4e0d011822c3f9cd2327c5d0ff88a0-1-768x571.jpg 768w, https:\/\/lesaffre-wa.com\/sn\/wp-content\/uploads\/sites\/31\/2024\/10\/1f4e0d011822c3f9cd2327c5d0ff88a0-1-600x446.jpg 600w\" \/><\/figure>\n<\/div>\n<\/div>\n\n\n\n<div style=\"height:40px\" aria-hidden=\"true\" class=\"wp-block-spacer\"><\/div>\n\n\n\n<h2 class=\"wp-block-heading h25\"><em>Organisation des<\/em><br>activit\u00e9s de Lesaffre<\/h2>\n\n\n\n<div class=\"wp-block-columns is-layout-flex wp-container-core-columns-is-layout-9d6595d7 wp-block-columns-is-layout-flex\">\n<div class=\"wp-block-column ml-0 is-layout-flow wp-block-column-is-layout-flow\" style=\"flex-basis:85%\">\n<p class=\"ml-0 mx-w-special has-text-color has-link-color wp-elements-c1bf22eddefbecb9769e56641a25036d\" style=\"color:#0e288b\">Passionn\u00e9s par notre mission, nous repoussons les limites pour r\u00e9v\u00e9ler tout le potentiel des micro-organismes et de la fermentation \u00e0 travers nos activit\u00e9s :<\/p>\n\n\n\n<div style=\"height:10px\" aria-hidden=\"true\" class=\"wp-block-spacer\"><\/div>\n\n\n\n<ul style=\"color:#4b4b4b;font-size:16px\" class=\"wp-block-list ml-0 has-text-color has-link-color wp-elements-58ab38d871bb42beb75054fa058475ef\">\n<li class=\"ml-0\"><strong>Panification<\/strong><\/li>\n\n\n\n<li><strong>Go\u00fbt et plaisir alimentaire<\/strong><\/li>\n\n\n\n<li class=\"ml-0\"><strong>Bien-\u00eatre et sant\u00e9<\/strong><\/li>\n\n\n\n<li><strong>Biotechnologie<\/strong><\/li>\n<\/ul>\n<\/div>\n\n\n\n<div class=\"wp-block-column is-layout-flow wp-block-column-is-layout-flow\" style=\"flex-basis:33.33%\"><\/div>\n<\/div>\n\n\n<div class=\"wp-block-image\">\n<figure class=\"aligncenter size-full\"><img data-dominant-color=\"dbdad7\" data-has-transparency=\"false\" style=\"--dominant-color: #dbdad7;\" decoding=\"async\" width=\"1024\" height=\"815\" sizes=\"(max-width: 1024px) 100vw, 1024px\" src=\"https:\/\/lesaffre-wa.com\/sn\/wp-content\/uploads\/sites\/31\/2026\/03\/66f2db0709f43900fe72559cd34a7827-1.jpg\" alt=\"\" class=\"wp-image-4934 not-transparent\" srcset=\"https:\/\/lesaffre-wa.com\/sn\/wp-content\/uploads\/sites\/31\/2026\/03\/66f2db0709f43900fe72559cd34a7827-1.jpg 1024w, https:\/\/lesaffre-wa.com\/sn\/wp-content\/uploads\/sites\/31\/2026\/03\/66f2db0709f43900fe72559cd34a7827-1-300x239.jpg 300w, https:\/\/lesaffre-wa.com\/sn\/wp-content\/uploads\/sites\/31\/2026\/03\/66f2db0709f43900fe72559cd34a7827-1-150x119.jpg 150w, https:\/\/lesaffre-wa.com\/sn\/wp-content\/uploads\/sites\/31\/2026\/03\/66f2db0709f43900fe72559cd34a7827-1-768x611.jpg 768w, https:\/\/lesaffre-wa.com\/sn\/wp-content\/uploads\/sites\/31\/2026\/03\/66f2db0709f43900fe72559cd34a7827-1-600x478.jpg 600w\" \/><\/figure>\n<\/div>\n\n\n<div style=\"height:var(--wp--preset--spacing--80)\" aria-hidden=\"true\" class=\"wp-block-spacer\"><\/div>\n\n\n\n<div class=\"wp-block-group\"><div class=\"wp-block-group__inner-container is-layout-constrained wp-block-group-is-layout-constrained\">\n<h2 class=\"wp-block-heading has-text-align-center h25\">Bienvenue sur <em>Lesaffre Afrique de l&rsquo;Ouest et Central<em>e<\/em><\/em>,&nbsp;votre partenaire de confiance dans la r\u00e9gion.<\/h2>\n\n\n\n<div style=\"height:var(--wp--preset--spacing--60)\" aria-hidden=\"true\" class=\"wp-block-spacer\"><\/div>\n\n\n\n<div class=\"wp-block-columns tablet-vertical is-layout-flex wp-container-core-columns-is-layout-9d6595d7 wp-block-columns-is-layout-flex\">\n<div class=\"wp-block-column is-layout-flow wp-block-column-is-layout-flow\">\n<div class=\"wp-block-group bg-img-card\"><div class=\"wp-block-group__inner-container is-layout-constrained wp-block-group-is-layout-constrained\">\n<figure class=\"wp-block-image size-full\"><img decoding=\"async\" width=\"1200\" height=\"900\" src=\"https:\/\/lesaffre-wa.com\/wp-content\/uploads\/2024\/10\/9128e785bc2ccc92f32a1ab17bc5e704-1.jpg\" alt=\"\" class=\"wp-image-723\" srcset=\"https:\/\/lesaffre-wa.com\/sn\/wp-content\/uploads\/sites\/31\/2024\/10\/9128e785bc2ccc92f32a1ab17bc5e704-1.jpg 1200w, https:\/\/lesaffre-wa.com\/sn\/wp-content\/uploads\/sites\/31\/2024\/10\/9128e785bc2ccc92f32a1ab17bc5e704-1-300x225.jpg 300w, https:\/\/lesaffre-wa.com\/sn\/wp-content\/uploads\/sites\/31\/2024\/10\/9128e785bc2ccc92f32a1ab17bc5e704-1-1024x768.jpg 1024w, https:\/\/lesaffre-wa.com\/sn\/wp-content\/uploads\/sites\/31\/2024\/10\/9128e785bc2ccc92f32a1ab17bc5e704-1-150x113.jpg 150w, https:\/\/lesaffre-wa.com\/sn\/wp-content\/uploads\/sites\/31\/2024\/10\/9128e785bc2ccc92f32a1ab17bc5e704-1-768x576.jpg 768w, https:\/\/lesaffre-wa.com\/sn\/wp-content\/uploads\/sites\/31\/2024\/10\/9128e785bc2ccc92f32a1ab17bc5e704-1-600x450.jpg 600w\" sizes=\"(max-width: 1200px) 100vw, 1200px\" \/><\/figure>\n\n\n\n<p>En tant qu\u2019experts boulangers, nous sommes l\u00e0 pour vous aider \u00e0 am\u00e9liorer votre pain gr\u00e2ce \u00e0 des saveurs plus riches, des processus optimis\u00e9s et les meilleurs ingr\u00e9dients.<\/p>\n<\/div><\/div>\n<\/div>\n\n\n\n<div class=\"wp-block-column is-layout-flow wp-block-column-is-layout-flow\">\n<figure class=\"wp-block-image size-full is-style-default img-block\"><img data-dominant-color=\"858fb5\" data-has-transparency=\"true\" style=\"--dominant-color: #858fb5;\" decoding=\"async\" width=\"675\" height=\"750\" sizes=\"(max-width: 675px) 100vw, 675px\" src=\"https:\/\/lesaffre-wa.com\/sn\/wp-content\/uploads\/sites\/31\/2025\/10\/Carte_Afrique-1.png\" alt=\"\" class=\"wp-image-4040 has-transparency\" srcset=\"https:\/\/lesaffre-wa.com\/sn\/wp-content\/uploads\/sites\/31\/2025\/10\/Carte_Afrique-1.png 675w, https:\/\/lesaffre-wa.com\/sn\/wp-content\/uploads\/sites\/31\/2025\/10\/Carte_Afrique-1-270x300.png 270w, https:\/\/lesaffre-wa.com\/sn\/wp-content\/uploads\/sites\/31\/2025\/10\/Carte_Afrique-1-135x150.png 135w, https:\/\/lesaffre-wa.com\/sn\/wp-content\/uploads\/sites\/31\/2025\/10\/Carte_Afrique-1-600x667.png 600w\" \/><\/figure>\n<\/div>\n<\/div>\n\n\n\n<div style=\"height:28px\" aria-hidden=\"true\" class=\"wp-block-spacer\"><\/div>\n\n\n\n<div class=\"wp-block-columns are-vertically-aligned-center tablet-vertical is-layout-flex wp-container-core-columns-is-layout-9d6595d7 wp-block-columns-is-layout-flex\">\n<div class=\"wp-block-column is-vertically-aligned-center is-layout-flow wp-block-column-is-layout-flow\" style=\"flex-basis:66.66%\">\n<div class=\"wp-block-image-slider-plugin-my-slider-block history-swiper swiper-container\" data-show-navigation=\"true\" data-show-pagination=\"true\" data-autoplay=\"true\" data-speed=\"400\"><div class=\"swiper-wrapper\"><div class=\"swiper-slide\"><img decoding=\"async\" src=\"https:\/\/lesaffre-wa.com\/sn\/wp-content\/uploads\/sites\/31\/2025\/11\/KH_04655.avif\" alt=\"Slider image\" \/><\/div><div class=\"swiper-slide\"><img decoding=\"async\" src=\"https:\/\/lesaffre-wa.com\/sn\/wp-content\/uploads\/sites\/31\/2025\/11\/Labo-pizza4.avif\" alt=\"Slider image\" \/><\/div><div class=\"swiper-slide\"><img decoding=\"async\" src=\"https:\/\/lesaffre-wa.com\/sn\/wp-content\/uploads\/sites\/31\/2025\/11\/KH_04656.avif\" alt=\"Slider image\" \/><\/div><div class=\"swiper-slide\"><img decoding=\"async\" src=\"https:\/\/lesaffre-wa.com\/sn\/wp-content\/uploads\/sites\/31\/2025\/11\/Labo-viennoiserie.avif\" alt=\"Slider image\" \/><\/div><\/div><div class=\"swiper-pagination\"><\/div><div class=\"swiper-button-next\"><\/div><div class=\"swiper-button-prev\"><\/div><\/div>\n<\/div>\n\n\n\n<div class=\"wp-block-column is-vertically-aligned-center is-layout-flow wp-block-column-is-layout-flow\" style=\"flex-basis:33.33%\">\n<h5 class=\"wp-block-heading\">Notre Baking Center d\u2019Abidjan, qui fait partie du r\u00e9seau Baking Center, est con\u00e7u pour r\u00e9pondre \u00e0 vos besoins avec une assistance technique.<\/h5>\n\n\n\n<p class=\"has-text-color has-link-color wp-elements-b803d23169ff64732b3938ea4c1c118b\" style=\"color:#0e288b\">Notre centre d\u2019expertise en boulangerie offre une assistance technique, avec une \u00e9quipe de techniciens boulangers sur place pr\u00eats \u00e0 fournir une assistance technique, des masterclass et des solutions sur-mesure pour r\u00e9pondre \u00e0 vos attentes.<\/p>\n<\/div>\n<\/div>\n<\/div><\/div>\n\n\n\n<div style=\"height:54px\" aria-hidden=\"true\" class=\"wp-block-spacer\"><\/div>\n\n\n\n<h5 class=\"wp-block-heading has-text-align-center w1100\">Nous sommes convaincus que la fermentation est l\u2019une des r\u00e9ponses les plus prometteuses pour nourrir 9 milliards de personnes de mani\u00e8re plus s\u00fbre, plus saine et plus durable.<\/h5>\n\n\n\n<div style=\"height:var(--wp--preset--spacing--30)\" aria-hidden=\"true\" class=\"wp-block-spacer\"><\/div>\n\n\n<div class=\"wp-block-image w1100\">\n<figure class=\"aligncenter size-large\"><img decoding=\"async\" width=\"622\" height=\"102\" sizes=\"(max-width: 1024px) 100vw, 1024px\" src=\"https:\/\/lesaffre-wa.com\/wp-content\/uploads\/2024\/10\/dove-circle-1.svg\" alt=\"\" class=\"wp-image-722\" \/><\/figure>\n<\/div>\n\n\n<div style=\"height:var(--wp--preset--spacing--30)\" aria-hidden=\"true\" class=\"wp-block-spacer\"><\/div>\n\n\n\n<h2 class=\"wp-block-heading has-text-align-center h25 w1100\"><em>1\/3 du pain dans le monde<\/em> est r\u00e9alis\u00e9 avec des produits Lesaffre.<\/h2>\n\n\n\n<p><\/p>\n","protected":false},"excerpt":{"rendered":"<p>Tout en honorant notre riche h\u00e9ritage, nous demeurons r\u00e9solument engag\u00e9s \u00e0 fa\u00e7onner l&rsquo;avenir avec les m\u00eames normes d&rsquo;excellence et le m\u00eame esprit d&rsquo;innovation.&nbsp; Notre entreprise est n\u00e9e de l\u2019amiti\u00e9 entre Louis Lesaffre et Louis Bonduelle en 1853.&nbsp; De ce rapprochement est n\u00e9e la Soci\u00e9t\u00e9 Industrielle Lesaffre, qui s\u2019est progressivement r\u00e9v\u00e9l\u00e9e \u00eatre le moteur de l\u2019essor [&hellip;]<\/p>\n","protected":false},"author":1,"featured_media":1890,"parent":4722,"menu_order":0,"comment_status":"closed","ping_status":"closed","template":"templates\/histoire.php","meta":{"_acf_changed":false,"footnotes":""},"class_list":["post-3768","page","type-page","status-publish","has-post-thumbnail","hentry"],"acf":[],"yoast_head":"<!-- This site is optimized with the Yoast SEO plugin v27.0 - https:\/\/yoast.com\/product\/yoast-seo-wordpress\/ -->\n<title>L&#039;h\u00e9ritage Lesaffre et l&#039;innovation boulang\u00e8re depuis 1853<\/title>\n<meta name=\"description\" content=\"Avec plus de 170 ans d&#039;expertise, Lesaffre allie tradition boulang\u00e8re et innovation pour soutenir les professionnels du monde entier. D\u00e9couvrez notre histoire.\" \/>\n<meta name=\"robots\" content=\"index, follow, max-snippet:-1, max-image-preview:large, max-video-preview:-1\" \/>\n<link rel=\"canonical\" href=\"https:\/\/lesaffre-wa.com\/sn\/a-propos-2\/notre-histoire\" \/>\n<meta property=\"og:locale\" content=\"fr_FR\" \/>\n<meta property=\"og:type\" content=\"article\" \/>\n<meta property=\"og:title\" content=\"L&#039;h\u00e9ritage Lesaffre et l&#039;innovation boulang\u00e8re depuis 1853\" \/>\n<meta property=\"og:description\" content=\"Avec plus de 170 ans d&#039;expertise, Lesaffre allie tradition boulang\u00e8re et innovation pour soutenir les professionnels du monde entier. D\u00e9couvrez notre histoire.\" \/>\n<meta property=\"og:url\" content=\"https:\/\/lesaffre-wa.com\/sn\/a-propos-2\/notre-histoire\" \/>\n<meta property=\"og:site_name\" content=\"Lesaffre WA - Senegal\" \/>\n<meta property=\"article:modified_time\" content=\"2026-03-10T14:47:34+00:00\" \/>\n<meta property=\"og:image\" content=\"https:\/\/lesaffre-wa.com\/sn\/wp-content\/uploads\/sites\/31\/2025\/03\/EMPLOYEES-AT-LESAFFRE-EGYPT-scaled.jpg\" \/>\n\t<meta property=\"og:image:width\" content=\"2560\" \/>\n\t<meta property=\"og:image:height\" content=\"1217\" \/>\n\t<meta property=\"og:image:type\" content=\"image\/jpeg\" \/>\n<meta name=\"twitter:card\" content=\"summary_large_image\" \/>\n<meta name=\"twitter:label1\" content=\"Dur\u00e9e de lecture estim\u00e9e\" \/>\n\t<meta name=\"twitter:data1\" content=\"4 minutes\" \/>\n<script type=\"application\/ld+json\" class=\"yoast-schema-graph\">{\"@context\":\"https:\/\/schema.org\",\"@graph\":[{\"@type\":\"WebPage\",\"@id\":\"https:\/\/lesaffre-wa.com\/sn\/a-propos-2\/notre-histoire\",\"url\":\"https:\/\/lesaffre-wa.com\/sn\/a-propos-2\/notre-histoire\",\"name\":\"L'h\u00e9ritage Lesaffre et l'innovation boulang\u00e8re depuis 1853\",\"isPartOf\":{\"@id\":\"https:\/\/lesaffre-wa.com\/sn\/#website\"},\"primaryImageOfPage\":{\"@id\":\"https:\/\/lesaffre-wa.com\/sn\/a-propos-2\/notre-histoire#primaryimage\"},\"image\":{\"@id\":\"https:\/\/lesaffre-wa.com\/sn\/a-propos-2\/notre-histoire#primaryimage\"},\"thumbnailUrl\":\"https:\/\/lesaffre-wa.com\/sn\/wp-content\/uploads\/sites\/31\/2025\/03\/EMPLOYEES-AT-LESAFFRE-EGYPT-scaled.jpg\",\"datePublished\":\"2025-09-12T15:12:39+00:00\",\"dateModified\":\"2026-03-10T14:47:34+00:00\",\"description\":\"Avec plus de 170 ans d'expertise, Lesaffre allie tradition boulang\u00e8re et innovation pour soutenir les professionnels du monde entier. D\u00e9couvrez notre histoire.\",\"breadcrumb\":{\"@id\":\"https:\/\/lesaffre-wa.com\/sn\/a-propos-2\/notre-histoire#breadcrumb\"},\"inLanguage\":\"fr-FR\",\"potentialAction\":[{\"@type\":\"ReadAction\",\"target\":[\"https:\/\/lesaffre-wa.com\/sn\/a-propos-2\/notre-histoire\"]}]},{\"@type\":\"ImageObject\",\"inLanguage\":\"fr-FR\",\"@id\":\"https:\/\/lesaffre-wa.com\/sn\/a-propos-2\/notre-histoire#primaryimage\",\"url\":\"https:\/\/lesaffre-wa.com\/sn\/wp-content\/uploads\/sites\/31\/2025\/03\/EMPLOYEES-AT-LESAFFRE-EGYPT-scaled.jpg\",\"contentUrl\":\"https:\/\/lesaffre-wa.com\/sn\/wp-content\/uploads\/sites\/31\/2025\/03\/EMPLOYEES-AT-LESAFFRE-EGYPT-scaled.jpg\",\"width\":2560,\"height\":1217,\"caption\":\"Lesaffre Egypt\"},{\"@type\":\"BreadcrumbList\",\"@id\":\"https:\/\/lesaffre-wa.com\/sn\/a-propos-2\/notre-histoire#breadcrumb\",\"itemListElement\":[{\"@type\":\"ListItem\",\"position\":1,\"name\":\"Accueil\",\"item\":\"https:\/\/lesaffre-wa.com\/sn\/en\/homepage\"},{\"@type\":\"ListItem\",\"position\":2,\"name\":\"A propos\",\"item\":\"https:\/\/lesaffre-wa.com\/sn\/fr\/a-propos-2\"},{\"@type\":\"ListItem\",\"position\":3,\"name\":\"Notre histoire\"}]},{\"@type\":\"WebSite\",\"@id\":\"https:\/\/lesaffre-wa.com\/sn\/#website\",\"url\":\"https:\/\/lesaffre-wa.com\/sn\/\",\"name\":\"Lesaffre Meea\",\"description\":\"Senegal\",\"publisher\":{\"@id\":\"https:\/\/lesaffre-wa.com\/sn\/#organization\"},\"alternateName\":\"Lesaffre\",\"potentialAction\":[{\"@type\":\"SearchAction\",\"target\":{\"@type\":\"EntryPoint\",\"urlTemplate\":\"https:\/\/lesaffre-wa.com\/sn\/?s={search_term_string}\"},\"query-input\":{\"@type\":\"PropertyValueSpecification\",\"valueRequired\":true,\"valueName\":\"search_term_string\"}}],\"inLanguage\":\"fr-FR\"},{\"@type\":\"Organization\",\"@id\":\"https:\/\/lesaffre-wa.com\/sn\/#organization\",\"name\":\"Lesaffre\",\"url\":\"https:\/\/lesaffre-wa.com\/sn\/\",\"logo\":{\"@type\":\"ImageObject\",\"inLanguage\":\"fr-FR\",\"@id\":\"https:\/\/lesaffre-wa.com\/sn\/#\/schema\/logo\/image\/\",\"url\":\"https:\/\/lesaffre-wa.com\/sn\/wp-content\/uploads\/sites\/31\/2024\/09\/Logo_SVG.svg\",\"contentUrl\":\"https:\/\/lesaffre-wa.com\/sn\/wp-content\/uploads\/sites\/31\/2024\/09\/Logo_SVG.svg\",\"width\":148,\"height\":147,\"caption\":\"Lesaffre\"},\"image\":{\"@id\":\"https:\/\/lesaffre-wa.com\/sn\/#\/schema\/logo\/image\/\"}}]}<\/script>\n<!-- \/ Yoast SEO plugin. -->","yoast_head_json":{"title":"L'h\u00e9ritage Lesaffre et l'innovation boulang\u00e8re depuis 1853","description":"Avec plus de 170 ans d'expertise, Lesaffre allie tradition boulang\u00e8re et innovation pour soutenir les professionnels du monde entier. D\u00e9couvrez notre histoire.","robots":{"index":"index","follow":"follow","max-snippet":"max-snippet:-1","max-image-preview":"max-image-preview:large","max-video-preview":"max-video-preview:-1"},"canonical":"https:\/\/lesaffre-wa.com\/sn\/a-propos-2\/notre-histoire","og_locale":"fr_FR","og_type":"article","og_title":"L'h\u00e9ritage Lesaffre et l'innovation boulang\u00e8re depuis 1853","og_description":"Avec plus de 170 ans d'expertise, Lesaffre allie tradition boulang\u00e8re et innovation pour soutenir les professionnels du monde entier. D\u00e9couvrez notre histoire.","og_url":"https:\/\/lesaffre-wa.com\/sn\/a-propos-2\/notre-histoire","og_site_name":"Lesaffre WA - Senegal","article_modified_time":"2026-03-10T14:47:34+00:00","og_image":[{"width":2560,"height":1217,"url":"https:\/\/lesaffre-wa.com\/sn\/wp-content\/uploads\/sites\/31\/2025\/03\/EMPLOYEES-AT-LESAFFRE-EGYPT-scaled.jpg","type":"image\/jpeg"}],"twitter_card":"summary_large_image","twitter_misc":{"Dur\u00e9e de lecture estim\u00e9e":"4 minutes"},"schema":{"@context":"https:\/\/schema.org","@graph":[{"@type":"WebPage","@id":"https:\/\/lesaffre-wa.com\/sn\/a-propos-2\/notre-histoire","url":"https:\/\/lesaffre-wa.com\/sn\/a-propos-2\/notre-histoire","name":"L'h\u00e9ritage Lesaffre et l'innovation boulang\u00e8re depuis 1853","isPartOf":{"@id":"https:\/\/lesaffre-wa.com\/sn\/#website"},"primaryImageOfPage":{"@id":"https:\/\/lesaffre-wa.com\/sn\/a-propos-2\/notre-histoire#primaryimage"},"image":{"@id":"https:\/\/lesaffre-wa.com\/sn\/a-propos-2\/notre-histoire#primaryimage"},"thumbnailUrl":"https:\/\/lesaffre-wa.com\/sn\/wp-content\/uploads\/sites\/31\/2025\/03\/EMPLOYEES-AT-LESAFFRE-EGYPT-scaled.jpg","datePublished":"2025-09-12T15:12:39+00:00","dateModified":"2026-03-10T14:47:34+00:00","description":"Avec plus de 170 ans d'expertise, Lesaffre allie tradition boulang\u00e8re et innovation pour soutenir les professionnels du monde entier. D\u00e9couvrez notre histoire.","breadcrumb":{"@id":"https:\/\/lesaffre-wa.com\/sn\/a-propos-2\/notre-histoire#breadcrumb"},"inLanguage":"fr-FR","potentialAction":[{"@type":"ReadAction","target":["https:\/\/lesaffre-wa.com\/sn\/a-propos-2\/notre-histoire"]}]},{"@type":"ImageObject","inLanguage":"fr-FR","@id":"https:\/\/lesaffre-wa.com\/sn\/a-propos-2\/notre-histoire#primaryimage","url":"https:\/\/lesaffre-wa.com\/sn\/wp-content\/uploads\/sites\/31\/2025\/03\/EMPLOYEES-AT-LESAFFRE-EGYPT-scaled.jpg","contentUrl":"https:\/\/lesaffre-wa.com\/sn\/wp-content\/uploads\/sites\/31\/2025\/03\/EMPLOYEES-AT-LESAFFRE-EGYPT-scaled.jpg","width":2560,"height":1217,"caption":"Lesaffre Egypt"},{"@type":"BreadcrumbList","@id":"https:\/\/lesaffre-wa.com\/sn\/a-propos-2\/notre-histoire#breadcrumb","itemListElement":[{"@type":"ListItem","position":1,"name":"Accueil","item":"https:\/\/lesaffre-wa.com\/sn\/en\/homepage"},{"@type":"ListItem","position":2,"name":"A propos","item":"https:\/\/lesaffre-wa.com\/sn\/fr\/a-propos-2"},{"@type":"ListItem","position":3,"name":"Notre histoire"}]},{"@type":"WebSite","@id":"https:\/\/lesaffre-wa.com\/sn\/#website","url":"https:\/\/lesaffre-wa.com\/sn\/","name":"Lesaffre Meea","description":"Senegal","publisher":{"@id":"https:\/\/lesaffre-wa.com\/sn\/#organization"},"alternateName":"Lesaffre","potentialAction":[{"@type":"SearchAction","target":{"@type":"EntryPoint","urlTemplate":"https:\/\/lesaffre-wa.com\/sn\/?s={search_term_string}"},"query-input":{"@type":"PropertyValueSpecification","valueRequired":true,"valueName":"search_term_string"}}],"inLanguage":"fr-FR"},{"@type":"Organization","@id":"https:\/\/lesaffre-wa.com\/sn\/#organization","name":"Lesaffre","url":"https:\/\/lesaffre-wa.com\/sn\/","logo":{"@type":"ImageObject","inLanguage":"fr-FR","@id":"https:\/\/lesaffre-wa.com\/sn\/#\/schema\/logo\/image\/","url":"https:\/\/lesaffre-wa.com\/sn\/wp-content\/uploads\/sites\/31\/2024\/09\/Logo_SVG.svg","contentUrl":"https:\/\/lesaffre-wa.com\/sn\/wp-content\/uploads\/sites\/31\/2024\/09\/Logo_SVG.svg","width":148,"height":147,"caption":"Lesaffre"},"image":{"@id":"https:\/\/lesaffre-wa.com\/sn\/#\/schema\/logo\/image\/"}}]}},"lang":"fr","translations":{"fr":3768,"en":687},"pll_sync_post":[],"_links":{"self":[{"href":"https:\/\/lesaffre-wa.com\/sn\/wp-json\/wp\/v2\/pages\/3768","targetHints":{"allow":["GET"]}}],"collection":[{"href":"https:\/\/lesaffre-wa.com\/sn\/wp-json\/wp\/v2\/pages"}],"about":[{"href":"https:\/\/lesaffre-wa.com\/sn\/wp-json\/wp\/v2\/types\/page"}],"author":[{"embeddable":true,"href":"https:\/\/lesaffre-wa.com\/sn\/wp-json\/wp\/v2\/users\/1"}],"replies":[{"embeddable":true,"href":"https:\/\/lesaffre-wa.com\/sn\/wp-json\/wp\/v2\/comments?post=3768"}],"version-history":[{"count":18,"href":"https:\/\/lesaffre-wa.com\/sn\/wp-json\/wp\/v2\/pages\/3768\/revisions"}],"predecessor-version":[{"id":4935,"href":"https:\/\/lesaffre-wa.com\/sn\/wp-json\/wp\/v2\/pages\/3768\/revisions\/4935"}],"up":[{"embeddable":true,"href":"https:\/\/lesaffre-wa.com\/sn\/wp-json\/wp\/v2\/pages\/4722"}],"wp:featuredmedia":[{"embeddable":true,"href":"https:\/\/lesaffre-wa.com\/sn\/wp-json\/wp\/v2\/media\/1890"}],"wp:attachment":[{"href":"https:\/\/lesaffre-wa.com\/sn\/wp-json\/wp\/v2\/media?parent=3768"}],"curies":[{"name":"wp","href":"https:\/\/api.w.org\/{rel}","templated":true}]}}