{"id":4385,"date":"2025-11-13T16:52:46","date_gmt":"2025-11-13T15:52:46","guid":{"rendered":"https:\/\/lesaffre-wa.com\/sn\/?post_type=product&#038;p=4385"},"modified":"2026-03-06T11:56:17","modified_gmt":"2026-03-06T10:56:17","slug":"premix-donuts-15","status":"publish","type":"product","link":"https:\/\/lesaffre-wa.com\/sn\/nos-produits\/premix-donuts-15","title":{"rendered":"PREMIX DONUTS 15%"},"content":{"rendered":"","protected":false},"excerpt":{"rendered":"<p>Inventis\u00ae Premix Donuts 15% est une solution pr\u00eate \u00e0 l&#8217;emploi pour r\u00e9aliser des donuts moelleux et r\u00e9guliers, con\u00e7ue pour les professionnels recherchant rapidit\u00e9, simplicit\u00e9 et qualit\u00e9 constante dans leur production.<\/p>\n","protected":false},"featured_media":4382,"template":"","meta":{"_acf_changed":false},"product_brand":[],"product_cat":[571],"product_tag":[],"class_list":{"0":"post-4385","1":"product","2":"type-product","3":"status-publish","4":"has-post-thumbnail","6":"product_cat-mix-premix","8":"first","9":"instock","10":"shipping-taxable","11":"product-type-simple"},"acf":[],"yoast_head":"<!-- This site is optimized with the Yoast SEO plugin v27.0 - https:\/\/yoast.com\/product\/yoast-seo-wordpress\/ -->\n<title>PREMIX DONUTS 15% - Lesaffre WA - Senegal<\/title>\n<meta name=\"description\" content=\"Inventis\u00ae Premix Donuts 15% est une solution pr\u00eate \u00e0 l&#039;emploi pour r\u00e9aliser des donuts moelleux et r\u00e9guliers, con\u00e7ue pour les professionnels recherchant rapidit\u00e9, simplicit\u00e9 et qualit\u00e9 constante dans leur production.\" \/>\n<meta name=\"robots\" content=\"index, follow, max-snippet:-1, max-image-preview:large, max-video-preview:-1\" \/>\n<link rel=\"canonical\" href=\"https:\/\/lesaffre-wa.com\/sn\/nos-produits\/premix-donuts-15\" \/>\n<meta property=\"og:locale\" content=\"fr_FR\" \/>\n<meta property=\"og:type\" content=\"article\" \/>\n<meta property=\"og:title\" content=\"PREMIX DONUTS 15% - Lesaffre WA - Senegal\" \/>\n<meta property=\"og:description\" content=\"Inventis\u00ae Premix Donuts 15% est une solution pr\u00eate \u00e0 l&#039;emploi pour r\u00e9aliser des donuts moelleux et r\u00e9guliers, con\u00e7ue pour les professionnels recherchant rapidit\u00e9, simplicit\u00e9 et qualit\u00e9 constante dans leur production.\" \/>\n<meta property=\"og:url\" content=\"https:\/\/lesaffre-wa.com\/sn\/nos-produits\/premix-donuts-15\" \/>\n<meta property=\"og:site_name\" content=\"Lesaffre WA - Senegal\" \/>\n<meta property=\"article:modified_time\" content=\"2026-03-06T10:56:17+00:00\" \/>\n<meta property=\"og:image\" content=\"https:\/\/lesaffre-wa.com\/sn\/wp-content\/uploads\/sites\/31\/2025\/11\/Premix-Donuts.png\" \/>\n\t<meta property=\"og:image:width\" content=\"600\" \/>\n\t<meta property=\"og:image:height\" content=\"600\" \/>\n\t<meta property=\"og:image:type\" content=\"image\/png\" \/>\n<meta name=\"twitter:card\" content=\"summary_large_image\" \/>\n<meta name=\"twitter:label1\" content=\"Dur\u00e9e de lecture estim\u00e9e\" \/>\n\t<meta name=\"twitter:data1\" content=\"1 minute\" \/>\n<script type=\"application\/ld+json\" class=\"yoast-schema-graph\">{\"@context\":\"https:\/\/schema.org\",\"@graph\":[{\"@type\":\"WebPage\",\"@id\":\"https:\/\/lesaffre-wa.com\/sn\/nos-produits\/premix-donuts-15\",\"url\":\"https:\/\/lesaffre-wa.com\/sn\/nos-produits\/premix-donuts-15\",\"name\":\"PREMIX DONUTS 15% - Lesaffre WA - Senegal\",\"isPartOf\":{\"@id\":\"https:\/\/lesaffre-wa.com\/sn\/#website\"},\"primaryImageOfPage\":{\"@id\":\"https:\/\/lesaffre-wa.com\/sn\/nos-produits\/premix-donuts-15#primaryimage\"},\"image\":{\"@id\":\"https:\/\/lesaffre-wa.com\/sn\/nos-produits\/premix-donuts-15#primaryimage\"},\"thumbnailUrl\":\"https:\/\/lesaffre-wa.com\/sn\/wp-content\/uploads\/sites\/31\/2025\/11\/Premix-Donuts.png\",\"datePublished\":\"2025-11-13T15:52:46+00:00\",\"dateModified\":\"2026-03-06T10:56:17+00:00\",\"description\":\"Inventis\u00ae Premix Donuts 15% est une solution pr\u00eate \u00e0 l'emploi pour r\u00e9aliser des donuts moelleux et r\u00e9guliers, con\u00e7ue pour les professionnels recherchant rapidit\u00e9, simplicit\u00e9 et qualit\u00e9 constante dans leur production.\",\"breadcrumb\":{\"@id\":\"https:\/\/lesaffre-wa.com\/sn\/nos-produits\/premix-donuts-15#breadcrumb\"},\"inLanguage\":\"fr-FR\",\"potentialAction\":[{\"@type\":\"ReadAction\",\"target\":[\"https:\/\/lesaffre-wa.com\/sn\/nos-produits\/premix-donuts-15\"]}]},{\"@type\":\"ImageObject\",\"inLanguage\":\"fr-FR\",\"@id\":\"https:\/\/lesaffre-wa.com\/sn\/nos-produits\/premix-donuts-15#primaryimage\",\"url\":\"https:\/\/lesaffre-wa.com\/sn\/wp-content\/uploads\/sites\/31\/2025\/11\/Premix-Donuts.png\",\"contentUrl\":\"https:\/\/lesaffre-wa.com\/sn\/wp-content\/uploads\/sites\/31\/2025\/11\/Premix-Donuts.png\",\"width\":600,\"height\":600},{\"@type\":\"BreadcrumbList\",\"@id\":\"https:\/\/lesaffre-wa.com\/sn\/nos-produits\/premix-donuts-15#breadcrumb\",\"itemListElement\":[{\"@type\":\"ListItem\",\"position\":1,\"name\":\"Accueil\",\"item\":\"https:\/\/lesaffre-wa.com\/sn\/en\/homepage\"},{\"@type\":\"ListItem\",\"position\":2,\"name\":\"Nos produits\",\"item\":\"https:\/\/lesaffre-wa.com\/sn\/fr\/nos-produits\"},{\"@type\":\"ListItem\",\"position\":3,\"name\":\"PREMIX DONUTS 15%\"}]},{\"@type\":\"WebSite\",\"@id\":\"https:\/\/lesaffre-wa.com\/sn\/#website\",\"url\":\"https:\/\/lesaffre-wa.com\/sn\/\",\"name\":\"Lesaffre Meea\",\"description\":\"Senegal\",\"publisher\":{\"@id\":\"https:\/\/lesaffre-wa.com\/sn\/#organization\"},\"alternateName\":\"Lesaffre\",\"potentialAction\":[{\"@type\":\"SearchAction\",\"target\":{\"@type\":\"EntryPoint\",\"urlTemplate\":\"https:\/\/lesaffre-wa.com\/sn\/?s={search_term_string}\"},\"query-input\":{\"@type\":\"PropertyValueSpecification\",\"valueRequired\":true,\"valueName\":\"search_term_string\"}}],\"inLanguage\":\"fr-FR\"},{\"@type\":\"Organization\",\"@id\":\"https:\/\/lesaffre-wa.com\/sn\/#organization\",\"name\":\"Lesaffre\",\"url\":\"https:\/\/lesaffre-wa.com\/sn\/\",\"logo\":{\"@type\":\"ImageObject\",\"inLanguage\":\"fr-FR\",\"@id\":\"https:\/\/lesaffre-wa.com\/sn\/#\/schema\/logo\/image\/\",\"url\":\"https:\/\/lesaffre-wa.com\/sn\/wp-content\/uploads\/sites\/31\/2024\/09\/Logo_SVG.svg\",\"contentUrl\":\"https:\/\/lesaffre-wa.com\/sn\/wp-content\/uploads\/sites\/31\/2024\/09\/Logo_SVG.svg\",\"width\":148,\"height\":147,\"caption\":\"Lesaffre\"},\"image\":{\"@id\":\"https:\/\/lesaffre-wa.com\/sn\/#\/schema\/logo\/image\/\"}}]}<\/script>\n<!-- \/ Yoast SEO plugin. -->","yoast_head_json":{"title":"PREMIX DONUTS 15% - Lesaffre WA - Senegal","description":"Inventis\u00ae Premix Donuts 15% est une solution pr\u00eate \u00e0 l'emploi pour r\u00e9aliser des donuts moelleux et r\u00e9guliers, con\u00e7ue pour les professionnels recherchant rapidit\u00e9, simplicit\u00e9 et qualit\u00e9 constante dans leur production.","robots":{"index":"index","follow":"follow","max-snippet":"max-snippet:-1","max-image-preview":"max-image-preview:large","max-video-preview":"max-video-preview:-1"},"canonical":"https:\/\/lesaffre-wa.com\/sn\/nos-produits\/premix-donuts-15","og_locale":"fr_FR","og_type":"article","og_title":"PREMIX DONUTS 15% - Lesaffre WA - Senegal","og_description":"Inventis\u00ae Premix Donuts 15% est une solution pr\u00eate \u00e0 l'emploi pour r\u00e9aliser des donuts moelleux et r\u00e9guliers, con\u00e7ue pour les professionnels recherchant rapidit\u00e9, simplicit\u00e9 et qualit\u00e9 constante dans leur production.","og_url":"https:\/\/lesaffre-wa.com\/sn\/nos-produits\/premix-donuts-15","og_site_name":"Lesaffre WA - Senegal","article_modified_time":"2026-03-06T10:56:17+00:00","og_image":[{"width":600,"height":600,"url":"https:\/\/lesaffre-wa.com\/sn\/wp-content\/uploads\/sites\/31\/2025\/11\/Premix-Donuts.png","type":"image\/png"}],"twitter_card":"summary_large_image","twitter_misc":{"Dur\u00e9e de lecture estim\u00e9e":"1 minute"},"schema":{"@context":"https:\/\/schema.org","@graph":[{"@type":"WebPage","@id":"https:\/\/lesaffre-wa.com\/sn\/nos-produits\/premix-donuts-15","url":"https:\/\/lesaffre-wa.com\/sn\/nos-produits\/premix-donuts-15","name":"PREMIX DONUTS 15% - Lesaffre WA - Senegal","isPartOf":{"@id":"https:\/\/lesaffre-wa.com\/sn\/#website"},"primaryImageOfPage":{"@id":"https:\/\/lesaffre-wa.com\/sn\/nos-produits\/premix-donuts-15#primaryimage"},"image":{"@id":"https:\/\/lesaffre-wa.com\/sn\/nos-produits\/premix-donuts-15#primaryimage"},"thumbnailUrl":"https:\/\/lesaffre-wa.com\/sn\/wp-content\/uploads\/sites\/31\/2025\/11\/Premix-Donuts.png","datePublished":"2025-11-13T15:52:46+00:00","dateModified":"2026-03-06T10:56:17+00:00","description":"Inventis\u00ae Premix Donuts 15% est une solution pr\u00eate \u00e0 l'emploi pour r\u00e9aliser des donuts moelleux et r\u00e9guliers, con\u00e7ue pour les professionnels recherchant rapidit\u00e9, simplicit\u00e9 et qualit\u00e9 constante dans leur production.","breadcrumb":{"@id":"https:\/\/lesaffre-wa.com\/sn\/nos-produits\/premix-donuts-15#breadcrumb"},"inLanguage":"fr-FR","potentialAction":[{"@type":"ReadAction","target":["https:\/\/lesaffre-wa.com\/sn\/nos-produits\/premix-donuts-15"]}]},{"@type":"ImageObject","inLanguage":"fr-FR","@id":"https:\/\/lesaffre-wa.com\/sn\/nos-produits\/premix-donuts-15#primaryimage","url":"https:\/\/lesaffre-wa.com\/sn\/wp-content\/uploads\/sites\/31\/2025\/11\/Premix-Donuts.png","contentUrl":"https:\/\/lesaffre-wa.com\/sn\/wp-content\/uploads\/sites\/31\/2025\/11\/Premix-Donuts.png","width":600,"height":600},{"@type":"BreadcrumbList","@id":"https:\/\/lesaffre-wa.com\/sn\/nos-produits\/premix-donuts-15#breadcrumb","itemListElement":[{"@type":"ListItem","position":1,"name":"Accueil","item":"https:\/\/lesaffre-wa.com\/sn\/en\/homepage"},{"@type":"ListItem","position":2,"name":"Nos produits","item":"https:\/\/lesaffre-wa.com\/sn\/fr\/nos-produits"},{"@type":"ListItem","position":3,"name":"PREMIX DONUTS 15%"}]},{"@type":"WebSite","@id":"https:\/\/lesaffre-wa.com\/sn\/#website","url":"https:\/\/lesaffre-wa.com\/sn\/","name":"Lesaffre Meea","description":"Senegal","publisher":{"@id":"https:\/\/lesaffre-wa.com\/sn\/#organization"},"alternateName":"Lesaffre","potentialAction":[{"@type":"SearchAction","target":{"@type":"EntryPoint","urlTemplate":"https:\/\/lesaffre-wa.com\/sn\/?s={search_term_string}"},"query-input":{"@type":"PropertyValueSpecification","valueRequired":true,"valueName":"search_term_string"}}],"inLanguage":"fr-FR"},{"@type":"Organization","@id":"https:\/\/lesaffre-wa.com\/sn\/#organization","name":"Lesaffre","url":"https:\/\/lesaffre-wa.com\/sn\/","logo":{"@type":"ImageObject","inLanguage":"fr-FR","@id":"https:\/\/lesaffre-wa.com\/sn\/#\/schema\/logo\/image\/","url":"https:\/\/lesaffre-wa.com\/sn\/wp-content\/uploads\/sites\/31\/2024\/09\/Logo_SVG.svg","contentUrl":"https:\/\/lesaffre-wa.com\/sn\/wp-content\/uploads\/sites\/31\/2024\/09\/Logo_SVG.svg","width":148,"height":147,"caption":"Lesaffre"},"image":{"@id":"https:\/\/lesaffre-wa.com\/sn\/#\/schema\/logo\/image\/"}}]}},"lang":"fr","translations":{"fr":4385,"en":4381},"pll_sync_post":[],"_links":{"self":[{"href":"https:\/\/lesaffre-wa.com\/sn\/wp-json\/wp\/v2\/product\/4385","targetHints":{"allow":["GET"]}}],"collection":[{"href":"https:\/\/lesaffre-wa.com\/sn\/wp-json\/wp\/v2\/product"}],"about":[{"href":"https:\/\/lesaffre-wa.com\/sn\/wp-json\/wp\/v2\/types\/product"}],"wp:featuredmedia":[{"embeddable":true,"href":"https:\/\/lesaffre-wa.com\/sn\/wp-json\/wp\/v2\/media\/4382"}],"wp:attachment":[{"href":"https:\/\/lesaffre-wa.com\/sn\/wp-json\/wp\/v2\/media?parent=4385"}],"wp:term":[{"taxonomy":"product_brand","embeddable":true,"href":"https:\/\/lesaffre-wa.com\/sn\/wp-json\/wp\/v2\/product_brand?post=4385"},{"taxonomy":"product_cat","embeddable":true,"href":"https:\/\/lesaffre-wa.com\/sn\/wp-json\/wp\/v2\/product_cat?post=4385"},{"taxonomy":"product_tag","embeddable":true,"href":"https:\/\/lesaffre-wa.com\/sn\/wp-json\/wp\/v2\/product_tag?post=4385"}],"curies":[{"name":"wp","href":"https:\/\/api.w.org\/{rel}","templated":true}]}}