{"id":11,"date":"2024-09-10T09:05:28","date_gmt":"2024-09-10T08:05:28","guid":{"rendered":"https:\/\/lesaffre-wa.com\/st\/?page_id=11"},"modified":"2025-12-01T18:02:03","modified_gmt":"2025-12-01T17:02:03","slug":"diagnosis","status":"publish","type":"page","link":"https:\/\/lesaffre-wa.com\/st\/en\/diagnosis","title":{"rendered":"Diagnosis"},"content":{"rendered":"\n<h1 class=\"wp-block-heading\">\ud83d\udec8 Page avec mod\u00e8le (template) personnalis\u00e9. <br>Le contenu ins\u00e9r\u00e9 ici ne sera pas affich\u00e9 en front<\/h1>\n\n\n\n<p><\/p>\n","protected":false},"excerpt":{"rendered":"<p>\ud83d\udec8 Page avec mod\u00e8le (template) personnalis\u00e9. Le contenu ins\u00e9r\u00e9 ici ne sera pas affich\u00e9 en front<\/p>\n","protected":false},"author":1,"featured_media":0,"parent":0,"menu_order":0,"comment_status":"closed","ping_status":"closed","template":"templates\/diagnostic.php","meta":{"_acf_changed":false,"footnotes":""},"class_list":["post-11","page","type-page","status-publish","hentry"],"acf":[],"yoast_head":"<!-- This site is optimized with the Yoast SEO plugin v27.0 - https:\/\/yoast.com\/product\/yoast-seo-wordpress\/ -->\n<title>Diagnosis - Lesaffre WA - Sao tom\u00e9-et-principe<\/title>\n<meta name=\"description\" content=\"\ud83d\udec8 Page avec mod\u00e8le (template) personnalis\u00e9. Le contenu ins\u00e9r\u00e9 ici ne sera pas affich\u00e9 en front\" \/>\n<meta name=\"robots\" content=\"index, follow, max-snippet:-1, max-image-preview:large, max-video-preview:-1\" \/>\n<link rel=\"canonical\" href=\"https:\/\/lesaffre-wa.com\/st\/en\/diagnosis\" \/>\n<meta property=\"og:locale\" content=\"fr_FR\" \/>\n<meta property=\"og:type\" content=\"article\" \/>\n<meta property=\"og:title\" content=\"Diagnosis - Lesaffre WA - Sao tom\u00e9-et-principe\" \/>\n<meta property=\"og:description\" content=\"\ud83d\udec8 Page avec mod\u00e8le (template) personnalis\u00e9. Le contenu ins\u00e9r\u00e9 ici ne sera pas affich\u00e9 en front\" \/>\n<meta property=\"og:url\" content=\"https:\/\/lesaffre-wa.com\/st\/en\/diagnosis\" \/>\n<meta property=\"og:site_name\" content=\"Lesaffre WA - Sao tom\u00e9-et-principe\" \/>\n<meta property=\"article:modified_time\" content=\"2025-12-01T17:02:03+00:00\" \/>\n<meta name=\"twitter:card\" content=\"summary_large_image\" \/>\n<meta name=\"twitter:label1\" content=\"Dur\u00e9e de lecture estim\u00e9e\" \/>\n\t<meta name=\"twitter:data1\" content=\"1 minute\" \/>\n<script type=\"application\/ld+json\" class=\"yoast-schema-graph\">{\"@context\":\"https:\/\/schema.org\",\"@graph\":[{\"@type\":\"WebPage\",\"@id\":\"https:\/\/lesaffre-wa.com\/st\/en\/diagnosis\",\"url\":\"https:\/\/lesaffre-wa.com\/st\/en\/diagnosis\",\"name\":\"Diagnosis - Lesaffre WA - Sao tom\u00e9-et-principe\",\"isPartOf\":{\"@id\":\"https:\/\/lesaffre-wa.com\/st\/#website\"},\"datePublished\":\"2024-09-10T08:05:28+00:00\",\"dateModified\":\"2025-12-01T17:02:03+00:00\",\"description\":\"\ud83d\udec8 Page avec mod\u00e8le (template) personnalis\u00e9. Le contenu ins\u00e9r\u00e9 ici ne sera pas affich\u00e9 en front\",\"breadcrumb\":{\"@id\":\"https:\/\/lesaffre-wa.com\/st\/en\/diagnosis#breadcrumb\"},\"inLanguage\":\"fr-FR\",\"potentialAction\":[{\"@type\":\"ReadAction\",\"target\":[\"https:\/\/lesaffre-wa.com\/st\/en\/diagnosis\"]}]},{\"@type\":\"BreadcrumbList\",\"@id\":\"https:\/\/lesaffre-wa.com\/st\/en\/diagnosis#breadcrumb\",\"itemListElement\":[{\"@type\":\"ListItem\",\"position\":1,\"name\":\"Accueil\",\"item\":\"https:\/\/lesaffre-wa.com\/st\/en\/homepage\"},{\"@type\":\"ListItem\",\"position\":2,\"name\":\"Diagnosis\"}]},{\"@type\":\"WebSite\",\"@id\":\"https:\/\/lesaffre-wa.com\/st\/#website\",\"url\":\"https:\/\/lesaffre-wa.com\/st\/\",\"name\":\"Lesaffre Meea\",\"description\":\"Sao tom\u00e9-et-principe\",\"publisher\":{\"@id\":\"https:\/\/lesaffre-wa.com\/st\/#organization\"},\"alternateName\":\"Lesaffre\",\"potentialAction\":[{\"@type\":\"SearchAction\",\"target\":{\"@type\":\"EntryPoint\",\"urlTemplate\":\"https:\/\/lesaffre-wa.com\/st\/?s={search_term_string}\"},\"query-input\":{\"@type\":\"PropertyValueSpecification\",\"valueRequired\":true,\"valueName\":\"search_term_string\"}}],\"inLanguage\":\"fr-FR\"},{\"@type\":\"Organization\",\"@id\":\"https:\/\/lesaffre-wa.com\/st\/#organization\",\"name\":\"Lesaffre\",\"url\":\"https:\/\/lesaffre-wa.com\/st\/\",\"logo\":{\"@type\":\"ImageObject\",\"inLanguage\":\"fr-FR\",\"@id\":\"https:\/\/lesaffre-wa.com\/st\/#\/schema\/logo\/image\/\",\"url\":\"https:\/\/lesaffre-wa.com\/st\/wp-content\/uploads\/sites\/51\/2024\/09\/Logo_SVG.svg\",\"contentUrl\":\"https:\/\/lesaffre-wa.com\/st\/wp-content\/uploads\/sites\/51\/2024\/09\/Logo_SVG.svg\",\"width\":148,\"height\":147,\"caption\":\"Lesaffre\"},\"image\":{\"@id\":\"https:\/\/lesaffre-wa.com\/st\/#\/schema\/logo\/image\/\"}}]}<\/script>\n<!-- \/ Yoast SEO plugin. -->","yoast_head_json":{"title":"Diagnosis - Lesaffre WA - Sao tom\u00e9-et-principe","description":"\ud83d\udec8 Page avec mod\u00e8le (template) personnalis\u00e9. Le contenu ins\u00e9r\u00e9 ici ne sera pas affich\u00e9 en front","robots":{"index":"index","follow":"follow","max-snippet":"max-snippet:-1","max-image-preview":"max-image-preview:large","max-video-preview":"max-video-preview:-1"},"canonical":"https:\/\/lesaffre-wa.com\/st\/en\/diagnosis","og_locale":"fr_FR","og_type":"article","og_title":"Diagnosis - Lesaffre WA - Sao tom\u00e9-et-principe","og_description":"\ud83d\udec8 Page avec mod\u00e8le (template) personnalis\u00e9. Le contenu ins\u00e9r\u00e9 ici ne sera pas affich\u00e9 en front","og_url":"https:\/\/lesaffre-wa.com\/st\/en\/diagnosis","og_site_name":"Lesaffre WA - Sao tom\u00e9-et-principe","article_modified_time":"2025-12-01T17:02:03+00:00","twitter_card":"summary_large_image","twitter_misc":{"Dur\u00e9e de lecture estim\u00e9e":"1 minute"},"schema":{"@context":"https:\/\/schema.org","@graph":[{"@type":"WebPage","@id":"https:\/\/lesaffre-wa.com\/st\/en\/diagnosis","url":"https:\/\/lesaffre-wa.com\/st\/en\/diagnosis","name":"Diagnosis - Lesaffre WA - Sao tom\u00e9-et-principe","isPartOf":{"@id":"https:\/\/lesaffre-wa.com\/st\/#website"},"datePublished":"2024-09-10T08:05:28+00:00","dateModified":"2025-12-01T17:02:03+00:00","description":"\ud83d\udec8 Page avec mod\u00e8le (template) personnalis\u00e9. Le contenu ins\u00e9r\u00e9 ici ne sera pas affich\u00e9 en front","breadcrumb":{"@id":"https:\/\/lesaffre-wa.com\/st\/en\/diagnosis#breadcrumb"},"inLanguage":"fr-FR","potentialAction":[{"@type":"ReadAction","target":["https:\/\/lesaffre-wa.com\/st\/en\/diagnosis"]}]},{"@type":"BreadcrumbList","@id":"https:\/\/lesaffre-wa.com\/st\/en\/diagnosis#breadcrumb","itemListElement":[{"@type":"ListItem","position":1,"name":"Accueil","item":"https:\/\/lesaffre-wa.com\/st\/en\/homepage"},{"@type":"ListItem","position":2,"name":"Diagnosis"}]},{"@type":"WebSite","@id":"https:\/\/lesaffre-wa.com\/st\/#website","url":"https:\/\/lesaffre-wa.com\/st\/","name":"Lesaffre Meea","description":"Sao tom\u00e9-et-principe","publisher":{"@id":"https:\/\/lesaffre-wa.com\/st\/#organization"},"alternateName":"Lesaffre","potentialAction":[{"@type":"SearchAction","target":{"@type":"EntryPoint","urlTemplate":"https:\/\/lesaffre-wa.com\/st\/?s={search_term_string}"},"query-input":{"@type":"PropertyValueSpecification","valueRequired":true,"valueName":"search_term_string"}}],"inLanguage":"fr-FR"},{"@type":"Organization","@id":"https:\/\/lesaffre-wa.com\/st\/#organization","name":"Lesaffre","url":"https:\/\/lesaffre-wa.com\/st\/","logo":{"@type":"ImageObject","inLanguage":"fr-FR","@id":"https:\/\/lesaffre-wa.com\/st\/#\/schema\/logo\/image\/","url":"https:\/\/lesaffre-wa.com\/st\/wp-content\/uploads\/sites\/51\/2024\/09\/Logo_SVG.svg","contentUrl":"https:\/\/lesaffre-wa.com\/st\/wp-content\/uploads\/sites\/51\/2024\/09\/Logo_SVG.svg","width":148,"height":147,"caption":"Lesaffre"},"image":{"@id":"https:\/\/lesaffre-wa.com\/st\/#\/schema\/logo\/image\/"}}]}},"lang":"en","translations":{"en":11,"fr":3759},"pll_sync_post":[],"_links":{"self":[{"href":"https:\/\/lesaffre-wa.com\/st\/wp-json\/wp\/v2\/pages\/11","targetHints":{"allow":["GET"]}}],"collection":[{"href":"https:\/\/lesaffre-wa.com\/st\/wp-json\/wp\/v2\/pages"}],"about":[{"href":"https:\/\/lesaffre-wa.com\/st\/wp-json\/wp\/v2\/types\/page"}],"author":[{"embeddable":true,"href":"https:\/\/lesaffre-wa.com\/st\/wp-json\/wp\/v2\/users\/1"}],"replies":[{"embeddable":true,"href":"https:\/\/lesaffre-wa.com\/st\/wp-json\/wp\/v2\/comments?post=11"}],"version-history":[{"count":1,"href":"https:\/\/lesaffre-wa.com\/st\/wp-json\/wp\/v2\/pages\/11\/revisions"}],"predecessor-version":[{"id":4763,"href":"https:\/\/lesaffre-wa.com\/st\/wp-json\/wp\/v2\/pages\/11\/revisions\/4763"}],"wp:attachment":[{"href":"https:\/\/lesaffre-wa.com\/st\/wp-json\/wp\/v2\/media?parent=11"}],"curies":[{"name":"wp","href":"https:\/\/api.w.org\/{rel}","templated":true}]}}