{"id":4420,"date":"2025-11-17T14:04:54","date_gmt":"2025-11-17T13:04:54","guid":{"rendered":"https:\/\/lesaffre-wa.com\/st\/?post_type=product&#038;p=4420"},"modified":"2026-03-06T11:56:01","modified_gmt":"2026-03-06T10:56:01","slug":"inventis-bake-shine","status":"publish","type":"product","link":"https:\/\/lesaffre-wa.com\/st\/nos-produits\/inventis-bake-shine","title":{"rendered":"Inventis\u00ae Bake Shine"},"content":{"rendered":"","protected":false},"excerpt":{"rendered":"<p>Inventis\u00ae Bake Shine est un substitut de dorure aux \u0153ufs pour les produits de boulangerie. Il est sp\u00e9cialement con\u00e7u pour les industriels qui ne souhaitent pas utiliser d&rsquo;\u0153uf dans cette production.<\/p>\n","protected":false},"featured_media":2864,"template":"","meta":{"_acf_changed":false},"product_brand":[],"product_cat":[571],"product_tag":[],"class_list":{"0":"post-4420","1":"product","2":"type-product","3":"status-publish","4":"has-post-thumbnail","6":"product_cat-mix-premix","8":"first","9":"instock","10":"shipping-taxable","11":"product-type-simple"},"acf":[],"yoast_head":"<!-- This site is optimized with the Yoast SEO plugin v27.0 - https:\/\/yoast.com\/product\/yoast-seo-wordpress\/ -->\n<title>Inventis\u00ae Bake Shine - Lesaffre WA - Sao tom\u00e9-et-principe<\/title>\n<meta name=\"description\" content=\"Inventis\u00ae Bake Shine est un substitut de dorure aux \u0153ufs pour les produits de boulangerie. Il est sp\u00e9cialement con\u00e7u pour les industriels qui ne souhaitent pas utiliser d&#039;\u0153uf dans cette production.\" \/>\n<meta name=\"robots\" content=\"index, follow, max-snippet:-1, max-image-preview:large, max-video-preview:-1\" \/>\n<link rel=\"canonical\" href=\"https:\/\/lesaffre-wa.com\/st\/nos-produits\/inventis-bake-shine\" \/>\n<meta property=\"og:locale\" content=\"fr_FR\" \/>\n<meta property=\"og:type\" content=\"article\" \/>\n<meta property=\"og:title\" content=\"Inventis\u00ae Bake Shine - Lesaffre WA - Sao tom\u00e9-et-principe\" \/>\n<meta property=\"og:description\" content=\"Inventis\u00ae Bake Shine est un substitut de dorure aux \u0153ufs pour les produits de boulangerie. Il est sp\u00e9cialement con\u00e7u pour les industriels qui ne souhaitent pas utiliser d&#039;\u0153uf dans cette production.\" \/>\n<meta property=\"og:url\" content=\"https:\/\/lesaffre-wa.com\/st\/nos-produits\/inventis-bake-shine\" \/>\n<meta property=\"og:site_name\" content=\"Lesaffre WA - Sao tom\u00e9-et-principe\" \/>\n<meta property=\"article:modified_time\" content=\"2026-03-06T10:56:01+00:00\" \/>\n<meta property=\"og:image\" content=\"https:\/\/lesaffre-wa.com\/st\/wp-content\/uploads\/sites\/51\/2025\/05\/Inventis-Bake-Shine-1-1.png\" \/>\n\t<meta property=\"og:image:width\" content=\"600\" \/>\n\t<meta property=\"og:image:height\" content=\"600\" \/>\n\t<meta property=\"og:image:type\" content=\"image\/png\" \/>\n<meta name=\"twitter:card\" content=\"summary_large_image\" \/>\n<meta name=\"twitter:label1\" content=\"Dur\u00e9e de lecture estim\u00e9e\" \/>\n\t<meta name=\"twitter:data1\" content=\"1 minute\" \/>\n<script type=\"application\/ld+json\" class=\"yoast-schema-graph\">{\"@context\":\"https:\/\/schema.org\",\"@graph\":[{\"@type\":\"WebPage\",\"@id\":\"https:\/\/lesaffre-wa.com\/st\/nos-produits\/inventis-bake-shine\",\"url\":\"https:\/\/lesaffre-wa.com\/st\/nos-produits\/inventis-bake-shine\",\"name\":\"Inventis\u00ae Bake Shine - Lesaffre WA - Sao tom\u00e9-et-principe\",\"isPartOf\":{\"@id\":\"https:\/\/lesaffre-wa.com\/st\/#website\"},\"primaryImageOfPage\":{\"@id\":\"https:\/\/lesaffre-wa.com\/st\/nos-produits\/inventis-bake-shine#primaryimage\"},\"image\":{\"@id\":\"https:\/\/lesaffre-wa.com\/st\/nos-produits\/inventis-bake-shine#primaryimage\"},\"thumbnailUrl\":\"https:\/\/lesaffre-wa.com\/st\/wp-content\/uploads\/sites\/51\/2025\/05\/Inventis-Bake-Shine-1-1.png\",\"datePublished\":\"2025-11-17T13:04:54+00:00\",\"dateModified\":\"2026-03-06T10:56:01+00:00\",\"description\":\"Inventis\u00ae Bake Shine est un substitut de dorure aux \u0153ufs pour les produits de boulangerie. Il est sp\u00e9cialement con\u00e7u pour les industriels qui ne souhaitent pas utiliser d'\u0153uf dans cette production.\",\"breadcrumb\":{\"@id\":\"https:\/\/lesaffre-wa.com\/st\/nos-produits\/inventis-bake-shine#breadcrumb\"},\"inLanguage\":\"fr-FR\",\"potentialAction\":[{\"@type\":\"ReadAction\",\"target\":[\"https:\/\/lesaffre-wa.com\/st\/nos-produits\/inventis-bake-shine\"]}]},{\"@type\":\"ImageObject\",\"inLanguage\":\"fr-FR\",\"@id\":\"https:\/\/lesaffre-wa.com\/st\/nos-produits\/inventis-bake-shine#primaryimage\",\"url\":\"https:\/\/lesaffre-wa.com\/st\/wp-content\/uploads\/sites\/51\/2025\/05\/Inventis-Bake-Shine-1-1.png\",\"contentUrl\":\"https:\/\/lesaffre-wa.com\/st\/wp-content\/uploads\/sites\/51\/2025\/05\/Inventis-Bake-Shine-1-1.png\",\"width\":600,\"height\":600},{\"@type\":\"BreadcrumbList\",\"@id\":\"https:\/\/lesaffre-wa.com\/st\/nos-produits\/inventis-bake-shine#breadcrumb\",\"itemListElement\":[{\"@type\":\"ListItem\",\"position\":1,\"name\":\"Accueil\",\"item\":\"https:\/\/lesaffre-wa.com\/st\/en\/homepage\"},{\"@type\":\"ListItem\",\"position\":2,\"name\":\"Nos produits\",\"item\":\"https:\/\/lesaffre-wa.com\/st\/fr\/nos-produits\"},{\"@type\":\"ListItem\",\"position\":3,\"name\":\"Inventis\u00ae Bake Shine\"}]},{\"@type\":\"WebSite\",\"@id\":\"https:\/\/lesaffre-wa.com\/st\/#website\",\"url\":\"https:\/\/lesaffre-wa.com\/st\/\",\"name\":\"Lesaffre Meea\",\"description\":\"Sao tom\u00e9-et-principe\",\"publisher\":{\"@id\":\"https:\/\/lesaffre-wa.com\/st\/#organization\"},\"alternateName\":\"Lesaffre\",\"potentialAction\":[{\"@type\":\"SearchAction\",\"target\":{\"@type\":\"EntryPoint\",\"urlTemplate\":\"https:\/\/lesaffre-wa.com\/st\/?s={search_term_string}\"},\"query-input\":{\"@type\":\"PropertyValueSpecification\",\"valueRequired\":true,\"valueName\":\"search_term_string\"}}],\"inLanguage\":\"fr-FR\"},{\"@type\":\"Organization\",\"@id\":\"https:\/\/lesaffre-wa.com\/st\/#organization\",\"name\":\"Lesaffre\",\"url\":\"https:\/\/lesaffre-wa.com\/st\/\",\"logo\":{\"@type\":\"ImageObject\",\"inLanguage\":\"fr-FR\",\"@id\":\"https:\/\/lesaffre-wa.com\/st\/#\/schema\/logo\/image\/\",\"url\":\"https:\/\/lesaffre-wa.com\/st\/wp-content\/uploads\/sites\/51\/2024\/09\/Logo_SVG.svg\",\"contentUrl\":\"https:\/\/lesaffre-wa.com\/st\/wp-content\/uploads\/sites\/51\/2024\/09\/Logo_SVG.svg\",\"width\":148,\"height\":147,\"caption\":\"Lesaffre\"},\"image\":{\"@id\":\"https:\/\/lesaffre-wa.com\/st\/#\/schema\/logo\/image\/\"}}]}<\/script>\n<!-- \/ Yoast SEO plugin. -->","yoast_head_json":{"title":"Inventis\u00ae Bake Shine - Lesaffre WA - Sao tom\u00e9-et-principe","description":"Inventis\u00ae Bake Shine est un substitut de dorure aux \u0153ufs pour les produits de boulangerie. Il est sp\u00e9cialement con\u00e7u pour les industriels qui ne souhaitent pas utiliser d'\u0153uf dans cette production.","robots":{"index":"index","follow":"follow","max-snippet":"max-snippet:-1","max-image-preview":"max-image-preview:large","max-video-preview":"max-video-preview:-1"},"canonical":"https:\/\/lesaffre-wa.com\/st\/nos-produits\/inventis-bake-shine","og_locale":"fr_FR","og_type":"article","og_title":"Inventis\u00ae Bake Shine - Lesaffre WA - Sao tom\u00e9-et-principe","og_description":"Inventis\u00ae Bake Shine est un substitut de dorure aux \u0153ufs pour les produits de boulangerie. Il est sp\u00e9cialement con\u00e7u pour les industriels qui ne souhaitent pas utiliser d'\u0153uf dans cette production.","og_url":"https:\/\/lesaffre-wa.com\/st\/nos-produits\/inventis-bake-shine","og_site_name":"Lesaffre WA - Sao tom\u00e9-et-principe","article_modified_time":"2026-03-06T10:56:01+00:00","og_image":[{"width":600,"height":600,"url":"https:\/\/lesaffre-wa.com\/st\/wp-content\/uploads\/sites\/51\/2025\/05\/Inventis-Bake-Shine-1-1.png","type":"image\/png"}],"twitter_card":"summary_large_image","twitter_misc":{"Dur\u00e9e de lecture estim\u00e9e":"1 minute"},"schema":{"@context":"https:\/\/schema.org","@graph":[{"@type":"WebPage","@id":"https:\/\/lesaffre-wa.com\/st\/nos-produits\/inventis-bake-shine","url":"https:\/\/lesaffre-wa.com\/st\/nos-produits\/inventis-bake-shine","name":"Inventis\u00ae Bake Shine - Lesaffre WA - Sao tom\u00e9-et-principe","isPartOf":{"@id":"https:\/\/lesaffre-wa.com\/st\/#website"},"primaryImageOfPage":{"@id":"https:\/\/lesaffre-wa.com\/st\/nos-produits\/inventis-bake-shine#primaryimage"},"image":{"@id":"https:\/\/lesaffre-wa.com\/st\/nos-produits\/inventis-bake-shine#primaryimage"},"thumbnailUrl":"https:\/\/lesaffre-wa.com\/st\/wp-content\/uploads\/sites\/51\/2025\/05\/Inventis-Bake-Shine-1-1.png","datePublished":"2025-11-17T13:04:54+00:00","dateModified":"2026-03-06T10:56:01+00:00","description":"Inventis\u00ae Bake Shine est un substitut de dorure aux \u0153ufs pour les produits de boulangerie. Il est sp\u00e9cialement con\u00e7u pour les industriels qui ne souhaitent pas utiliser d'\u0153uf dans cette production.","breadcrumb":{"@id":"https:\/\/lesaffre-wa.com\/st\/nos-produits\/inventis-bake-shine#breadcrumb"},"inLanguage":"fr-FR","potentialAction":[{"@type":"ReadAction","target":["https:\/\/lesaffre-wa.com\/st\/nos-produits\/inventis-bake-shine"]}]},{"@type":"ImageObject","inLanguage":"fr-FR","@id":"https:\/\/lesaffre-wa.com\/st\/nos-produits\/inventis-bake-shine#primaryimage","url":"https:\/\/lesaffre-wa.com\/st\/wp-content\/uploads\/sites\/51\/2025\/05\/Inventis-Bake-Shine-1-1.png","contentUrl":"https:\/\/lesaffre-wa.com\/st\/wp-content\/uploads\/sites\/51\/2025\/05\/Inventis-Bake-Shine-1-1.png","width":600,"height":600},{"@type":"BreadcrumbList","@id":"https:\/\/lesaffre-wa.com\/st\/nos-produits\/inventis-bake-shine#breadcrumb","itemListElement":[{"@type":"ListItem","position":1,"name":"Accueil","item":"https:\/\/lesaffre-wa.com\/st\/en\/homepage"},{"@type":"ListItem","position":2,"name":"Nos produits","item":"https:\/\/lesaffre-wa.com\/st\/fr\/nos-produits"},{"@type":"ListItem","position":3,"name":"Inventis\u00ae Bake Shine"}]},{"@type":"WebSite","@id":"https:\/\/lesaffre-wa.com\/st\/#website","url":"https:\/\/lesaffre-wa.com\/st\/","name":"Lesaffre Meea","description":"Sao tom\u00e9-et-principe","publisher":{"@id":"https:\/\/lesaffre-wa.com\/st\/#organization"},"alternateName":"Lesaffre","potentialAction":[{"@type":"SearchAction","target":{"@type":"EntryPoint","urlTemplate":"https:\/\/lesaffre-wa.com\/st\/?s={search_term_string}"},"query-input":{"@type":"PropertyValueSpecification","valueRequired":true,"valueName":"search_term_string"}}],"inLanguage":"fr-FR"},{"@type":"Organization","@id":"https:\/\/lesaffre-wa.com\/st\/#organization","name":"Lesaffre","url":"https:\/\/lesaffre-wa.com\/st\/","logo":{"@type":"ImageObject","inLanguage":"fr-FR","@id":"https:\/\/lesaffre-wa.com\/st\/#\/schema\/logo\/image\/","url":"https:\/\/lesaffre-wa.com\/st\/wp-content\/uploads\/sites\/51\/2024\/09\/Logo_SVG.svg","contentUrl":"https:\/\/lesaffre-wa.com\/st\/wp-content\/uploads\/sites\/51\/2024\/09\/Logo_SVG.svg","width":148,"height":147,"caption":"Lesaffre"},"image":{"@id":"https:\/\/lesaffre-wa.com\/st\/#\/schema\/logo\/image\/"}}]}},"lang":"fr","translations":{"fr":4420,"en":1965},"pll_sync_post":[],"_links":{"self":[{"href":"https:\/\/lesaffre-wa.com\/st\/wp-json\/wp\/v2\/product\/4420","targetHints":{"allow":["GET"]}}],"collection":[{"href":"https:\/\/lesaffre-wa.com\/st\/wp-json\/wp\/v2\/product"}],"about":[{"href":"https:\/\/lesaffre-wa.com\/st\/wp-json\/wp\/v2\/types\/product"}],"wp:featuredmedia":[{"embeddable":true,"href":"https:\/\/lesaffre-wa.com\/st\/wp-json\/wp\/v2\/media\/2864"}],"wp:attachment":[{"href":"https:\/\/lesaffre-wa.com\/st\/wp-json\/wp\/v2\/media?parent=4420"}],"wp:term":[{"taxonomy":"product_brand","embeddable":true,"href":"https:\/\/lesaffre-wa.com\/st\/wp-json\/wp\/v2\/product_brand?post=4420"},{"taxonomy":"product_cat","embeddable":true,"href":"https:\/\/lesaffre-wa.com\/st\/wp-json\/wp\/v2\/product_cat?post=4420"},{"taxonomy":"product_tag","embeddable":true,"href":"https:\/\/lesaffre-wa.com\/st\/wp-json\/wp\/v2\/product_tag?post=4420"}],"curies":[{"name":"wp","href":"https:\/\/api.w.org\/{rel}","templated":true}]}}